{"id":15793,"date":"2025-05-27T11:30:43","date_gmt":"2025-05-27T09:30:43","guid":{"rendered":"https:\/\/www.vsmaria.it\/?page_id=15793"},"modified":"2025-05-27T11:30:43","modified_gmt":"2025-05-27T09:30:43","slug":"dienstleistungen-2","status":"publish","type":"page","link":"https:\/\/www.vsmaria.it\/de\/dienstleistungen-2\/","title":{"rendered":"Dienstleistungen"},"content":{"rendered":"\t\t<div data-elementor-type=\"wp-page\" data-elementor-id=\"15793\" class=\"elementor elementor-15793 elementor-15792\" data-elementor-post-type=\"page\">\n\t\t\t\t<div class=\"elementor-element elementor-element-0429b0f e-con-full e-flex e-con e-parent\" data-id=\"0429b0f\" data-element_type=\"container\" data-e-type=\"container\">\n\t\t\t\t<div class=\"elementor-element elementor-element-1f4307c elementor-widget elementor-widget-carsten_core_image_gallery\" data-id=\"1f4307c\" data-element_type=\"widget\" data-e-type=\"widget\" data-widget_type=\"carsten_core_image_gallery.default\">\n\t\t\t\t<div class=\"elementor-widget-container\">\n\t\t\t\t\t<div class=\"qodef-shortcode qodef-m  qodef-image-gallery   qodef-vertical-align--no  qodef-hover--overlay qodef-grid qodef-swiper-container  qodef-gutter--custom  qodef-col-num--1.9  qodef-responsive--predefined\" style=\"--qode-gradient-color: #002C8240;--qode-gutter-custom: 40px;--qode-gutter-custom-1512: 40px;--qode-gutter-custom-1200: 40px;--qode-gutter-custom-880: 20px\" data-options=\"{&quot;spaceBetween&quot;:40,&quot;spaceBetween1512&quot;:40,&quot;spaceBetween1200&quot;:40,&quot;spaceBetween880&quot;:20,&quot;slidesPerView&quot;:1.9,&quot;loop&quot;:true,&quot;autoplay&quot;:true,&quot;speed&quot;:&quot;&quot;,&quot;speedAnimation&quot;:&quot;&quot;,&quot;slideAnimation&quot;:&quot;&quot;,&quot;direction&quot;:&quot;&quot;,&quot;reverseDirection&quot;:false,&quot;centeredSlides&quot;:true,&quot;sliderScroll&quot;:&quot;&quot;,&quot;loopedSlides&quot;:&quot;&quot;,&quot;hiddenSlides&quot;:&quot;&quot;,&quot;partialColumn&quot;:true,&quot;partialColumnValue&quot;:&quot;0.9&quot;}\">\n\t<div class=\"swiper-wrapper\">\n\t\t<div class=\"qodef-e qodef-image-wrapper swiper-slide \">\n\t\t\t<div class=\"qodef-e-image\">\n\t\t\t<img fetchpriority=\"high\" decoding=\"async\" width=\"1920\" height=\"1281\" src=\"https:\/\/www.vsmaria.it\/wp-content\/uploads\/2024\/12\/D80_5972.jpg\" class=\"attachment-full size-full\" alt=\"\" srcset=\"https:\/\/www.vsmaria.it\/wp-content\/uploads\/2024\/12\/D80_5972.jpg 1920w, https:\/\/www.vsmaria.it\/wp-content\/uploads\/2024\/12\/D80_5972-300x200.jpg 300w, https:\/\/www.vsmaria.it\/wp-content\/uploads\/2024\/12\/D80_5972-1024x683.jpg 1024w, https:\/\/www.vsmaria.it\/wp-content\/uploads\/2024\/12\/D80_5972-768x512.jpg 768w, https:\/\/www.vsmaria.it\/wp-content\/uploads\/2024\/12\/D80_5972-1536x1025.jpg 1536w\" sizes=\"(max-width: 1920px) 100vw, 1920px\" \/>\t\t<\/div>\n\t\t\t<\/div>\n<div class=\"qodef-e qodef-image-wrapper swiper-slide \">\n\t\t\t<div class=\"qodef-e-image\">\n\t\t\t<img decoding=\"async\" width=\"1920\" height=\"1280\" src=\"https:\/\/www.vsmaria.it\/wp-content\/uploads\/2024\/12\/D80_6010.jpg\" class=\"attachment-full size-full\" alt=\"\" srcset=\"https:\/\/www.vsmaria.it\/wp-content\/uploads\/2024\/12\/D80_6010.jpg 1920w, https:\/\/www.vsmaria.it\/wp-content\/uploads\/2024\/12\/D80_6010-300x200.jpg 300w, https:\/\/www.vsmaria.it\/wp-content\/uploads\/2024\/12\/D80_6010-1024x683.jpg 1024w, https:\/\/www.vsmaria.it\/wp-content\/uploads\/2024\/12\/D80_6010-768x512.jpg 768w, https:\/\/www.vsmaria.it\/wp-content\/uploads\/2024\/12\/D80_6010-1536x1024.jpg 1536w\" sizes=\"(max-width: 1920px) 100vw, 1920px\" \/>\t\t<\/div>\n\t\t\t<\/div>\n<div class=\"qodef-e qodef-image-wrapper swiper-slide \">\n\t\t\t<div class=\"qodef-e-image\">\n\t\t\t<img decoding=\"async\" width=\"1920\" height=\"1281\" src=\"https:\/\/www.vsmaria.it\/wp-content\/uploads\/2024\/12\/D80_6014.jpg\" class=\"attachment-full size-full\" alt=\"\" srcset=\"https:\/\/www.vsmaria.it\/wp-content\/uploads\/2024\/12\/D80_6014.jpg 1920w, https:\/\/www.vsmaria.it\/wp-content\/uploads\/2024\/12\/D80_6014-300x200.jpg 300w, https:\/\/www.vsmaria.it\/wp-content\/uploads\/2024\/12\/D80_6014-1024x683.jpg 1024w, https:\/\/www.vsmaria.it\/wp-content\/uploads\/2024\/12\/D80_6014-768x512.jpg 768w, https:\/\/www.vsmaria.it\/wp-content\/uploads\/2024\/12\/D80_6014-1536x1025.jpg 1536w\" sizes=\"(max-width: 1920px) 100vw, 1920px\" \/>\t\t<\/div>\n\t\t\t<\/div>\n<div class=\"qodef-e qodef-image-wrapper swiper-slide \">\n\t\t\t<div class=\"qodef-e-image\">\n\t\t\t<img loading=\"lazy\" decoding=\"async\" width=\"1920\" height=\"1281\" src=\"https:\/\/www.vsmaria.it\/wp-content\/uploads\/2024\/12\/D80_6087.jpg\" class=\"attachment-full size-full\" alt=\"\" srcset=\"https:\/\/www.vsmaria.it\/wp-content\/uploads\/2024\/12\/D80_6087.jpg 1920w, https:\/\/www.vsmaria.it\/wp-content\/uploads\/2024\/12\/D80_6087-300x200.jpg 300w, https:\/\/www.vsmaria.it\/wp-content\/uploads\/2024\/12\/D80_6087-1024x683.jpg 1024w, https:\/\/www.vsmaria.it\/wp-content\/uploads\/2024\/12\/D80_6087-768x512.jpg 768w, https:\/\/www.vsmaria.it\/wp-content\/uploads\/2024\/12\/D80_6087-1536x1025.jpg 1536w\" sizes=\"(max-width: 1920px) 100vw, 1920px\" \/>\t\t<\/div>\n\t\t\t<\/div>\n<div class=\"qodef-e qodef-image-wrapper swiper-slide \">\n\t\t\t<div class=\"qodef-e-image\">\n\t\t\t<img loading=\"lazy\" decoding=\"async\" width=\"1920\" height=\"1281\" src=\"https:\/\/www.vsmaria.it\/wp-content\/uploads\/2024\/12\/D80_6113.jpg\" class=\"attachment-full size-full\" alt=\"\" srcset=\"https:\/\/www.vsmaria.it\/wp-content\/uploads\/2024\/12\/D80_6113.jpg 1920w, https:\/\/www.vsmaria.it\/wp-content\/uploads\/2024\/12\/D80_6113-300x200.jpg 300w, https:\/\/www.vsmaria.it\/wp-content\/uploads\/2024\/12\/D80_6113-1024x683.jpg 1024w, https:\/\/www.vsmaria.it\/wp-content\/uploads\/2024\/12\/D80_6113-768x512.jpg 768w, https:\/\/www.vsmaria.it\/wp-content\/uploads\/2024\/12\/D80_6113-1536x1025.jpg 1536w\" sizes=\"(max-width: 1920px) 100vw, 1920px\" \/>\t\t<\/div>\n\t\t\t<\/div>\n<div class=\"qodef-e qodef-image-wrapper swiper-slide \">\n\t\t\t<div class=\"qodef-e-image\">\n\t\t\t<img loading=\"lazy\" decoding=\"async\" width=\"1920\" height=\"1280\" src=\"https:\/\/www.vsmaria.it\/wp-content\/uploads\/2024\/12\/dji_fly_20231009_073510_320_1696830230229_photo-2.jpg\" class=\"attachment-full size-full\" alt=\"\" srcset=\"https:\/\/www.vsmaria.it\/wp-content\/uploads\/2024\/12\/dji_fly_20231009_073510_320_1696830230229_photo-2.jpg 1920w, https:\/\/www.vsmaria.it\/wp-content\/uploads\/2024\/12\/dji_fly_20231009_073510_320_1696830230229_photo-2-300x200.jpg 300w, https:\/\/www.vsmaria.it\/wp-content\/uploads\/2024\/12\/dji_fly_20231009_073510_320_1696830230229_photo-2-1024x683.jpg 1024w, https:\/\/www.vsmaria.it\/wp-content\/uploads\/2024\/12\/dji_fly_20231009_073510_320_1696830230229_photo-2-768x512.jpg 768w, https:\/\/www.vsmaria.it\/wp-content\/uploads\/2024\/12\/dji_fly_20231009_073510_320_1696830230229_photo-2-1536x1024.jpg 1536w\" sizes=\"(max-width: 1920px) 100vw, 1920px\" \/>\t\t<\/div>\n\t\t\t<\/div>\n\t<\/div>\n\t\t<\/div>\n\t\t\t\t<\/div>\n\t\t\t\t<\/div>\n\t\t\t\t<\/div>\n\t\t<div class=\"elementor-element elementor-element-dc60740 e-con-full e-flex e-con e-parent\" data-id=\"dc60740\" data-element_type=\"container\" data-e-type=\"container\">\n\t\t<div class=\"elementor-element elementor-element-b7c7e65 e-con-full e-flex e-con e-child\" data-id=\"b7c7e65\" data-element_type=\"container\" data-e-type=\"container\">\n\t\t\t\t<div class=\"elementor-element elementor-element-cc69ccb elementor-widget__width-initial elementor-widget elementor-widget-carsten_core_section_title\" data-id=\"cc69ccb\" data-element_type=\"widget\" data-e-type=\"widget\" data-widget_type=\"carsten_core_section_title.default\">\n\t\t\t\t<div class=\"elementor-widget-container\">\n\t\t\t\t\t<div class=\"qodef-shortcode qodef-m  qodef-section-title qodef-alignment--left \">\n\t\t<h2 class=\"qodef-m-title\" >\n\t\t\t\t\tExklusive Dienstleistungen f\u00fcr einen unvergesslichen Urlaub\t\t\t<\/h2>\n\t\t<p class=\"qodef-m-subtitle\" >Wenn du einen Urlaub auf der Insel Elba planst, bietet unser Campingplatz eine Vielzahl von Dienstleistungen, die darauf ausgelegt sind, all deine Bed\u00fcrfnisse zu erf\u00fcllen. Eingebettet in die unber\u00fchrte Natur, direkt am wundersch\u00f6nen gro\u00dfen Strand von Lacona, findest du alles, was du f\u00fcr einen entspannenden und unterhaltsamen Aufenthalt brauchst.<\/p>\n\t<\/div>\n\t\t\t\t<\/div>\n\t\t\t\t<\/div>\n\t\t\t\t<\/div>\n\t\t\t\t<\/div>\n\t\t<div class=\"elementor-element elementor-element-e4655da e-con-full e-flex e-con e-parent\" data-id=\"e4655da\" data-element_type=\"container\" data-e-type=\"container\" data-settings=\"{&quot;background_background&quot;:&quot;classic&quot;}\">\n\t\t<div class=\"elementor-element elementor-element-1feb0dc e-con-full e-flex e-con e-child\" data-id=\"1feb0dc\" data-element_type=\"container\" data-e-type=\"container\">\n\t\t\t\t<div class=\"elementor-element elementor-element-32284a6 elementor-widget-mobile__width-inherit elementor-widget elementor-widget-carsten_core_section_title\" data-id=\"32284a6\" data-element_type=\"widget\" data-e-type=\"widget\" data-widget_type=\"carsten_core_section_title.default\">\n\t\t\t\t<div class=\"elementor-widget-container\">\n\t\t\t\t\t<div class=\"qodef-shortcode qodef-m  qodef-section-title qodef-alignment--left \">\n\t\t<h2 class=\"qodef-m-title\" style=\"color: #FFFFFF\">\n\t\t\t\t\tSportliche<br \/> Aktivit\u00e4ten und Freizeit\t\t\t<\/h2>\n\t\t<\/div>\n\t\t\t\t<\/div>\n\t\t\t\t<\/div>\n\t\t\t\t<div class=\"elementor-element elementor-element-7cac673 elementor-widget elementor-widget-text-editor\" data-id=\"7cac673\" data-element_type=\"widget\" data-e-type=\"widget\" data-widget_type=\"text-editor.default\">\n\t\t\t\t<div class=\"elementor-widget-container\">\n\t\t\t\t\t\t\t\t\t<p><strong>Tennis<\/strong>: Tennisliebhaber k\u00f6nnen unseren speziellen Tennisplatz (gegen Geb\u00fchr) nutzen. Einfach an der Rezeption anmelden, um sportliche Momente und Spa\u00df zu erleben.<\/p><p><strong>Speciale Mountainbike<\/strong>: F\u00fcr Liebhaber dieses Sports haben wir einen speziellen Bereich mit Karten, allen m\u00f6glichen Informationen und einem Platz zur Fahrradwartung mit Werkzeugen, die an der Rezeption kostenlos zur Verf\u00fcgung gestellt werden, eingerichtet.<\/p><p><strong>Fahrr\u00e4der<\/strong>: F\u00fcr kleine Strecken stellen wir kostenlose Fahrr\u00e4der zur Verf\u00fcgung, um die nat\u00fcrliche Sch\u00f6nheit von Elba auf umweltfreundliche Weise zu erkunden.<\/p>\t\t\t\t\t\t\t\t<\/div>\n\t\t\t\t<\/div>\n\t\t\t\t<\/div>\n\t\t<div class=\"elementor-element elementor-element-963ae00 e-con-full e-flex e-con e-child\" data-id=\"963ae00\" data-element_type=\"container\" data-e-type=\"container\">\n\t\t\t\t<\/div>\n\t\t\t\t<\/div>\n\t\t<div class=\"elementor-element elementor-element-d8a15b7 e-con-full e-flex e-con e-parent\" data-id=\"d8a15b7\" data-element_type=\"container\" data-e-type=\"container\">\n\t\t<div class=\"elementor-element elementor-element-3d2e210 e-con-full qodef-elementor-content-grid e-flex e-con e-child\" data-id=\"3d2e210\" data-element_type=\"container\" data-e-type=\"container\">\n\t\t\t\t<div class=\"elementor-element elementor-element-a32509f elementor-widget__width-initial elementor-widget elementor-widget-carsten_core_section_title\" data-id=\"a32509f\" data-element_type=\"widget\" data-e-type=\"widget\" data-widget_type=\"carsten_core_section_title.default\">\n\t\t\t\t<div class=\"elementor-widget-container\">\n\t\t\t\t\t<div class=\"qodef-shortcode qodef-m  qodef-section-title qodef-alignment--center \">\n\t\t<h2 class=\"qodef-m-title\" >\n\t\t\t\t\tKomfort und Dienstleistungen\t\t\t<\/h2>\n\t\t<\/div>\n\t\t\t\t<\/div>\n\t\t\t\t<\/div>\n\t\t\t\t<\/div>\n\t\t<div class=\"elementor-element elementor-element-0124058 e-con-full qodef-elementor-content-grid e-flex e-con e-child\" data-id=\"0124058\" data-element_type=\"container\" data-e-type=\"container\">\n\t\t\t\t<div class=\"elementor-element elementor-element-f659b38 elementor-widget elementor-widget-text-editor\" data-id=\"f659b38\" data-element_type=\"widget\" data-e-type=\"widget\" data-widget_type=\"text-editor.default\">\n\t\t\t\t<div class=\"elementor-widget-container\">\n\t\t\t\t\t\t\t\t\t<p><strong>W\u00e4scherei:<\/strong> In den Sanit\u00e4ranlagen befinden sich zwei Waschmaschinen und ein Trockner (gegen Geb\u00fchr).<\/p><p><strong>Internet WiFi:<\/strong> Der gesamte Campingplatz ist mit WiFi abgedeckt. Du kannst den Zugang direkt an der Rezeption kaufen.<\/p><p><strong>Grill:<\/strong> Genie\u00dfe ein Barbecue in Gesellschaft nahe unserem BarBados. Der Bereich ist mit einem praktischen Grill und einem gro\u00dfen Tisch f\u00fcr Mittag- und Abendessen im Freien ausgestattet. Zweimal pro Woche bietet ein lokaler Verk\u00e4ufer frisch zubereitetes Grillh\u00e4hnchen und Pommes Frites an, f\u00fcr eine leckere Pause.<\/p>\t\t\t\t\t\t\t\t<\/div>\n\t\t\t\t<\/div>\n\t\t\t\t<\/div>\n\t\t<div class=\"elementor-element elementor-element-bae9592 e-con-full qodef-elementor-content-grid e-flex e-con e-child\" data-id=\"bae9592\" data-element_type=\"container\" data-e-type=\"container\">\n\t\t\t\t<div class=\"elementor-element elementor-element-eb718b8 elementor-widget__width-initial elementor-widget-mobile__width-initial elementor-widget elementor-widget-carsten_core_icon_with_text\" data-id=\"eb718b8\" data-element_type=\"widget\" data-e-type=\"widget\" data-widget_type=\"carsten_core_icon_with_text.default\">\n\t\t\t\t<div class=\"elementor-widget-container\">\n\t\t\t\t\t<div class=\"qodef-shortcode qodef-m  qodef-icon-with-text qodef-layout--top qodef--custom-icon qodef--retina qodef-alignment--center \">\n\t<div class=\"qodef-m-icon-wrapper\" style=\"width: 75px\">\n\t\t\t\t\t<img loading=\"lazy\" decoding=\"async\" width=\"150\" height=\"150\" src=\"https:\/\/www.vsmaria.it\/wp-content\/uploads\/2024\/10\/washing-machine.png\" class=\"attachment-full size-full\" alt=\"\" srcset=\"https:\/\/www.vsmaria.it\/wp-content\/uploads\/2024\/10\/washing-machine.png 150w, https:\/\/www.vsmaria.it\/wp-content\/uploads\/2024\/10\/washing-machine-100x100.png 100w\" sizes=\"(max-width: 150px) 100vw, 150px\" \/>\t\t<\/div>\n\t<div class=\"qodef-m-content\">\n\t\t\t\t\t<p class=\"qodef-m-title\" style=\"margin-top: 11px;color: #001943\">\n\t\t\t\t\t<span class=\"qodef-m-title-text\">W\u00e4scherei<\/span>\n\t\t\t<\/p>\n\t\t\t<\/div>\n<\/div>\n\t\t\t\t<\/div>\n\t\t\t\t<\/div>\n\t\t\t\t<div class=\"elementor-element elementor-element-4cdb126 elementor-widget__width-initial elementor-widget elementor-widget-carsten_core_icon_with_text\" data-id=\"4cdb126\" data-element_type=\"widget\" data-e-type=\"widget\" data-widget_type=\"carsten_core_icon_with_text.default\">\n\t\t\t\t<div class=\"elementor-widget-container\">\n\t\t\t\t\t<div class=\"qodef-shortcode qodef-m  qodef-icon-with-text qodef-layout--top qodef--custom-icon qodef--retina qodef-alignment--center \">\n\t<div class=\"qodef-m-icon-wrapper\" style=\"width: 75px\">\n\t\t\t\t\t<img loading=\"lazy\" decoding=\"async\" width=\"150\" height=\"150\" src=\"https:\/\/www.vsmaria.it\/wp-content\/uploads\/2024\/10\/wi-fi-icon.png\" class=\"attachment-full size-full\" alt=\"\" srcset=\"https:\/\/www.vsmaria.it\/wp-content\/uploads\/2024\/10\/wi-fi-icon.png 150w, https:\/\/www.vsmaria.it\/wp-content\/uploads\/2024\/10\/wi-fi-icon-100x100.png 100w\" sizes=\"(max-width: 150px) 100vw, 150px\" \/>\t\t<\/div>\n\t<div class=\"qodef-m-content\">\n\t\t\t\t\t<p class=\"qodef-m-title\" style=\"margin-top: 11px;color: #001943\">\n\t\t\t\t\t<span class=\"qodef-m-title-text\">Wifi<\/span>\n\t\t\t<\/p>\n\t\t\t<\/div>\n<\/div>\n\t\t\t\t<\/div>\n\t\t\t\t<\/div>\n\t\t\t\t<div class=\"elementor-element elementor-element-22331e8 elementor-widget__width-initial elementor-widget-mobile__width-initial elementor-widget elementor-widget-carsten_core_icon_with_text\" data-id=\"22331e8\" data-element_type=\"widget\" data-e-type=\"widget\" data-widget_type=\"carsten_core_icon_with_text.default\">\n\t\t\t\t<div class=\"elementor-widget-container\">\n\t\t\t\t\t<div class=\"qodef-shortcode qodef-m  qodef-icon-with-text qodef-layout--top qodef--custom-icon qodef--retina qodef-alignment--center \">\n\t<div class=\"qodef-m-icon-wrapper\" style=\"width: 75px\">\n\t\t\t\t\t<img loading=\"lazy\" decoding=\"async\" width=\"150\" height=\"136\" src=\"https:\/\/www.vsmaria.it\/wp-content\/uploads\/2023\/12\/nature-icon6.png\" class=\"attachment-full size-full\" alt=\"v\" \/>\t\t<\/div>\n\t<div class=\"qodef-m-content\">\n\t\t\t\t\t<p class=\"qodef-m-title\" style=\"margin-top: 11px;color: #001943\">\n\t\t\t\t\t<span class=\"qodef-m-title-text\">Griil<\/span>\n\t\t\t<\/p>\n\t\t\t<\/div>\n<\/div>\n\t\t\t\t<\/div>\n\t\t\t\t<\/div>\n\t\t\t\t<\/div>\n\t\t\t\t<\/div>\n\t\t<div class=\"elementor-element elementor-element-dbb2591 e-con-full e-flex e-con e-parent\" data-id=\"dbb2591\" data-element_type=\"container\" data-e-type=\"container\" data-settings=\"{&quot;background_background&quot;:&quot;classic&quot;}\">\n\t\t<div class=\"elementor-element elementor-element-012f72f e-con-full e-flex e-con e-child\" data-id=\"012f72f\" data-element_type=\"container\" data-e-type=\"container\" data-settings=\"{&quot;background_background&quot;:&quot;classic&quot;}\">\n\t\t\t\t<div class=\"elementor-element elementor-element-a68e91e elementor-widget__width-initial elementor-widget elementor-widget-carsten_core_section_title\" data-id=\"a68e91e\" data-element_type=\"widget\" data-e-type=\"widget\" data-widget_type=\"carsten_core_section_title.default\">\n\t\t\t\t<div class=\"elementor-widget-container\">\n\t\t\t\t\t<div class=\"qodef-shortcode qodef-m  qodef-section-title qodef-alignment--left \">\n\t\t<h3 class=\"qodef-m-title\" >\n\t\t\t\t\tBarBados<br \/>\t\t\t<\/h3>\n\t\t<p class=\"qodef-m-subtitle\" style=\"margin-top: 17px;color: #0D1A33\">Genie\u00dfe das Beste aus der lokalen Produktion mit Weinen von Agricoop Isola d\u2019Elba und Cecilia, begleitet von handgemachtem Limoncino. Ein wahres Geschmackserlebnis f\u00fcr gesellige Abende.<\/p>\n\t<\/div>\n\t\t\t\t<\/div>\n\t\t\t\t<\/div>\n\t\t\t\t<\/div>\n\t\t\t\t<\/div>\n\t\t<div class=\"elementor-element elementor-element-efb0fc3 e-con-full e-flex e-con e-parent\" data-id=\"efb0fc3\" data-element_type=\"container\" data-e-type=\"container\">\n\t\t<div class=\"elementor-element elementor-element-5f5488b e-con-full qodef-elementor-content-grid e-flex e-con e-child\" data-id=\"5f5488b\" data-element_type=\"container\" data-e-type=\"container\">\n\t\t\t\t<div class=\"elementor-element elementor-element-94fc4f5 elementor-widget__width-initial elementor-widget elementor-widget-carsten_core_section_title\" data-id=\"94fc4f5\" data-element_type=\"widget\" data-e-type=\"widget\" data-widget_type=\"carsten_core_section_title.default\">\n\t\t\t\t<div class=\"elementor-widget-container\">\n\t\t\t\t\t<div class=\"qodef-shortcode qodef-m  qodef-section-title qodef-alignment--center \">\n\t\t<h2 class=\"qodef-m-title\" >\n\t\t\t\t\tUnterhaltung f\u00fcr die ganze Familie\t\t\t<\/h2>\n\t\t<\/div>\n\t\t\t\t<\/div>\n\t\t\t\t<\/div>\n\t\t\t\t<\/div>\n\t\t<div class=\"elementor-element elementor-element-d7c1910 e-con-full qodef-elementor-content-grid e-flex e-con e-child\" data-id=\"d7c1910\" data-element_type=\"container\" data-e-type=\"container\">\n\t\t\t\t<div class=\"elementor-element elementor-element-2a43f6f elementor-widget elementor-widget-text-editor\" data-id=\"2a43f6f\" data-element_type=\"widget\" data-e-type=\"widget\" data-widget_type=\"text-editor.default\">\n\t\t\t\t<div class=\"elementor-widget-container\">\n\t\t\t\t\t\t\t\t\t<p><strong>Filme und Zeichentrickfilme<\/strong>: Jeden Abend bietet unser Videozimmer ein Programm f\u00fcr Kinder mit Filmen und Zeichentrickfilmen.<\/p><p><strong>Kinderzug<\/strong>: Ein Zug f\u00e4hrt jeden Tag durch den Campingplatz und bietet den Kleinen unvergessliche Momente des Spa\u00dfes.<\/p><p><strong>Sanit\u00e4ranlagen f\u00fcr Kinder<\/strong>: Spezielle Bereiche mit kindgerechten Duschen und Waschbecken sowie eine Badewanne und ein Wickeltisch f\u00fcr Babys.<\/p>\t\t\t\t\t\t\t\t<\/div>\n\t\t\t\t<\/div>\n\t\t\t\t<\/div>\n\t\t\t\t<\/div>\n\t\t<div class=\"elementor-element elementor-element-8358b98 e-con-full e-flex e-con e-parent\" data-id=\"8358b98\" data-element_type=\"container\" data-e-type=\"container\" data-settings=\"{&quot;background_background&quot;:&quot;classic&quot;}\">\n\t\t<div class=\"elementor-element elementor-element-dce550a e-con-full e-flex e-con e-child\" data-id=\"dce550a\" data-element_type=\"container\" data-e-type=\"container\" data-settings=\"{&quot;background_background&quot;:&quot;classic&quot;}\">\n\t\t\t\t<div class=\"elementor-element elementor-element-86ca83b elementor-widget__width-initial elementor-widget elementor-widget-carsten_core_section_title\" data-id=\"86ca83b\" data-element_type=\"widget\" data-e-type=\"widget\" data-widget_type=\"carsten_core_section_title.default\">\n\t\t\t\t<div class=\"elementor-widget-container\">\n\t\t\t\t\t<div class=\"qodef-shortcode qodef-m  qodef-section-title qodef-alignment--left \">\n\t\t<h3 class=\"qodef-m-title\" >\n\t\t\t\t\tEntdecke die Insel Elba\t\t\t<\/h3>\n\t\t<\/div>\n\t\t\t\t<\/div>\n\t\t\t\t<\/div>\n\t\t\t\t<div class=\"elementor-element elementor-element-61c72a7 elementor-widget elementor-widget-text-editor\" data-id=\"61c72a7\" data-element_type=\"widget\" data-e-type=\"widget\" data-widget_type=\"text-editor.default\">\n\t\t\t\t<div class=\"elementor-widget-container\">\n\t\t\t\t\t\t\t\t\t<p><strong>Strand von Lacona:<\/strong> Direkt am Strand gelegen, bietet der Campingplatz Zugang zu einem t\u00e4glich von unserem Personal gereinigten Strandabschnitt.<\/p><p><strong>F\u00e4hrticketverkauf:<\/strong> An der Rezeption k\u00f6nnen Sie F\u00e4hrtickets kaufen, mit unseren Tipps, um die besten Angebote zu erhalten.<\/p><p><strong>Ausflugsangebote:<\/strong> Entdecken Sie die Wunder der Insel Elba mit unseren ma\u00dfgeschneiderten Vorschl\u00e4gen, die an der Rezeption verf\u00fcgbar sind.<\/p>\t\t\t\t\t\t\t\t<\/div>\n\t\t\t\t<\/div>\n\t\t\t\t<\/div>\n\t\t\t\t<\/div>\n\t\t<div class=\"elementor-element elementor-element-984fd52 e-con-full e-flex e-con e-parent\" data-id=\"984fd52\" data-element_type=\"container\" data-e-type=\"container\" data-settings=\"{&quot;background_background&quot;:&quot;classic&quot;}\">\n\t\t<div class=\"elementor-element elementor-element-fb763b9 e-con-full e-flex e-con e-child\" data-id=\"fb763b9\" data-element_type=\"container\" data-e-type=\"container\" data-settings=\"{&quot;background_background&quot;:&quot;classic&quot;}\">\n\t\t\t\t<div class=\"elementor-element elementor-element-b54fcca elementor-widget__width-initial elementor-widget elementor-widget-carsten_core_section_title\" data-id=\"b54fcca\" data-element_type=\"widget\" data-e-type=\"widget\" data-widget_type=\"carsten_core_section_title.default\">\n\t\t\t\t<div class=\"elementor-widget-container\">\n\t\t\t\t\t<div class=\"qodef-shortcode qodef-m  qodef-section-title qodef-alignment--left \">\n\t\t<h3 class=\"qodef-m-title\" >\n\t\t\t\t\tHaustierfreundlich\t\t\t<\/h3>\n\t\t<\/div>\n\t\t\t\t<\/div>\n\t\t\t\t<\/div>\n\t\t\t\t<div class=\"elementor-element elementor-element-524f55a elementor-widget elementor-widget-text-editor\" data-id=\"524f55a\" data-element_type=\"widget\" data-e-type=\"widget\" data-widget_type=\"text-editor.default\">\n\t\t\t\t<div class=\"elementor-widget-container\">\n\t\t\t\t\t\t\t\t\t<p>Haustiere sind auf unserem Campingplatz willkommen! Hier kann dein vierbeiniger Freund den Urlaub zusammen mit dir genie\u00dfen.<\/p><p>Mit seinen exklusiven Dienstleistungen und der privilegierten Lage ist unser Campingplatz die ideale Wahl f\u00fcr einen perfekten Urlaub auf der Insel Elba. Buche jetzt und erlebe ein einzigartiges Erlebnis zwischen Natur, Meer und Entspannung!<\/p>\t\t\t\t\t\t\t\t<\/div>\n\t\t\t\t<\/div>\n\t\t\t\t<\/div>\n\t\t\t\t<\/div>\n\t\t\t\t<\/div>\n\t\t","protected":false},"excerpt":{"rendered":"<p>Exklusive Dienstleistungen f\u00fcr einen unvergesslichen Urlaub Wenn du einen Urlaub auf der Insel Elba planst, bietet unser Campingplatz eine Vielzahl von Dienstleistungen, die darauf ausgelegt sind, all deine Bed\u00fcrfnisse zu erf\u00fcllen. Eingebettet in die unber\u00fchrte Natur, direkt am wundersch\u00f6nen gro\u00dfen Strand von Lacona, findest du alles, was du f\u00fcr einen entspannenden und unterhaltsamen Aufenthalt brauchst. [&hellip;]<\/p>\n","protected":false},"author":1,"featured_media":0,"parent":0,"menu_order":0,"comment_status":"closed","ping_status":"closed","template":"page-full-width.php","meta":{"footnotes":""},"class_list":["post-15793","page","type-page","status-publish","hentry"],"_links":{"self":[{"href":"https:\/\/www.vsmaria.it\/de\/wp-json\/wp\/v2\/pages\/15793","targetHints":{"allow":["GET"]}}],"collection":[{"href":"https:\/\/www.vsmaria.it\/de\/wp-json\/wp\/v2\/pages"}],"about":[{"href":"https:\/\/www.vsmaria.it\/de\/wp-json\/wp\/v2\/types\/page"}],"author":[{"embeddable":true,"href":"https:\/\/www.vsmaria.it\/de\/wp-json\/wp\/v2\/users\/1"}],"replies":[{"embeddable":true,"href":"https:\/\/www.vsmaria.it\/de\/wp-json\/wp\/v2\/comments?post=15793"}],"version-history":[{"count":1,"href":"https:\/\/www.vsmaria.it\/de\/wp-json\/wp\/v2\/pages\/15793\/revisions"}],"predecessor-version":[{"id":15795,"href":"https:\/\/www.vsmaria.it\/de\/wp-json\/wp\/v2\/pages\/15793\/revisions\/15795"}],"wp:attachment":[{"href":"https:\/\/www.vsmaria.it\/de\/wp-json\/wp\/v2\/media?parent=15793"}],"curies":[{"name":"wp","href":"https:\/\/api.w.org\/{rel}","templated":true}]}}