{"id":15250,"date":"2025-01-08T12:23:35","date_gmt":"2025-01-08T11:23:35","guid":{"rendered":"http:\/\/vsmaria.youelba.com\/wellness\/"},"modified":"2025-01-30T15:36:09","modified_gmt":"2025-01-30T14:36:09","slug":"wellness","status":"publish","type":"page","link":"https:\/\/www.vsmaria.it\/de\/wellness\/","title":{"rendered":"Wellness"},"content":{"rendered":"\t\t<div data-elementor-type=\"wp-page\" data-elementor-id=\"15250\" class=\"elementor elementor-15250 elementor-13088\" data-elementor-post-type=\"page\">\n\t\t\t\t<div class=\"elementor-element elementor-element-0f9d8e8 e-con-full e-flex e-con e-parent\" data-id=\"0f9d8e8\" data-element_type=\"container\" data-e-type=\"container\" data-settings=\"{&quot;background_background&quot;:&quot;classic&quot;}\">\n\t\t<div class=\"elementor-element elementor-element-d1c4ee7 e-con-full qodef-elementor-content-grid e-flex e-con e-child\" data-id=\"d1c4ee7\" data-element_type=\"container\" data-e-type=\"container\">\n\t\t<div class=\"elementor-element elementor-element-badc88c e-con-full e-flex e-con e-child\" data-id=\"badc88c\" data-element_type=\"container\" data-e-type=\"container\">\n\t\t<div class=\"elementor-element elementor-element-c4755f5 e-con-full e-flex e-con e-child\" data-id=\"c4755f5\" data-element_type=\"container\" data-e-type=\"container\">\n\t\t\t\t<div class=\"elementor-element elementor-element-2101f16 elementor-widget__width-initial elementor-widget elementor-widget-carsten_core_section_title\" data-id=\"2101f16\" data-element_type=\"widget\" data-e-type=\"widget\" data-widget_type=\"carsten_core_section_title.default\">\n\t\t\t\t<div class=\"elementor-widget-container\">\n\t\t\t\t\t<div class=\"qodef-shortcode qodef-m  qodef-section-title qodef-alignment--left \">\n\t\t<h3 class=\"qodef-m-title\" style=\"text-transform: uppercase\">\n\t\t\t\t\tUnsere Wellnessbehandlungen f\u00fcr dich\u2026\t\t\t<\/h3>\n\t\t<p class=\"qodef-m-subtitle\" >Willkommen in unserer Wohlf\u00fchloase! Fausto und Francesca sind hier, um sich um Sie zu k\u00fcmmern und Ihnen ein Erlebnis purer Entspannung zu bieten.<\/p>\n\t\t<p class=\"qodef-m-text\" >Wir freuen uns, Ihnen eine Reihe von ma\u00dfgeschneiderten Behandlungen anzubieten, die darauf ausgelegt sind, Ihre Bed\u00fcrfnisse zu erf\u00fcllen und Sie vollkommen zu regenerieren.<\/p>\n<\/div>\n\t\t\t\t<\/div>\n\t\t\t\t<\/div>\n\t\t\t\t<\/div>\n\t\t\t\t<\/div>\n\t\t<div class=\"elementor-element elementor-element-59b00e2 e-con-full e-flex e-con e-child\" data-id=\"59b00e2\" data-element_type=\"container\" data-e-type=\"container\">\n\t\t\t\t<div class=\"elementor-element elementor-element-faa0901 elementor-widget elementor-widget-text-editor\" data-id=\"faa0901\" data-element_type=\"widget\" data-e-type=\"widget\" data-widget_type=\"text-editor.default\">\n\t\t\t\t<div class=\"elementor-widget-container\">\n\t\t\t\t\t\t\t\t\t<p>Ob es sich um eine entspannende Massage, eine Gesichtsbehandlung oder einen Moment der Ruhe handelt, um sich mit sich selbst wieder zu verbinden \u2013 all dies ist Teil unserer Mission: Sie zu verw\u00f6hnen und Ihnen das Gef\u00fchl zu geben, etwas Besonderes zu sein!<\/p><p>Unsere Wellness-Experten sind bereit, auf Sie zu h\u00f6ren und eine ma\u00dfgeschneiderte Behandlung zu erstellen, die Sie in eine Reise der Entspannung und Harmonie eintauchen l\u00e4sst. Wir k\u00f6nnen es kaum erwarten, Sie zu empfangen und diese Momente der Authentizit\u00e4t und Gelassenheit mit Ihnen zu teilen.<\/p><p>Buchen Sie Ihre Behandlung und lassen Sie Fausto und Francesca Sie auf dem Weg zum vollkommenen Wohlbefinden begleiten!<\/p>\t\t\t\t\t\t\t\t<\/div>\n\t\t\t\t<\/div>\n\t\t\t\t<\/div>\n\t\t\t\t<\/div>\n\t\t\t\t<\/div>\n\t\t<div class=\"elementor-element elementor-element-cd9d883 e-con-full e-flex e-con e-parent\" data-id=\"cd9d883\" data-element_type=\"container\" data-e-type=\"container\">\n\t\t\t\t<div class=\"elementor-element elementor-element-28a3b63 elementor-widget__width-inherit elementor-widget elementor-widget-carsten_core_image_with_text\" data-id=\"28a3b63\" data-element_type=\"widget\" data-e-type=\"widget\" data-widget_type=\"carsten_core_image_with_text.default\">\n\t\t\t\t<div class=\"elementor-widget-container\">\n\t\t\t\t\t<div class=\"qodef-shortcode qodef-m  qodef-image-with-text qodef-layout--text-below  qodef--has-appear qodef--has-hover\" data-appear-delay=\"111\">\n\t<div class=\"qodef-m-image\">\n\t\t\t<img fetchpriority=\"high\" decoding=\"async\" width=\"956\" height=\"1280\" src=\"https:\/\/www.vsmaria.it\/wp-content\/uploads\/2025\/01\/welness03.jpg\" class=\"attachment-full size-full\" alt=\"\" srcset=\"https:\/\/www.vsmaria.it\/wp-content\/uploads\/2025\/01\/welness03.jpg 956w, https:\/\/www.vsmaria.it\/wp-content\/uploads\/2025\/01\/welness03-224x300.jpg 224w, https:\/\/www.vsmaria.it\/wp-content\/uploads\/2025\/01\/welness03-765x1024.jpg 765w, https:\/\/www.vsmaria.it\/wp-content\/uploads\/2025\/01\/welness03-768x1028.jpg 768w\" sizes=\"(max-width: 956px) 100vw, 956px\" \/>\t<\/div>\n\t<div class=\"qodef-m-content\">\n\t\t\t<h4 class=\"qodef-m-title\" style=\"margin-top: 18px\">\n\t\t\t\t\tBioenergetisch\t\t\t<\/h4>\n\t\t\t<div class=\"qodef-m-text\" >Beruhigend und regenerierend, geeignet um die Lebenskraft wiederzugewinnen, Befreit von Stress und Anspannung. Dur- chf\u00fchrung auf dem ganzen K\u00f6rper, schenkt einen tiefen Sinn von Entspannung und Stimmulierende und heilende Behandlung, ausgef\u00fchrt entlang des ganzen Beines bis hin zur Ber\u00fchrung der Reflexpunkte; Wiedergewinnung des energiegeladenen Gleichgewichts im ganzen K\u00f6rper.<\/div>\n\t<\/div>\n<\/div>\n\t\t\t\t<\/div>\n\t\t\t\t<\/div>\n\t\t\t\t<div class=\"elementor-element elementor-element-334bc93 elementor-widget__width-inherit elementor-widget elementor-widget-carsten_core_image_with_text\" data-id=\"334bc93\" data-element_type=\"widget\" data-e-type=\"widget\" data-widget_type=\"carsten_core_image_with_text.default\">\n\t\t\t\t<div class=\"elementor-widget-container\">\n\t\t\t\t\t<div class=\"qodef-shortcode qodef-m  qodef-image-with-text qodef-layout--text-below  qodef--has-appear qodef--has-hover\" data-appear-delay=\"433\">\n\t<div class=\"qodef-m-image\">\n\t\t\t<img decoding=\"async\" width=\"956\" height=\"1280\" src=\"https:\/\/www.vsmaria.it\/wp-content\/uploads\/2025\/01\/welness01.jpg\" class=\"attachment-full size-full\" alt=\"\" srcset=\"https:\/\/www.vsmaria.it\/wp-content\/uploads\/2025\/01\/welness01.jpg 956w, https:\/\/www.vsmaria.it\/wp-content\/uploads\/2025\/01\/welness01-224x300.jpg 224w, https:\/\/www.vsmaria.it\/wp-content\/uploads\/2025\/01\/welness01-765x1024.jpg 765w, https:\/\/www.vsmaria.it\/wp-content\/uploads\/2025\/01\/welness01-768x1028.jpg 768w\" sizes=\"(max-width: 956px) 100vw, 956px\" \/>\t<\/div>\n\t<div class=\"qodef-m-content\">\n\t\t\t<h4 class=\"qodef-m-title\" style=\"margin-top: 18px\">\n\t\t\t\t\tTherapeutish\t\t\t<\/h4>\n\t\t\t<div class=\"qodef-m-text\" >Besonders ausgerichtet auf die Erleichterung von Halsanspan- nung, schmerzenden Muskeln und rheumatischen Hals, Schultern, R\u00fccken; Durchf\u00fchrung am oberen Teil des K\u00f6rpers, beg\u00fcnstigt die Gelenkbeweglichkeit.<\/div>\n\t<\/div>\n<\/div>\n\t\t\t\t<\/div>\n\t\t\t\t<\/div>\n\t\t\t\t<div class=\"elementor-element elementor-element-735c88c elementor-widget__width-inherit elementor-widget elementor-widget-carsten_core_image_with_text\" data-id=\"735c88c\" data-element_type=\"widget\" data-e-type=\"widget\" data-widget_type=\"carsten_core_image_with_text.default\">\n\t\t\t\t<div class=\"elementor-widget-container\">\n\t\t\t\t\t<div class=\"qodef-shortcode qodef-m  qodef-image-with-text qodef-layout--text-below  qodef--has-appear qodef--has-hover\" data-appear-delay=\"260\">\n\t<div class=\"qodef-m-image\">\n\t\t\t<img decoding=\"async\" width=\"956\" height=\"1280\" src=\"https:\/\/www.vsmaria.it\/wp-content\/uploads\/2025\/01\/wellness_0063.jpg\" class=\"attachment-full size-full\" alt=\"\" srcset=\"https:\/\/www.vsmaria.it\/wp-content\/uploads\/2025\/01\/wellness_0063.jpg 956w, https:\/\/www.vsmaria.it\/wp-content\/uploads\/2025\/01\/wellness_0063-224x300.jpg 224w, https:\/\/www.vsmaria.it\/wp-content\/uploads\/2025\/01\/wellness_0063-765x1024.jpg 765w, https:\/\/www.vsmaria.it\/wp-content\/uploads\/2025\/01\/wellness_0063-768x1028.jpg 768w\" sizes=\"(max-width: 956px) 100vw, 956px\" \/>\t<\/div>\n\t<div class=\"qodef-m-content\">\n\t\t\t<h4 class=\"qodef-m-title\" style=\"margin-top: 18px\">\n\t\t\t\t\t\u00c4sthetisch\t\t\t<\/h4>\n\t\t\t<div class=\"qodef-m-text\" >Anti-Cellulite mit Effekt \"leichtere Beine\", Durchf\u00fcrhrung an den F\u00fcssen, Beinen und Ges\u00e4ss, bringt die schwere Zirkulation in Gang und erleichtert; eine angenehme delikate Massage im Gesicht vervollst\u00e4ndigt die Behandlung.<\/div>\n\t<\/div>\n<\/div>\n\t\t\t\t<\/div>\n\t\t\t\t<\/div>\n\t\t\t\t<\/div>\n\t\t<div class=\"elementor-element elementor-element-c857bef e-con-full e-flex e-con e-parent\" data-id=\"c857bef\" data-element_type=\"container\" data-e-type=\"container\">\n\t\t\t\t<div class=\"elementor-element elementor-element-d5e5d12 elementor-widget__width-inherit elementor-widget elementor-widget-carsten_core_image_with_text\" data-id=\"d5e5d12\" data-element_type=\"widget\" data-e-type=\"widget\" data-widget_type=\"carsten_core_image_with_text.default\">\n\t\t\t\t<div class=\"elementor-widget-container\">\n\t\t\t\t\t<div class=\"qodef-shortcode qodef-m  qodef-image-with-text qodef-layout--text-below  qodef--has-appear qodef--has-hover\" data-appear-delay=\"180\">\n\t<div class=\"qodef-m-image\">\n\t\t\t<img loading=\"lazy\" decoding=\"async\" width=\"956\" height=\"1280\" src=\"https:\/\/www.vsmaria.it\/wp-content\/uploads\/2025\/01\/welness02.jpg\" class=\"attachment-full size-full\" alt=\"\" srcset=\"https:\/\/www.vsmaria.it\/wp-content\/uploads\/2025\/01\/welness02.jpg 956w, https:\/\/www.vsmaria.it\/wp-content\/uploads\/2025\/01\/welness02-224x300.jpg 224w, https:\/\/www.vsmaria.it\/wp-content\/uploads\/2025\/01\/welness02-765x1024.jpg 765w, https:\/\/www.vsmaria.it\/wp-content\/uploads\/2025\/01\/welness02-768x1028.jpg 768w\" sizes=\"(max-width: 956px) 100vw, 956px\" \/>\t<\/div>\n\t<div class=\"qodef-m-content\">\n\t\t\t<h4 class=\"qodef-m-title\" style=\"margin-top: 18px\">\n\t\t\t\t\tFu\u00dfsohlen\t\t\t<\/h4>\n\t\t\t<div class=\"qodef-m-text\" >Stimmulierende und heilende Behandlung, ausgef\u00fchrt entlang des ganzen Beines bis hin zur Ber\u00fchrung der Reflexpunkte; Wiedergewinnung des energiegeladenen Gleichgewichts im ganzen K\u00f6rper.<\/div>\n\t<\/div>\n<\/div>\n\t\t\t\t<\/div>\n\t\t\t\t<\/div>\n\t\t\t\t<div class=\"elementor-element elementor-element-10b0fa1 elementor-widget__width-inherit elementor-widget elementor-widget-carsten_core_image_with_text\" data-id=\"10b0fa1\" data-element_type=\"widget\" data-e-type=\"widget\" data-widget_type=\"carsten_core_image_with_text.default\">\n\t\t\t\t<div class=\"elementor-widget-container\">\n\t\t\t\t\t<div class=\"qodef-shortcode qodef-m  qodef-image-with-text qodef-layout--text-below  qodef--has-appear qodef--has-hover\" data-appear-delay=\"79\">\n\t<div class=\"qodef-m-image\">\n\t\t\t<img loading=\"lazy\" decoding=\"async\" width=\"956\" height=\"1280\" src=\"https:\/\/www.vsmaria.it\/wp-content\/uploads\/2025\/01\/wellness_0029.jpg\" class=\"attachment-full size-full\" alt=\"\" srcset=\"https:\/\/www.vsmaria.it\/wp-content\/uploads\/2025\/01\/wellness_0029.jpg 956w, https:\/\/www.vsmaria.it\/wp-content\/uploads\/2025\/01\/wellness_0029-224x300.jpg 224w, https:\/\/www.vsmaria.it\/wp-content\/uploads\/2025\/01\/wellness_0029-765x1024.jpg 765w, https:\/\/www.vsmaria.it\/wp-content\/uploads\/2025\/01\/wellness_0029-768x1028.jpg 768w\" sizes=\"(max-width: 956px) 100vw, 956px\" \/>\t<\/div>\n\t<div class=\"qodef-m-content\">\n\t\t\t<h4 class=\"qodef-m-title\" style=\"margin-top: 18px\">\n\t\t\t\t\tVor der Sport\t\t\t<\/h4>\n\t\t\t<div class=\"qodef-m-text\" >Energiebehandlung am ganzen K\u00f6rper, geeignet vor und nach sportlicher Bet\u00e4tigung, gegen Erm\u00fcdung und Verkrampfung, verk\u00fcrzt die Zeit der Erholung der Muskeln.<\/div>\n\t<\/div>\n<\/div>\n\t\t\t\t<\/div>\n\t\t\t\t<\/div>\n\t\t\t\t<div class=\"elementor-element elementor-element-1458ffa elementor-widget__width-inherit elementor-widget elementor-widget-carsten_core_image_with_text\" data-id=\"1458ffa\" data-element_type=\"widget\" data-e-type=\"widget\" data-widget_type=\"carsten_core_image_with_text.default\">\n\t\t\t\t<div class=\"elementor-widget-container\">\n\t\t\t\t\t<div class=\"qodef-shortcode qodef-m  qodef-image-with-text qodef-layout--text-below  qodef--has-appear qodef--has-hover\" data-appear-delay=\"379\">\n\t<div class=\"qodef-m-image\">\n\t\t\t<img loading=\"lazy\" decoding=\"async\" width=\"956\" height=\"1280\" src=\"https:\/\/www.vsmaria.it\/wp-content\/uploads\/2025\/01\/wellness_0072.jpg\" class=\"attachment-full size-full\" alt=\"\" srcset=\"https:\/\/www.vsmaria.it\/wp-content\/uploads\/2025\/01\/wellness_0072.jpg 956w, https:\/\/www.vsmaria.it\/wp-content\/uploads\/2025\/01\/wellness_0072-224x300.jpg 224w, https:\/\/www.vsmaria.it\/wp-content\/uploads\/2025\/01\/wellness_0072-765x1024.jpg 765w, https:\/\/www.vsmaria.it\/wp-content\/uploads\/2025\/01\/wellness_0072-768x1028.jpg 768w\" sizes=\"(max-width: 956px) 100vw, 956px\" \/>\t<\/div>\n\t<div class=\"qodef-m-content\">\n\t\t\t<h4 class=\"qodef-m-title\" style=\"margin-top: 18px\">\n\t\t\t\t\tHarmonie der sinne\t\t\t<\/h4>\n\t\t\t<div class=\"qodef-m-text\" >Spezielle Behandlung verwirklicht mit 4 H\u00e4nden durch harmo- nisch synchronisierte Bewegung durch 2 Masseure, schenkt das Empfinden von tiefem Gefallen und kompletter Unbek\u00fcm- mertheit. Harmonie f\u00fcr Geist und K\u00f6rper.<\/div>\n\t<\/div>\n<\/div>\n\t\t\t\t<\/div>\n\t\t\t\t<\/div>\n\t\t\t\t<\/div>\n\t\t\t\t<\/div>\n\t\t","protected":false},"excerpt":{"rendered":"<p>Unsere Wellnessbehandlungen f\u00fcr dich\u2026 Willkommen in unserer Wohlf\u00fchloase! Fausto und Francesca sind hier, um sich um Sie zu k\u00fcmmern und Ihnen ein Erlebnis purer Entspannung zu bieten. Wir freuen uns, Ihnen eine Reihe von ma\u00dfgeschneiderten Behandlungen anzubieten, die darauf ausgelegt sind, Ihre Bed\u00fcrfnisse zu erf\u00fcllen und Sie vollkommen zu regenerieren. Ob es sich um eine [&hellip;]<\/p>\n","protected":false},"author":1,"featured_media":0,"parent":0,"menu_order":0,"comment_status":"closed","ping_status":"closed","template":"page-full-width.php","meta":{"footnotes":""},"class_list":["post-15250","page","type-page","status-publish","hentry"],"_links":{"self":[{"href":"https:\/\/www.vsmaria.it\/de\/wp-json\/wp\/v2\/pages\/15250","targetHints":{"allow":["GET"]}}],"collection":[{"href":"https:\/\/www.vsmaria.it\/de\/wp-json\/wp\/v2\/pages"}],"about":[{"href":"https:\/\/www.vsmaria.it\/de\/wp-json\/wp\/v2\/types\/page"}],"author":[{"embeddable":true,"href":"https:\/\/www.vsmaria.it\/de\/wp-json\/wp\/v2\/users\/1"}],"replies":[{"embeddable":true,"href":"https:\/\/www.vsmaria.it\/de\/wp-json\/wp\/v2\/comments?post=15250"}],"version-history":[{"count":5,"href":"https:\/\/www.vsmaria.it\/de\/wp-json\/wp\/v2\/pages\/15250\/revisions"}],"predecessor-version":[{"id":15260,"href":"https:\/\/www.vsmaria.it\/de\/wp-json\/wp\/v2\/pages\/15250\/revisions\/15260"}],"wp:attachment":[{"href":"https:\/\/www.vsmaria.it\/de\/wp-json\/wp\/v2\/media?parent=15250"}],"curies":[{"name":"wp","href":"https:\/\/api.w.org\/{rel}","templated":true}]}}