{"id":15231,"date":"2025-01-08T12:50:05","date_gmt":"2025-01-08T11:50:05","guid":{"rendered":"http:\/\/vsmaria.youelba.com\/sostenibilita-ambientale\/"},"modified":"2026-02-14T15:26:24","modified_gmt":"2026-02-14T14:26:24","slug":"umweltvertraeglichkeit","status":"publish","type":"page","link":"https:\/\/www.vsmaria.it\/de\/umweltvertraeglichkeit\/","title":{"rendered":"Umweltvertr\u00e4glichkeit"},"content":{"rendered":"\t\t<div data-elementor-type=\"wp-page\" data-elementor-id=\"15231\" class=\"elementor elementor-15231 elementor-13113\" data-elementor-post-type=\"page\">\n\t\t\t\t<div class=\"elementor-element elementor-element-dc60740 e-con-full e-flex e-con e-parent\" data-id=\"dc60740\" data-element_type=\"container\" data-e-type=\"container\">\n\t\t<div class=\"elementor-element elementor-element-b7c7e65 e-con-full e-flex e-con e-child\" data-id=\"b7c7e65\" data-element_type=\"container\" data-e-type=\"container\">\n\t\t\t\t<div class=\"elementor-element elementor-element-cc69ccb elementor-widget__width-initial elementor-widget elementor-widget-carsten_core_section_title\" data-id=\"cc69ccb\" data-element_type=\"widget\" data-e-type=\"widget\" data-widget_type=\"carsten_core_section_title.default\">\n\t\t\t\t<div class=\"elementor-widget-container\">\n\t\t\t\t\t<div class=\"qodef-shortcode qodef-m  qodef-section-title qodef-alignment--left \">\n\t\t<h2 class=\"qodef-m-title\" >\n\t\t\t\t\tUmweltvertr\u00e4glichkeit\t\t\t<\/h2>\n\t\t<\/div>\n\t\t\t\t<\/div>\n\t\t\t\t<\/div>\n\t\t\t\t<div class=\"elementor-element elementor-element-f659b38 elementor-widget elementor-widget-text-editor\" data-id=\"f659b38\" data-element_type=\"widget\" data-e-type=\"widget\" data-widget_type=\"text-editor.default\">\n\t\t\t\t<div class=\"elementor-widget-container\">\n\t\t\t\t\t\t\t\t\t<div class=\"paragraph\"><strong class=\"\">Dein Urlaub kann die Welt ver\u00e4ndern. Tag f\u00fcr Tag.<\/strong><\/div><div class=\"paragraph\">Stell dir vor, du wachst umgeben von der unber\u00fchrten Natur der Insel Elba auf und wei\u00dft, dass jede deiner Entscheidungen hier einen positiven Fu\u00dfabdruck auf dem Planeten hinterl\u00e4sst. Das ist kein Traum: Es ist die Realit\u00e4t, die wir mit Leidenschaft geschaffen haben.<\/div><div>\u00a0<\/div><div class=\"paragraph\"><strong class=\"\">Die Sonne, die dich begr\u00fc\u00dft, ist dieselbe, die uns mit Energie versorgt.<\/strong> Unsere 20 kW starke Photovoltaikanlage verwandelt die elbanischen Sonnenstrahlen in saubere Energie f\u00fcr alle Sanit\u00e4ranlagen, w\u00e4hrend W\u00e4rmepumpen und thermische Solarpaneele das Wasser f\u00fcr deine Dusche auf nat\u00fcrlich intelligente Weise erhitzen.<\/div><div>\u00a0<\/div><div class=\"paragraph\"><strong class=\"\">Und wenn die Nacht \u00fcber den Campingplatz sinkt, ist jedes Licht, das dir den Weg weist, zu 100 % LED-Beleuchtung aus erneuerbarer Energie:<\/strong> ein warmes, einladendes Leuchten, das von der Sonne geboren wird, ohne die umgebende Natur je zu verraten.<\/div><div class=\"paragraph\"><strong>Wasser hier ist blaues Gold.<\/strong> Wir sind auf einer Insel, und jeder Tropfen ist ein Schatz, den es zu bewahren gilt. Deshalb sensibilisieren wir unsere G\u00e4ste f\u00fcr einen bewussten Umgang damit und haben Wasser- und Energiesparger\u00e4te installiert, die die kostbaren Ressourcen dieses Landes sch\u00fctzen. Deine Dusche ist nicht nur ein Moment der Entspannung: Sie ist eine Geste der Liebe zur Elba.<\/div><div>\u00a0<\/div><div class=\"paragraph\"><strong>Bewege dich frei, ohne zu verschmutzen.<\/strong> Lade dein Elektroauto tags\u00fcber kostenlos auf, erkunde die K\u00fcstenwege mit unseren E-Bikes, atme reine Luft ein ohne Motorenl\u00e4rm. Denn wahre Freiheit hinterl\u00e4sst keine Spuren.<\/div><div class=\"paragraph\"><strong>Jede deiner Handlungen hier z\u00e4hlt.<\/strong> Trennen wir gemeinsam M\u00fcll, denn nichts von dem, was die Natur uns schenkt, geht verloren. Und wenn die Sonne untergeht, wisse, dass die Energie, die den Campingplatz erhellt, aus zertifizierten erneuerbaren Quellen stammt: Wir kaufen gr\u00fcn, wir denken an die Zukunft.<\/div><div>\u00a0<\/div><div class=\"paragraph\"><strong>Komm und erlebe die Elba, wie sie erlebt werden sollte.<\/strong> Das ist nicht nur ein Urlaub: Es ist eine bewusste Entscheidung, eine Umarmung der Natur, ein Geschenk, das du dir selbst und dem Planeten machst.<\/div><div>\u00a0<\/div><div class=\"paragraph\"><em class=\"\">Hier ist Nachhaltigkeit keine Option. Sie ist unser Herz, das gemeinsam mit deinem schl\u00e4gt.<\/em><\/div>\t\t\t\t\t\t\t\t<\/div>\n\t\t\t\t<\/div>\n\t\t\t\t<div class=\"elementor-element elementor-element-f9d854c elementor-widget elementor-widget-spacer\" data-id=\"f9d854c\" data-element_type=\"widget\" data-e-type=\"widget\" data-widget_type=\"spacer.default\">\n\t\t\t\t<div class=\"elementor-widget-container\">\n\t\t\t\t\t\t\t<div class=\"elementor-spacer\">\n\t\t\t<div class=\"elementor-spacer-inner\"><\/div>\n\t\t<\/div>\n\t\t\t\t\t\t<\/div>\n\t\t\t\t<\/div>\n\t\t\t\t<div class=\"elementor-element elementor-element-49a6230 elementor-widget-divider--view-line elementor-widget elementor-widget-divider\" data-id=\"49a6230\" data-element_type=\"widget\" data-e-type=\"widget\" data-widget_type=\"divider.default\">\n\t\t\t\t<div class=\"elementor-widget-container\">\n\t\t\t\t\t\t\t<div class=\"elementor-divider\">\n\t\t\t<span class=\"elementor-divider-separator\">\n\t\t\t\t\t\t<\/span>\n\t\t<\/div>\n\t\t\t\t\t\t<\/div>\n\t\t\t\t<\/div>\n\t\t\t\t<div class=\"elementor-element elementor-element-83923db elementor-widget elementor-widget-spacer\" data-id=\"83923db\" data-element_type=\"widget\" data-e-type=\"widget\" data-widget_type=\"spacer.default\">\n\t\t\t\t<div class=\"elementor-widget-container\">\n\t\t\t\t\t\t\t<div class=\"elementor-spacer\">\n\t\t\t<div class=\"elementor-spacer-inner\"><\/div>\n\t\t<\/div>\n\t\t\t\t\t\t<\/div>\n\t\t\t\t<\/div>\n\t\t\t\t<\/div>\n\t\t\t\t<\/div>\n\t\t<div class=\"elementor-element elementor-element-b85c908 e-flex e-con-boxed e-con e-parent\" data-id=\"b85c908\" data-element_type=\"container\" data-e-type=\"container\">\n\t\t\t\t\t<div class=\"e-con-inner\">\n\t\t<div class=\"elementor-element elementor-element-97f34ca e-con-full e-flex e-con e-child\" data-id=\"97f34ca\" data-element_type=\"container\" data-e-type=\"container\">\n\t\t\t\t<div class=\"elementor-element elementor-element-2899402 elementor-widget elementor-widget-image\" data-id=\"2899402\" data-element_type=\"widget\" data-e-type=\"widget\" data-widget_type=\"image.default\">\n\t\t\t\t<div class=\"elementor-widget-container\">\n\t\t\t\t\t\t\t\t\t\t\t\t\t\t\t<img fetchpriority=\"high\" decoding=\"async\" width=\"315\" height=\"315\" src=\"https:\/\/www.vsmaria.it\/wp-content\/uploads\/2025\/06\/cropped-logo-islepark_quadrato.png\" class=\"attachment-large size-large wp-image-15870\" alt=\"\" srcset=\"https:\/\/www.vsmaria.it\/wp-content\/uploads\/2025\/06\/cropped-logo-islepark_quadrato.png 315w, https:\/\/www.vsmaria.it\/wp-content\/uploads\/2025\/06\/cropped-logo-islepark_quadrato-300x300.png 300w, https:\/\/www.vsmaria.it\/wp-content\/uploads\/2025\/06\/cropped-logo-islepark_quadrato-150x150.png 150w\" sizes=\"(max-width: 315px) 100vw, 315px\" \/>\t\t\t\t\t\t\t\t\t\t\t\t\t\t\t<\/div>\n\t\t\t\t<\/div>\n\t\t\t\t<\/div>\n\t\t<div class=\"elementor-element elementor-element-24e887a e-con-full e-flex e-con e-child\" data-id=\"24e887a\" data-element_type=\"container\" data-e-type=\"container\">\n\t\t\t\t<div class=\"elementor-element elementor-element-83b24c0 elementor-widget elementor-widget-image\" data-id=\"83b24c0\" data-element_type=\"widget\" data-e-type=\"widget\" data-widget_type=\"image.default\">\n\t\t\t\t<div class=\"elementor-widget-container\">\n\t\t\t\t\t\t\t\t\t\t\t\t\t\t\t<img decoding=\"async\" width=\"250\" height=\"115\" src=\"https:\/\/www.vsmaria.it\/wp-content\/uploads\/2025\/05\/logo-cets-partner.jpg\" class=\"attachment-large size-large wp-image-15855\" alt=\"\" \/>\t\t\t\t\t\t\t\t\t\t\t\t\t\t\t<\/div>\n\t\t\t\t<\/div>\n\t\t\t\t<\/div>\n\t\t\t\t<div class=\"elementor-element elementor-element-7686bfc elementor-widget elementor-widget-text-editor\" data-id=\"7686bfc\" data-element_type=\"widget\" data-e-type=\"widget\" data-widget_type=\"text-editor.default\">\n\t\t\t\t<div class=\"elementor-widget-container\">\n\t\t\t\t\t\t\t\t\t<div class=\"paragraph\"><strong>Das Qualit\u00e4tssiegel 2.0 \u2013 CETS Phase II<\/strong> stellt ein einzigartiges <strong>Umweltzertifizierungssystem f\u00fcr Unternehmen<\/strong> in unserer Region dar.<\/div><div class=\"paragraph\">Diese Anerkennung ist das Ergebnis einer Synthese zwischen der von Federparchi in der zweiten Phase der <strong>Europ\u00e4ischen Charta vorgeschlagenen<\/strong> Methodik und dem Umweltqualit\u00e4tssiegel, das von unserem Park bereits umgesetzt und zum zweiten Mal erneuert wurde.<\/div><div class=\"paragraph\">Dieses Siegel bezeugt unser konkretes Engagement f\u00fcr den Schutz der Umwelt und die F\u00f6rderung nachhaltiger Praktiken.<\/div><div>\u00a0<\/div><div class=\"paragraph\">Es ist ein Zeichen, das unsere Hingabe beweist, hohe Standards der Umweltverantwortung einzuhalten, und unseren Kunden ein Erlebnis bietet, <strong>das von Nachhaltigkeit und Respekt f\u00fcr die Natur gepr\u00e4gt ist.<\/strong><\/div>\t\t\t\t\t\t\t\t<\/div>\n\t\t\t\t<\/div>\n\t\t\t\t\t<\/div>\n\t\t\t\t<\/div>\n\t\t<div class=\"elementor-element elementor-element-99bd530 e-flex e-con-boxed e-con e-parent\" data-id=\"99bd530\" data-element_type=\"container\" data-e-type=\"container\">\n\t\t\t\t\t<div class=\"e-con-inner\">\n\t\t\t\t<div class=\"elementor-element elementor-element-4e90edb elementor-widget elementor-widget-spacer\" data-id=\"4e90edb\" data-element_type=\"widget\" data-e-type=\"widget\" data-widget_type=\"spacer.default\">\n\t\t\t\t<div class=\"elementor-widget-container\">\n\t\t\t\t\t\t\t<div class=\"elementor-spacer\">\n\t\t\t<div class=\"elementor-spacer-inner\"><\/div>\n\t\t<\/div>\n\t\t\t\t\t\t<\/div>\n\t\t\t\t<\/div>\n\t\t\t\t\t<\/div>\n\t\t\t\t<\/div>\n\t\t\t\t<\/div>\n\t\t","protected":false},"excerpt":{"rendered":"<p>Umweltvertr\u00e4glichkeit Dein Urlaub kann die Welt ver\u00e4ndern. Tag f\u00fcr Tag.Stell dir vor, du wachst umgeben von der unber\u00fchrten Natur der Insel Elba auf und wei\u00dft, dass jede deiner Entscheidungen hier einen positiven Fu\u00dfabdruck auf dem Planeten hinterl\u00e4sst. Das ist kein Traum: Es ist die Realit\u00e4t, die wir mit Leidenschaft geschaffen haben.\u00a0Die Sonne, die dich begr\u00fc\u00dft, [&hellip;]<\/p>\n","protected":false},"author":1,"featured_media":0,"parent":0,"menu_order":0,"comment_status":"closed","ping_status":"closed","template":"page-full-width.php","meta":{"footnotes":""},"class_list":["post-15231","page","type-page","status-publish","hentry"],"_links":{"self":[{"href":"https:\/\/www.vsmaria.it\/de\/wp-json\/wp\/v2\/pages\/15231","targetHints":{"allow":["GET"]}}],"collection":[{"href":"https:\/\/www.vsmaria.it\/de\/wp-json\/wp\/v2\/pages"}],"about":[{"href":"https:\/\/www.vsmaria.it\/de\/wp-json\/wp\/v2\/types\/page"}],"author":[{"embeddable":true,"href":"https:\/\/www.vsmaria.it\/de\/wp-json\/wp\/v2\/users\/1"}],"replies":[{"embeddable":true,"href":"https:\/\/www.vsmaria.it\/de\/wp-json\/wp\/v2\/comments?post=15231"}],"version-history":[{"count":5,"href":"https:\/\/www.vsmaria.it\/de\/wp-json\/wp\/v2\/pages\/15231\/revisions"}],"predecessor-version":[{"id":16371,"href":"https:\/\/www.vsmaria.it\/de\/wp-json\/wp\/v2\/pages\/15231\/revisions\/16371"}],"wp:attachment":[{"href":"https:\/\/www.vsmaria.it\/de\/wp-json\/wp\/v2\/media?parent=15231"}],"curies":[{"name":"wp","href":"https:\/\/api.w.org\/{rel}","templated":true}]}}