{"id":15206,"date":"2025-01-10T16:43:44","date_gmt":"2025-01-10T15:43:44","guid":{"rendered":"http:\/\/vsmaria.youelba.com\/my-vsmaria-app\/"},"modified":"2025-01-30T15:13:33","modified_gmt":"2025-01-30T14:13:33","slug":"my-vsmaria-app","status":"publish","type":"page","link":"https:\/\/www.vsmaria.it\/de\/my-vsmaria-app\/","title":{"rendered":"My Vsmaria App"},"content":{"rendered":"\t\t<div data-elementor-type=\"wp-page\" data-elementor-id=\"15206\" class=\"elementor elementor-15206 elementor-13199\" data-elementor-post-type=\"page\">\n\t\t\t\t<div class=\"elementor-element elementor-element-a4404eb e-con-full e-flex e-con e-parent\" data-id=\"a4404eb\" data-element_type=\"container\" data-e-type=\"container\">\n\t\t<div class=\"elementor-element elementor-element-99daa89 e-con-full e-flex e-con e-child\" data-id=\"99daa89\" data-element_type=\"container\" data-e-type=\"container\" data-settings=\"{&quot;background_background&quot;:&quot;classic&quot;}\">\n\t\t<div class=\"elementor-element elementor-element-630d6a7 e-con-full e-flex e-con e-child\" data-id=\"630d6a7\" data-element_type=\"container\" data-e-type=\"container\">\n\t\t\t\t<div class=\"elementor-element elementor-element-e90b5b1 elementor-widget elementor-widget-carsten_core_button\" data-id=\"e90b5b1\" data-element_type=\"widget\" data-e-type=\"widget\" data-widget_type=\"carsten_core_button.default\">\n\t\t\t\t<div class=\"elementor-widget-container\">\n\t\t\t\t\t<a class=\"qodef-shortcode qodef-m  qodef-button qodef-layout--outlined  qodef-html--link\" href=\"https:\/\/apps.apple.com\/it\/app\/myvsmaria\/id1257683431\" target=\"_blank\" >\n\t<span class=\"qodef-m-text\">App Store<\/span>\n<\/a>\n\t\t\t\t<\/div>\n\t\t\t\t<\/div>\n\t\t\t\t<div class=\"elementor-element elementor-element-515ec27 elementor-widget elementor-widget-carsten_core_button\" data-id=\"515ec27\" data-element_type=\"widget\" data-e-type=\"widget\" data-widget_type=\"carsten_core_button.default\">\n\t\t\t\t<div class=\"elementor-widget-container\">\n\t\t\t\t\t<a class=\"qodef-shortcode qodef-m  qodef-button qodef-layout--outlined  qodef-html--link\" href=\"https:\/\/play.google.com\/store\/apps\/details?id=camp.pod.vsmaria&#038;hl=it\" target=\"_blank\" >\n\t<span class=\"qodef-m-text\">Google play<\/span>\n<\/a>\n\t\t\t\t<\/div>\n\t\t\t\t<\/div>\n\t\t\t\t<\/div>\n\t\t\t\t<\/div>\n\t\t<div class=\"elementor-element elementor-element-c85e015 e-con-full e-flex e-con e-child\" data-id=\"c85e015\" data-element_type=\"container\" data-e-type=\"container\">\n\t\t\t\t<div class=\"elementor-element elementor-element-9c5b625 elementor-widget elementor-widget-carsten_core_section_title\" data-id=\"9c5b625\" data-element_type=\"widget\" data-e-type=\"widget\" data-widget_type=\"carsten_core_section_title.default\">\n\t\t\t\t<div class=\"elementor-widget-container\">\n\t\t\t\t\t<div class=\"qodef-shortcode qodef-m  qodef-section-title qodef-alignment--center \">\n\t\t<h3 class=\"qodef-m-title\" >\n\t\t\t\t\tLade die myVSMaria-App herunter\t\t\t<\/h3>\n\t\t<\/div>\n\t\t\t\t<\/div>\n\t\t\t\t<\/div>\n\t\t\t\t<div class=\"elementor-element elementor-element-4164fc2 elementor-widget elementor-widget-text-editor\" data-id=\"4164fc2\" data-element_type=\"widget\" data-e-type=\"widget\" data-widget_type=\"text-editor.default\">\n\t\t\t\t<div class=\"elementor-widget-container\">\n\t\t\t\t\t\t\t\t\t<p style=\"text-align: center;\">Entdecke den Campingplatz Valle Santa Maria<\/p>\t\t\t\t\t\t\t\t<\/div>\n\t\t\t\t<\/div>\n\t\t<div class=\"elementor-element elementor-element-044e71b e-con-full e-flex e-con e-child\" data-id=\"044e71b\" data-element_type=\"container\" data-e-type=\"container\">\n\t\t\t\t<div class=\"elementor-element elementor-element-2933101 elementor-widget elementor-widget-text-editor\" data-id=\"2933101\" data-element_type=\"widget\" data-e-type=\"widget\" data-widget_type=\"text-editor.default\">\n\t\t\t\t<div class=\"elementor-widget-container\">\n\t\t\t\t\t\t\t\t\t<p>Entdecke den Campingplatz Valle Santa Maria mit seiner App, die viele Funktionen f\u00fcr deinen Urlaub bietet. Verbringe einen angenehmen und entspannten Aufenthalt in der wundersch\u00f6nen Bucht von Lacona auf der Insel Elba in diesem Campingplatz mit Stellpl\u00e4tzen, Mobilheimen und Apartments.<\/p><p>Falls du noch nie in der Anlage warst, lade jetzt die App herunter, um die Online-Buchung auszuprobieren, alle Unterk\u00fcnfte zu vergleichen und dich \u00fcber die Dienstleistungen dieses in der Natur gelegenen Campingdorfs zu informieren: 20.000 m\u00b2 in der Mittelmeermacchia mit privatem Strand.<\/p><p>W\u00e4hrend deines Aufenthalts wird dir die App nach dem Einloggen helfen, auf deinen privaten Bereich zuzugreifen, die Buchung deiner Urlaubsgemeinschaft zu \u00fcberpr\u00fcfen und Benachrichtigungen \u00fcber Veranstaltungen des Campingplatzes Valle Santa Maria zu erhalten.<\/p><p>Bleibe informiert, lade die App My VS Maria herunter!<\/p>\t\t\t\t\t\t\t\t<\/div>\n\t\t\t\t<\/div>\n\t\t\t\t<\/div>\n\t\t\t\t<div class=\"elementor-element elementor-element-413b4ed elementor-widget elementor-widget-video\" data-id=\"413b4ed\" data-element_type=\"widget\" data-e-type=\"widget\" data-settings=\"{&quot;youtube_url&quot;:&quot;https:\\\/\\\/www.youtube.com\\\/watch?v=GS-fHhtREc8&amp;t=14s&quot;,&quot;video_type&quot;:&quot;youtube&quot;,&quot;controls&quot;:&quot;yes&quot;}\" data-widget_type=\"video.default\">\n\t\t\t\t<div class=\"elementor-widget-container\">\n\t\t\t\t\t\t\t<div class=\"elementor-wrapper elementor-open-inline\">\n\t\t\t<div class=\"elementor-video\"><\/div>\t\t<\/div>\n\t\t\t\t\t\t<\/div>\n\t\t\t\t<\/div>\n\t\t\t\t<\/div>\n\t\t\t\t<\/div>\n\t\t<div class=\"elementor-element elementor-element-a06a488 e-con-full e-flex e-con e-parent\" data-id=\"a06a488\" data-element_type=\"container\" data-e-type=\"container\">\n\t\t\t\t<div class=\"elementor-element elementor-element-2101f16 elementor-widget__width-initial elementor-widget elementor-widget-carsten_core_section_title\" data-id=\"2101f16\" data-element_type=\"widget\" data-e-type=\"widget\" data-widget_type=\"carsten_core_section_title.default\">\n\t\t\t\t<div class=\"elementor-widget-container\">\n\t\t\t\t\t<div class=\"qodef-shortcode qodef-m  qodef-section-title qodef-alignment--left \">\n\t\t<h3 class=\"qodef-m-title\" style=\"text-transform: uppercase\">\n\t\t\t\t\tLade die Campingplatz-App herunter und du wirst...\t\t\t<\/h3>\n\t\t<\/div>\n\t\t\t\t<\/div>\n\t\t\t\t<\/div>\n\t\t\t\t<\/div>\n\t\t<div class=\"elementor-element elementor-element-9de0665 e-con-full e-flex e-con e-parent\" data-id=\"9de0665\" data-element_type=\"container\" data-e-type=\"container\">\n\t\t\t\t<div class=\"elementor-element elementor-element-e558e66 elementor-widget elementor-widget-carsten_core_banner\" data-id=\"e558e66\" data-element_type=\"widget\" data-e-type=\"widget\" data-widget_type=\"carsten_core_banner.default\">\n\t\t\t\t<div class=\"elementor-widget-container\">\n\t\t\t\t\t<div class=\"qodef-shortcode qodef-m  qodef-banner qodef-layout--link-button\">\n\t<div class=\"qodef-m-image\">\n\t<img fetchpriority=\"high\" decoding=\"async\" width=\"400\" height=\"711\" src=\"https:\/\/www.vsmaria.it\/wp-content\/uploads\/2025\/01\/IMG_6941-400x711-1.jpg\" class=\"attachment-full size-full\" alt=\"VsMaria app\" srcset=\"https:\/\/www.vsmaria.it\/wp-content\/uploads\/2025\/01\/IMG_6941-400x711-1.jpg 400w, https:\/\/www.vsmaria.it\/wp-content\/uploads\/2025\/01\/IMG_6941-400x711-1-169x300.jpg 169w\" sizes=\"(max-width: 400px) 100vw, 400px\" \/><\/div>\n\t<div class=\"qodef-m-content\">\n\t\t<div class=\"qodef-m-content-inner\">\n\t\t\t\t\t\t\t\t\t\t\t\t\t<div class=\"qodef-m-button\">\n\t\t<a class=\"qodef-shortcode qodef-m  qodef-button qodef-layout--filled  qodef-html--link\" href=\"\" target=\"_self\" >\t<span class=\"qodef-m-text\">W\u00e4hle die Unterkunft, die du m\u00f6chtest<\/span><\/a>\t<\/div>\n\t\t<\/div>\n\t<\/div>\n<\/div>\n\t\t\t\t<\/div>\n\t\t\t\t<\/div>\n\t\t\t\t<div class=\"elementor-element elementor-element-f91565b elementor-widget elementor-widget-carsten_core_banner\" data-id=\"f91565b\" data-element_type=\"widget\" data-e-type=\"widget\" data-widget_type=\"carsten_core_banner.default\">\n\t\t\t\t<div class=\"elementor-widget-container\">\n\t\t\t\t\t<div class=\"qodef-shortcode qodef-m  qodef-banner qodef-layout--link-button\">\n\t<div class=\"qodef-m-image\">\n\t<img decoding=\"async\" width=\"400\" height=\"711\" src=\"https:\/\/www.vsmaria.it\/wp-content\/uploads\/2025\/01\/IMG_6937-400x711-1.jpg\" class=\"attachment-full size-full\" alt=\"VsMaria app\" srcset=\"https:\/\/www.vsmaria.it\/wp-content\/uploads\/2025\/01\/IMG_6937-400x711-1.jpg 400w, https:\/\/www.vsmaria.it\/wp-content\/uploads\/2025\/01\/IMG_6937-400x711-1-169x300.jpg 169w\" sizes=\"(max-width: 400px) 100vw, 400px\" \/><\/div>\n\t<div class=\"qodef-m-content\">\n\t\t<div class=\"qodef-m-content-inner\">\n\t\t\t\t\t\t\t\t\t\t\t\t\t<div class=\"qodef-m-button\">\n\t\t<a class=\"qodef-shortcode qodef-m  qodef-button qodef-layout--filled  qodef-html--link\" href=\"#\" target=\"_self\" >\t<span class=\"qodef-m-text\">Buch deine Ferien direkt von deinem Smartphone<\/span><\/a>\t<\/div>\n\t\t<\/div>\n\t<\/div>\n<\/div>\n\t\t\t\t<\/div>\n\t\t\t\t<\/div>\n\t\t\t\t<div class=\"elementor-element elementor-element-848b83c elementor-widget elementor-widget-carsten_core_banner\" data-id=\"848b83c\" data-element_type=\"widget\" data-e-type=\"widget\" data-widget_type=\"carsten_core_banner.default\">\n\t\t\t\t<div class=\"elementor-widget-container\">\n\t\t\t\t\t<div class=\"qodef-shortcode qodef-m  qodef-banner qodef-layout--link-button\">\n\t<div class=\"qodef-m-image\">\n\t<img decoding=\"async\" width=\"400\" height=\"711\" src=\"https:\/\/www.vsmaria.it\/wp-content\/uploads\/2025\/01\/IMG_6938-400x711-1.jpg\" class=\"attachment-full size-full\" alt=\"VsMaria app\" srcset=\"https:\/\/www.vsmaria.it\/wp-content\/uploads\/2025\/01\/IMG_6938-400x711-1.jpg 400w, https:\/\/www.vsmaria.it\/wp-content\/uploads\/2025\/01\/IMG_6938-400x711-1-169x300.jpg 169w\" sizes=\"(max-width: 400px) 100vw, 400px\" \/><\/div>\n\t<div class=\"qodef-m-content\">\n\t\t<div class=\"qodef-m-content-inner\">\n\t\t\t\t\t\t\t\t\t\t\t\t\t<div class=\"qodef-m-button\">\n\t\t<a class=\"qodef-shortcode qodef-m  qodef-button qodef-layout--filled  qodef-html--link\" href=\"#\" target=\"_self\" >\t<span class=\"qodef-m-text\">Behalte deine Buchung im Auge und erledige den Check-in<\/span><\/a>\t<\/div>\n\t\t<\/div>\n\t<\/div>\n<\/div>\n\t\t\t\t<\/div>\n\t\t\t\t<\/div>\n\t\t\t\t<div class=\"elementor-element elementor-element-c7cc6c4 elementor-widget elementor-widget-carsten_core_banner\" data-id=\"c7cc6c4\" data-element_type=\"widget\" data-e-type=\"widget\" data-widget_type=\"carsten_core_banner.default\">\n\t\t\t\t<div class=\"elementor-widget-container\">\n\t\t\t\t\t<div class=\"qodef-shortcode qodef-m  qodef-banner qodef-layout--link-button\">\n\t<div class=\"qodef-m-image\">\n\t<img loading=\"lazy\" decoding=\"async\" width=\"400\" height=\"711\" src=\"https:\/\/www.vsmaria.it\/wp-content\/uploads\/2025\/01\/IMG_6942-400x711-1.jpg\" class=\"attachment-full size-full\" alt=\"VsMaria app\" srcset=\"https:\/\/www.vsmaria.it\/wp-content\/uploads\/2025\/01\/IMG_6942-400x711-1.jpg 400w, https:\/\/www.vsmaria.it\/wp-content\/uploads\/2025\/01\/IMG_6942-400x711-1-169x300.jpg 169w\" sizes=\"(max-width: 400px) 100vw, 400px\" \/><\/div>\n\t<div class=\"qodef-m-content\">\n\t\t<div class=\"qodef-m-content-inner\">\n\t\t\t\t\t\t\t\t\t\t\t\t\t<div class=\"qodef-m-button\">\n\t\t<a class=\"qodef-shortcode qodef-m  qodef-button qodef-layout--filled  qodef-html--link\" href=\"#\" target=\"_self\" >\t<span class=\"qodef-m-text\">Bleibe \u00fcber die Aktivit\u00e4ten des Campingplatzes durch personalisierte Benachrichtigungen informiert<\/span><\/a>\t<\/div>\n\t\t<\/div>\n\t<\/div>\n<\/div>\n\t\t\t\t<\/div>\n\t\t\t\t<\/div>\n\t\t\t\t<\/div>\n\t\t\t\t<\/div>\n\t\t","protected":false},"excerpt":{"rendered":"<p>App Store Google play Lade die myVSMaria-App herunter Entdecke den Campingplatz Valle Santa Maria Entdecke den Campingplatz Valle Santa Maria mit seiner App, die viele Funktionen f\u00fcr deinen Urlaub bietet. Verbringe einen angenehmen und entspannten Aufenthalt in der wundersch\u00f6nen Bucht von Lacona auf der Insel Elba in diesem Campingplatz mit Stellpl\u00e4tzen, Mobilheimen und Apartments. Falls [&hellip;]<\/p>\n","protected":false},"author":1,"featured_media":0,"parent":0,"menu_order":0,"comment_status":"closed","ping_status":"closed","template":"page-full-width.php","meta":{"footnotes":""},"class_list":["post-15206","page","type-page","status-publish","hentry"],"_links":{"self":[{"href":"https:\/\/www.vsmaria.it\/de\/wp-json\/wp\/v2\/pages\/15206","targetHints":{"allow":["GET"]}}],"collection":[{"href":"https:\/\/www.vsmaria.it\/de\/wp-json\/wp\/v2\/pages"}],"about":[{"href":"https:\/\/www.vsmaria.it\/de\/wp-json\/wp\/v2\/types\/page"}],"author":[{"embeddable":true,"href":"https:\/\/www.vsmaria.it\/de\/wp-json\/wp\/v2\/users\/1"}],"replies":[{"embeddable":true,"href":"https:\/\/www.vsmaria.it\/de\/wp-json\/wp\/v2\/comments?post=15206"}],"version-history":[{"count":5,"href":"https:\/\/www.vsmaria.it\/de\/wp-json\/wp\/v2\/pages\/15206\/revisions"}],"predecessor-version":[{"id":15212,"href":"https:\/\/www.vsmaria.it\/de\/wp-json\/wp\/v2\/pages\/15206\/revisions\/15212"}],"wp:attachment":[{"href":"https:\/\/www.vsmaria.it\/de\/wp-json\/wp\/v2\/media?parent=15206"}],"curies":[{"name":"wp","href":"https:\/\/api.w.org\/{rel}","templated":true}]}}