{"id":15173,"date":"2024-11-20T15:58:26","date_gmt":"2024-11-20T14:58:26","guid":{"rendered":"http:\/\/vsmaria.youelba.com\/listino-camping\/"},"modified":"2026-04-08T10:18:17","modified_gmt":"2026-04-08T08:18:17","slug":"preiseliste-campingplatz","status":"publish","type":"page","link":"https:\/\/www.vsmaria.it\/de\/preiseliste-campingplatz\/","title":{"rendered":"Preiseliste Campingplatz"},"content":{"rendered":"<p><!-- PREISLISTE CAMPING 2026 - CAMPING VALLE SANTA MARIA - DE --><\/p>\n<section class=\"vsm-prices-2026\">\n<h2>Preisliste Camping 2026<\/h2>\n<p>\n    Alle Tagespreise des Camping Valle Santa Maria f\u00fcr die Saison 2026,<br \/>\n    besonders gedacht f\u00fcr Familien und f\u00fcr alle, die das Meer nur wenige Schritte vom Strand entfernt erleben m\u00f6chten.\n  <\/p>\n<div class=\"vsm-novita-2026\">\n<h3>Neuheiten 2026 \u2013 Family &amp; Sea Advantage<\/h3>\n<ul>\n<li><strong>Kinder bis 2 Jahre gratis<\/strong><\/li>\n<li><strong>Kinderpreise gelten bis 10 Jahre<\/strong><\/li>\n<li>Klare und transparente Preise, ohne versteckte Kosten<\/li>\n<li>Camping direkt am Meer, nur wenige Schritte vom Strand entfernt<\/li>\n<\/ul>\n<p>\n      Mehr inklusive Leistungen, mehr Freiheit und weniger Sorgen: Wir wollten dir einen Urlaub bieten,<br \/>\n      der noch einfacher, nachhaltiger und vorteilhafter ist, ohne auf Qualit\u00e4t und die einzigartige Lage am Meer zu verzichten.\n    <\/p>\n<\/p><\/div>\n<div class=\"vsm-servizi-inclusi\">\n<div class=\"vsm-servizi-title\">\u2728 Im Preis inbegriffene Leistungen<\/div>\n<div class=\"vsm-servizi-grid\">\n<div class=\"vsm-servizio\">\ud83d\udcf6 Basic-WLAN<\/div>\n<div class=\"vsm-servizio\">\u26a1 Ladung f\u00fcr Elektroautos (10:00\u201319:00 Uhr)<\/div>\n<div class=\"vsm-servizio\">\ud83c\udfd6\ufe0f Direkter Zugang zum Strand<\/div>\n<div class=\"vsm-servizio\">\ud83d\udc68\u200d\ud83d\udc69\u200d\ud83d\udc67\u200d\ud83d\udc66 Familienfreundlich<\/div>\n<\/p><\/div>\n<\/p><\/div>\n<div class=\"vsm-listino-camping\">\n<h3>Tagespreise Camping 2026 (inkl. MwSt.)<\/h3>\n<div class=\"vsm-table-wrapper\">\n<table class=\"vsm-table-prezzi\">\n<thead>\n<tr>\n<th>Kategorie<\/th>\n<th>&lt; 23.05<\/th>\n<th>23.05\u201304.07<\/th>\n<th>04.07\u201301.08<\/th>\n<th>01.08\u201329.08<\/th>\n<th>29.08\u201312.09<\/th>\n<th>12.09\u201317.10<\/th>\n<th>17.10 &gt;<\/th>\n<\/tr>\n<\/thead>\n<tbody>\n<tr>\n<td><strong>Person<\/strong><\/td>\n<td>\u20ac 8,50<\/td>\n<td>\u20ac 13,00<\/td>\n<td>\u20ac 16,00<\/td>\n<td>\u20ac 18,00<\/td>\n<td>\u20ac 16,00<\/td>\n<td>\u20ac 13,00<\/td>\n<td>\u20ac 8,50<\/td>\n<\/tr>\n<tr>\n<td><strong>Kind 2\u201310 Jahre<\/strong><\/td>\n<td>\u20ac 5,00<\/td>\n<td>\u20ac 6,50<\/td>\n<td>\u20ac 8,00<\/td>\n<td>\u20ac 10,00<\/td>\n<td>\u20ac 8,00<\/td>\n<td>\u20ac 6,50<\/td>\n<td>\u20ac 5,00<\/td>\n<\/tr>\n<tr>\n<td><strong>Zelt \/ Wohnwagen<\/strong><\/td>\n<td>\u20ac 17,00<\/td>\n<td>\u20ac 24,00<\/td>\n<td>\u20ac 27,00<\/td>\n<td>\u20ac 30,00<\/td>\n<td>\u20ac 27,00<\/td>\n<td>\u20ac 24,00<\/td>\n<td>\u20ac 17,00<\/td>\n<\/tr>\n<tr>\n<td><strong>Wohnmobil<\/strong><\/td>\n<td>\u20ac 20,00<\/td>\n<td>\u20ac 27,00<\/td>\n<td>\u20ac 30,00<\/td>\n<td>\u20ac 34,00<\/td>\n<td>\u20ac 30,00<\/td>\n<td>\u20ac 27,00<\/td>\n<td>\u20ac 20,00<\/td>\n<\/tr>\n<tr>\n<td><strong>Auto<\/strong><\/td>\n<td>\u20ac 3,00<\/td>\n<td>\u20ac 3,00<\/td>\n<td>\u20ac 3,00<\/td>\n<td>\u20ac 3,00<\/td>\n<td>\u20ac 3,00<\/td>\n<td>\u20ac 3,00<\/td>\n<td>\u20ac 3,00<\/td>\n<\/tr>\n<tr>\n<td><strong>Motorrad<\/strong><\/td>\n<td>\u20ac 2,50<\/td>\n<td>\u20ac 2,50<\/td>\n<td>\u20ac 2,50<\/td>\n<td>\u20ac 2,50<\/td>\n<td>\u20ac 2,50<\/td>\n<td>\u20ac 2,50<\/td>\n<td>\u20ac 2,50<\/td>\n<\/tr>\n<tr>\n<td><strong>Hund<\/strong><\/td>\n<td>\u20ac 6,00<\/td>\n<td>\u20ac 6,00<\/td>\n<td>\u20ac 6,00<\/td>\n<td>\u20ac 6,00<\/td>\n<td>\u20ac 6,00<\/td>\n<td>\u20ac 6,00<\/td>\n<td>\u20ac 6,00<\/td>\n<\/tr>\n<tr>\n<td><strong>Stromanschluss<\/strong><\/td>\n<td>\u20ac 3,50<\/td>\n<td>\u20ac 3,50<\/td>\n<td>\u20ac 3,50<\/td>\n<td>\u20ac 3,50<\/td>\n<td>\u20ac 3,50<\/td>\n<td>\u20ac 3,50<\/td>\n<td>\u20ac 3,50<\/td>\n<\/tr>\n<tr>\n<td><strong>Besucher*<\/strong><\/td>\n<td>\u20ac 6,00<\/td>\n<td>\u20ac 6,00<\/td>\n<td>\u20ac 6,00<\/td>\n<td>\u20ac 6,00<\/td>\n<td>\u20ac 6,00<\/td>\n<td>\u20ac 6,00<\/td>\n<td>\u20ac 6,00<\/td>\n<\/tr>\n<\/tbody>\n<\/table><\/div>\n<\/p><\/div>\n<div class=\"vsm-note-condizioni\">\n<p><strong>Wichtige Hinweise<\/strong><\/p>\n<ul>\n<li>Die Preise verstehen sich pro Tag und inklusive MwSt.<\/li>\n<li>Der Aufenthalt gilt von <strong>11:00 Uhr<\/strong> am Anreisetag bis <strong>10:00 Uhr<\/strong> am Abreisetag.<\/li>\n<li><em>Als Kinder gelten alle G\u00e4ste, die nach dem 01.01.2017 geboren sind; die nach dem 01.01.2025 Geborenen zahlen nicht.<\/em><\/li>\n<li>Bei versp\u00e4teter Anreise oder vorzeitiger Abreise m\u00fcssen wir leider den gesamten gebuchten Zeitraum berechnen.<\/li>\n<\/ul><\/div>\n<div class=\"vsm-cta-box\">\n    <a href=\"https:\/\/www.vsmaria.it\/de\/kontakt\/\" target=\"_blank\" class=\"vsm-btn-prenota\"><br \/>\n      Jetzt buchen!<br \/>\n    <\/a><\/p>\n<p>    <a href=\"https:\/\/wa.me\/393517510000\" target=\"_blank\" class=\"vsm-btn-whatsapp\"><br \/>\n      <span class=\"vsm-wa-icon\" aria-hidden=\"true\"><br \/>\n        <svg viewBox=\"0 0 32 32\" fill=\"currentColor\" xmlns=\"http:\/\/www.w3.org\/2000\/svg\">\n          <path d=\"M19.11 17.35c-.27-.14-1.58-.78-1.82-.87-.24-.09-.42-.14-.6.14-.18.27-.69.87-.85 1.05-.16.18-.31.2-.58.07-.27-.14-1.14-.42-2.16-1.33-.8-.71-1.34-1.58-1.5-1.85-.16-.27-.02-.41.12-.54.12-.12.27-.31.4-.47.13-.16.18-.27.27-.45.09-.18.05-.34-.02-.47-.07-.14-.6-1.45-.82-1.99-.22-.53-.44-.46-.6-.47l-.51-.01c-.18 0-.47.07-.71.34-.24.27-.93.91-.93 2.22 0 1.31.95 2.57 1.08 2.75.13.18 1.86 2.84 4.5 3.98.63.27 1.12.43 1.51.55.64.2 1.22.17 1.68.1.51-.08 1.58-.64 1.8-1.25.22-.61.22-1.14.16-1.25-.07-.11-.25-.18-.52-.32z\"\/>\n          <path d=\"M16.03 3.2c-6.99 0-12.65 5.66-12.65 12.65 0 2.22.58 4.38 1.68 6.29L3.2 28.8l6.83-1.79a12.61 12.61 0 0 0 6 1.52h.01c6.99 0 12.66-5.66 12.66-12.66 0-3.39-1.32-6.57-3.71-8.95A12.57 12.57 0 0 0 16.03 3.2zm0 23.2h-.01a10.52 10.52 0 0 1-5.36-1.47l-.38-.22-4.05 1.06 1.08-3.95-.25-.4a10.54 10.54 0 0 1-1.62-5.6c0-5.83 4.75-10.58 10.59-10.58 2.82 0 5.47 1.1 7.46 3.09a10.48 10.48 0 0 1 3.09 7.47c0 5.84-4.75 10.6-10.58 10.6z\"\/>\n        <\/svg><br \/>\n      <\/span><br \/>\n      Schreibe uns auf WhatsApp<br \/>\n    <\/a>\n  <\/div>\n<\/section>\n<style>\n  .vsm-prices-2026 {\n    max-width: 1000px;\n    margin: 0 auto 3rem auto;\n    padding: 1rem;\n  }\n  .vsm-prices-2026 h2 {\n    margin-top: 0;\n  }\n  .vsm-novita-2026 {\n    background: #f0f7fb;\n    border-left: 4px solid #2b6ea8;\n    padding: 1rem 1.25rem;\n    margin: 1.5rem 0;\n    border-radius: 4px;\n  }\n  .vsm-novita-2026 h3 {\n    margin-top: 0;\n  }\n  .vsm-servizi-inclusi {\n    background: linear-gradient(135deg, #e8f6fb, #f5fbff);\n    border-radius: 10px;\n    padding: 1.2rem;\n    margin: 1.5rem 0;\n    border: 1px solid #d0e7f2;\n    text-align: center;\n  }\n  .vsm-servizi-title {\n    font-size: 1.2rem;\n    font-weight: bold;\n    margin-bottom: 0.8rem;\n    color: #2b6ea8;\n  }\n  .vsm-servizi-grid {\n    display: flex;\n    flex-wrap: wrap;\n    justify-content: center;\n    gap: 10px;\n  }\n  .vsm-servizio {\n    background: white;\n    padding: 0.5rem 0.8rem;\n    border-radius: 20px;\n    font-size: 0.9rem;\n    border: 1px solid #e0e0e0;\n    transition: all 0.2s ease;\n  }\n  .vsm-servizio:hover {\n    background: #2b6ea8;\n    color: white;\n    transform: translateY(-2px);\n  }\n  .vsm-table-wrapper {\n    overflow-x: auto;\n  }\n  .vsm-table-prezzi {\n    width: 100%;\n    border-collapse: collapse;\n    margin: 1rem 0;\n    font-size: 0.95rem;\n  }\n  .vsm-table-prezzi th,\n  .vsm-table-prezzi td {\n    border: 1px solid #ddd;\n    padding: 0.5rem 0.4rem;\n    text-align: center;\n    white-space: nowrap;\n  }\n  .vsm-table-prezzi th {\n    background-color: #f5f5f5;\n  }\n  .vsm-table-prezzi tbody tr:nth-child(even) {\n    background-color: #fafafa;\n  }\n  .vsm-table-prezzi tbody tr:hover {\n    background-color: #e3f2fd;\n  }\n  .vsm-note-condizioni {\n    margin-top: 1.5rem;\n    font-size: 0.9rem;\n  }\n  .vsm-note-condizioni ul {\n    padding-left: 1.2rem;\n  }\n  .vsm-cta-box {\n    text-align: center;\n    margin-top: 2.5rem;\n  }\n  .vsm-btn-prenota,\n  .vsm-btn-whatsapp {\n    display: inline-flex;\n    align-items: center;\n    justify-content: center;\n    gap: 10px;\n    text-decoration: none;\n    font-weight: 700;\n    border-radius: 999px;\n    padding: 0.95rem 2rem;\n    transition: all 0.25s ease;\n    margin: 0.45rem;\n  }\n  .vsm-btn-prenota {\n    background: linear-gradient(135deg, #2b6ea8, #4fc3f7);\n    color: #ffffff;\n    box-shadow: 0 6px 18px rgba(0,0,0,0.18);\n    font-size: 1.15rem;\n  }\n  .vsm-btn-prenota:hover {\n    transform: translateY(-3px) scale(1.02);\n    box-shadow: 0 10px 24px rgba(0,0,0,0.22);\n  }\n  .vsm-btn-whatsapp {\n    background: #25D366;\n    color: #ffffff;\n    box-shadow: 0 6px 18px rgba(37,211,102,0.25);\n    font-size: 1rem;\n  }\n  .vsm-btn-whatsapp:hover {\n    transform: translateY(-3px) scale(1.02);\n    box-shadow: 0 10px 24px rgba(37,211,102,0.3);\n  }\n  .vsm-wa-icon {\n    width: 22px;\n    height: 22px;\n    display: inline-flex;\n  }\n  .vsm-wa-icon svg {\n    width: 22px;\n    height: 22px;\n    display: block;\n  }\n  @media (max-width: 768px) {\n    .vsm-btn-prenota,\n    .vsm-btn-whatsapp {\n      width: 100%;\n      max-width: 360px;\n    }\n  }\n<\/style>\n","protected":false},"excerpt":{"rendered":"<p>Preisliste Camping 2026 Alle Tagespreise des Camping Valle Santa Maria f\u00fcr die Saison 2026, besonders gedacht f\u00fcr Familien und f\u00fcr alle, die das Meer nur wenige Schritte vom Strand entfernt erleben m\u00f6chten. Neuheiten 2026 \u2013 Family &amp; Sea Advantage Kinder bis 2 Jahre gratis Kinderpreise gelten bis 10 Jahre Klare und transparente Preise, ohne versteckte [&hellip;]<\/p>\n","protected":false},"author":1,"featured_media":0,"parent":0,"menu_order":0,"comment_status":"closed","ping_status":"closed","template":"","meta":{"footnotes":""},"class_list":["post-15173","page","type-page","status-publish","hentry"],"_links":{"self":[{"href":"https:\/\/www.vsmaria.it\/de\/wp-json\/wp\/v2\/pages\/15173","targetHints":{"allow":["GET"]}}],"collection":[{"href":"https:\/\/www.vsmaria.it\/de\/wp-json\/wp\/v2\/pages"}],"about":[{"href":"https:\/\/www.vsmaria.it\/de\/wp-json\/wp\/v2\/types\/page"}],"author":[{"embeddable":true,"href":"https:\/\/www.vsmaria.it\/de\/wp-json\/wp\/v2\/users\/1"}],"replies":[{"embeddable":true,"href":"https:\/\/www.vsmaria.it\/de\/wp-json\/wp\/v2\/comments?post=15173"}],"version-history":[{"count":7,"href":"https:\/\/www.vsmaria.it\/de\/wp-json\/wp\/v2\/pages\/15173\/revisions"}],"predecessor-version":[{"id":16559,"href":"https:\/\/www.vsmaria.it\/de\/wp-json\/wp\/v2\/pages\/15173\/revisions\/16559"}],"wp:attachment":[{"href":"https:\/\/www.vsmaria.it\/de\/wp-json\/wp\/v2\/media?parent=15173"}],"curies":[{"name":"wp","href":"https:\/\/api.w.org\/{rel}","templated":true}]}}