{"id":15166,"date":"2025-01-08T09:17:31","date_gmt":"2025-01-08T08:17:31","guid":{"rendered":"http:\/\/vsmaria.youelba.com\/glamping\/"},"modified":"2026-01-11T10:04:38","modified_gmt":"2026-01-11T09:04:38","slug":"glamping","status":"publish","type":"page","link":"https:\/\/www.vsmaria.it\/de\/glamping\/","title":{"rendered":"Glamping"},"content":{"rendered":"\t\t<div data-elementor-type=\"wp-page\" data-elementor-id=\"15166\" class=\"elementor elementor-15166 elementor-12909\" data-elementor-post-type=\"page\">\n\t\t\t\t<div class=\"elementor-element elementor-element-6a8ec61 e-con-full e-flex e-con e-parent\" data-id=\"6a8ec61\" data-element_type=\"container\" data-e-type=\"container\" data-settings=\"{&quot;background_background&quot;:&quot;classic&quot;}\">\n\t\t\t\t<\/div>\n\t\t<div class=\"elementor-element elementor-element-8deddde e-con-full e-flex e-con e-parent\" data-id=\"8deddde\" data-element_type=\"container\" data-e-type=\"container\">\n\t\t<div class=\"elementor-element elementor-element-863318a e-con-full qodef-elementor-content-grid e-flex e-con e-child\" data-id=\"863318a\" data-element_type=\"container\" data-e-type=\"container\">\n\t\t\t\t<div class=\"elementor-element elementor-element-c9c8699 elementor-widget__width-initial elementor-widget elementor-widget-carsten_core_section_title\" data-id=\"c9c8699\" data-element_type=\"widget\" data-e-type=\"widget\" data-widget_type=\"carsten_core_section_title.default\">\n\t\t\t\t<div class=\"elementor-widget-container\">\n\t\t\t\t\t<div class=\"qodef-shortcode qodef-m  qodef-section-title qodef-alignment--center \">\n\t\t<h2 class=\"qodef-m-title\" style=\"text-transform: uppercase\">\n\t\t\t\t\tMit Blick auf das Meer einschlafen\t\t\t<\/h2>\n\t\t\t<p class=\"qodef-m-text\" >\n\nStell dir vor, du \u00f6ffnest morgens die Augen und siehst das Meer direkt vor dir \u2013 ohne das Bett zu verlassen.\nIn unseren zweist\u00f6ckigen Glamping-Unterk\u00fcnften bietet das obere Schlafzimmer mit Doppelbett einen wundersch\u00f6nen Blick auf das Meer, den man ganz entspannt vom Bett aus genie\u00dfen kann.\n\nNur wenige Schritte vom Strand entfernt, eingebettet in die Ruhe des Campingplatzes, verbinden sie die N\u00e4he zur Natur mit liebevoll gestaltetem Komfort.\nHier wird die Zeit langsamer, die Luft riecht nach Salz und jeder Tag beginnt mit einem besonderen Gef\u00fchl: wirklich im Urlaub zu sein.\n\nEs ist nicht einfach nur \u00dcbernachten am Meer.\nEs ist Aufwachen mit dem Meer in den Augen.<\/p>\n<\/div>\n\t\t\t\t<\/div>\n\t\t\t\t<\/div>\n\t\t\t\t<\/div>\n\t\t<div class=\"elementor-element elementor-element-3720170 e-con-full qodef-elementor-content-grid e-flex e-con e-child\" data-id=\"3720170\" data-element_type=\"container\" data-e-type=\"container\">\n\t\t\t\t<div class=\"elementor-element elementor-element-54fb3f8 elementor-widget elementor-widget-carsten_core_button\" data-id=\"54fb3f8\" data-element_type=\"widget\" data-e-type=\"widget\" data-widget_type=\"carsten_core_button.default\">\n\t\t\t\t<div class=\"elementor-widget-container\">\n\t\t\t\t\t<a class=\"qodef-shortcode qodef-m  qodef-button qodef-layout--filled  qodef-html--link\" href=\"\/de\/kontakt\/\" target=\"_self\" >\n\t<span class=\"qodef-m-text\">F\u00fcr Informationen und Buchungen<\/span>\n<\/a>\n\t\t\t\t<\/div>\n\t\t\t\t<\/div>\n\t\t\t\t<\/div>\n\t\t\t\t<\/div>\n\t\t<div class=\"elementor-element elementor-element-916c6cf e-con-full e-flex e-con e-parent\" data-id=\"916c6cf\" data-element_type=\"container\" data-e-type=\"container\" data-settings=\"{&quot;background_background&quot;:&quot;classic&quot;}\">\n\t\t\t\t<div class=\"elementor-element elementor-element-a8a810e elementor-widget elementor-widget-carsten_core_image_gallery\" data-id=\"a8a810e\" data-element_type=\"widget\" data-e-type=\"widget\" data-widget_type=\"carsten_core_image_gallery.default\">\n\t\t\t\t<div class=\"elementor-widget-container\">\n\t\t\t\t\t<div class=\"qodef-shortcode qodef-m  qodef-image-gallery   qodef-vertical-align--no  qodef-hover--overlay qodef-grid qodef-swiper-container  qodef-gutter--custom  qodef-col-num--2.2  qodef-responsive--custom qodef-col-num--1512--2.2 qodef-col-num--1368--2.2 qodef-col-num--1200--2.2 qodef-col-num--1024--2.2 qodef-col-num--880--2.2 qodef-col-num--680--1\" style=\"--qode-gutter-custom: 60px;--qode-gutter-custom-1512: 60px;--qode-gutter-custom-1200: 40px;--qode-gutter-custom-880: 40px;--qode-gutter-custom-680: 0px\" data-options=\"{&quot;spaceBetween&quot;:60,&quot;spaceBetween1512&quot;:60,&quot;spaceBetween1200&quot;:40,&quot;spaceBetween880&quot;:40,&quot;slidesPerView&quot;:2.2,&quot;loop&quot;:true,&quot;autoplay&quot;:true,&quot;speed&quot;:&quot;&quot;,&quot;speedAnimation&quot;:&quot;&quot;,&quot;slideAnimation&quot;:&quot;&quot;,&quot;direction&quot;:&quot;&quot;,&quot;reverseDirection&quot;:false,&quot;centeredSlides&quot;:true,&quot;sliderScroll&quot;:&quot;&quot;,&quot;loopedSlides&quot;:&quot;&quot;,&quot;hiddenSlides&quot;:&quot;&quot;,&quot;partialColumn&quot;:true,&quot;partialColumnValue&quot;:&quot;0.2&quot;,&quot;customStages&quot;:true,&quot;slidesPerView1512&quot;:2.2,&quot;slidesPerView1368&quot;:2.2,&quot;slidesPerView1200&quot;:2.2,&quot;slidesPerView1024&quot;:2.2,&quot;slidesPerView880&quot;:2.2,&quot;slidesPerView680&quot;:&quot;1&quot;}\">\n\t<div class=\"swiper-wrapper\">\n\t\t<div class=\"qodef-e qodef-image-wrapper swiper-slide \">\n\t\t\t<div class=\"qodef-e-image\">\n\t\t\t<img fetchpriority=\"high\" decoding=\"async\" src=\"https:\/\/www.vsmaria.it\/wp-content\/uploads\/2025\/01\/glamping_D80_5983-1080x1080.jpg\" alt=\"\" width=\"1080\" height=\"1080\" data-ratio=\"1\" \/>\t\t<\/div>\n\t\t\t<\/div>\n<div class=\"qodef-e qodef-image-wrapper swiper-slide \">\n\t\t\t<div class=\"qodef-e-image\">\n\t\t\t<img decoding=\"async\" src=\"https:\/\/www.vsmaria.it\/wp-content\/uploads\/2025\/01\/glamping_D80_5985-1080x1080.jpg\" alt=\"\" width=\"1080\" height=\"1080\" data-ratio=\"1\" \/>\t\t<\/div>\n\t\t\t<\/div>\n<div class=\"qodef-e qodef-image-wrapper swiper-slide \">\n\t\t\t<div class=\"qodef-e-image\">\n\t\t\t<img decoding=\"async\" src=\"https:\/\/www.vsmaria.it\/wp-content\/uploads\/2025\/01\/glamping_D80_6042-1080x1080.jpg\" alt=\"\" width=\"1080\" height=\"1080\" data-ratio=\"1\" \/>\t\t<\/div>\n\t\t\t<\/div>\n<div class=\"qodef-e qodef-image-wrapper swiper-slide \">\n\t\t\t<div class=\"qodef-e-image\">\n\t\t\t<img loading=\"lazy\" decoding=\"async\" src=\"https:\/\/www.vsmaria.it\/wp-content\/uploads\/2025\/01\/glamping_D80_6043-1080x1080.jpg\" alt=\"\" width=\"1080\" height=\"1080\" data-ratio=\"1\" \/>\t\t<\/div>\n\t\t\t<\/div>\n<div class=\"qodef-e qodef-image-wrapper swiper-slide \">\n\t\t\t<div class=\"qodef-e-image\">\n\t\t\t<img loading=\"lazy\" decoding=\"async\" src=\"https:\/\/www.vsmaria.it\/wp-content\/uploads\/2025\/01\/glamping_D80_6045-1080x1080.jpg\" alt=\"\" width=\"1080\" height=\"1080\" data-ratio=\"1\" \/>\t\t<\/div>\n\t\t\t<\/div>\n<div class=\"qodef-e qodef-image-wrapper swiper-slide \">\n\t\t\t<div class=\"qodef-e-image\">\n\t\t\t<img loading=\"lazy\" decoding=\"async\" src=\"https:\/\/www.vsmaria.it\/wp-content\/uploads\/2025\/01\/glamping_D80_6047-1080x1080.jpg\" alt=\"\" width=\"1080\" height=\"1080\" data-ratio=\"1\" \/>\t\t<\/div>\n\t\t\t<\/div>\n\t<\/div>\n\t\t<\/div>\n\t\t\t\t<\/div>\n\t\t\t\t<\/div>\n\t\t\t\t<\/div>\n\t\t\t\t<\/div>\n\t\t","protected":false},"excerpt":{"rendered":"<p>Mit Blick auf das Meer einschlafen Stell dir vor, du \u00f6ffnest morgens die Augen und siehst das Meer direkt vor dir \u2013 ohne das Bett zu verlassen. In unseren zweist\u00f6ckigen Glamping-Unterk\u00fcnften bietet das obere Schlafzimmer mit Doppelbett einen wundersch\u00f6nen Blick auf das Meer, den man ganz entspannt vom Bett aus genie\u00dfen kann. Nur wenige Schritte [&hellip;]<\/p>\n","protected":false},"author":1,"featured_media":0,"parent":0,"menu_order":0,"comment_status":"closed","ping_status":"closed","template":"page-full-width.php","meta":{"footnotes":""},"class_list":["post-15166","page","type-page","status-publish","hentry"],"_links":{"self":[{"href":"https:\/\/www.vsmaria.it\/de\/wp-json\/wp\/v2\/pages\/15166","targetHints":{"allow":["GET"]}}],"collection":[{"href":"https:\/\/www.vsmaria.it\/de\/wp-json\/wp\/v2\/pages"}],"about":[{"href":"https:\/\/www.vsmaria.it\/de\/wp-json\/wp\/v2\/types\/page"}],"author":[{"embeddable":true,"href":"https:\/\/www.vsmaria.it\/de\/wp-json\/wp\/v2\/users\/1"}],"replies":[{"embeddable":true,"href":"https:\/\/www.vsmaria.it\/de\/wp-json\/wp\/v2\/comments?post=15166"}],"version-history":[{"count":5,"href":"https:\/\/www.vsmaria.it\/de\/wp-json\/wp\/v2\/pages\/15166\/revisions"}],"predecessor-version":[{"id":16000,"href":"https:\/\/www.vsmaria.it\/de\/wp-json\/wp\/v2\/pages\/15166\/revisions\/16000"}],"wp:attachment":[{"href":"https:\/\/www.vsmaria.it\/de\/wp-json\/wp\/v2\/media?parent=15166"}],"curies":[{"name":"wp","href":"https:\/\/api.w.org\/{rel}","templated":true}]}}