{"id":15151,"date":"2025-01-10T16:12:15","date_gmt":"2025-01-10T15:12:15","guid":{"rendered":"http:\/\/vsmaria.youelba.com\/prenota-il-tuo-traghetto\/"},"modified":"2026-04-01T09:44:03","modified_gmt":"2026-04-01T07:44:03","slug":"buche-deine-faehre","status":"publish","type":"page","link":"https:\/\/www.vsmaria.it\/de\/buche-deine-faehre\/","title":{"rendered":"Buche deine F\u00e4hre"},"content":{"rendered":"\t\t<div data-elementor-type=\"wp-page\" data-elementor-id=\"15151\" class=\"elementor elementor-15151 elementor-13169\" data-elementor-post-type=\"page\">\n\t\t\t\t<div class=\"elementor-element elementor-element-f7c7169 e-con-full e-flex e-con e-parent\" data-id=\"f7c7169\" data-element_type=\"container\" data-e-type=\"container\" data-settings=\"{&quot;background_background&quot;:&quot;classic&quot;}\">\n\t\t\t\t<\/div>\n\t\t<div class=\"elementor-element elementor-element-569435a e-con-full e-flex e-con e-parent\" data-id=\"569435a\" data-element_type=\"container\" data-e-type=\"container\">\n\t\t<div class=\"elementor-element elementor-element-fd2b2f7 e-con-full e-flex e-con e-child\" data-id=\"fd2b2f7\" data-element_type=\"container\" data-e-type=\"container\" data-settings=\"{&quot;background_background&quot;:&quot;classic&quot;}\">\n\t\t<div class=\"elementor-element elementor-element-9dd9b8a e-con-full e-flex e-con e-child\" data-id=\"9dd9b8a\" data-element_type=\"container\" data-e-type=\"container\">\n\t\t\t\t<div class=\"elementor-element elementor-element-cdd3249 elementor-widget elementor-widget-carsten_core_section_title\" data-id=\"cdd3249\" data-element_type=\"widget\" data-e-type=\"widget\" data-widget_type=\"carsten_core_section_title.default\">\n\t\t\t\t<div class=\"elementor-widget-container\">\n\t\t\t\t\t<div class=\"qodef-shortcode qodef-m  qodef-section-title qodef-alignment--left \">\n\t\t<h3 class=\"qodef-m-title\" style=\"color: #0D1A33;text-transform: uppercase\">\n\t\t\t\t\tBuche die<br \/> F\u00e4hre nach Elba\t\t\t<\/h3>\n\t\t<p class=\"qodef-m-subtitle\" style=\"margin-top: 9px;color: #0D1A33\">Dank einer exklusiven Vereinbarung bieten wir unseren G\u00e4sten Sondertarife f\u00fcr F\u00e4hren an. Dieses Angebot gilt ausschlie\u00dflich f\u00fcr G\u00e4ste, die eine Buchung auf unserem Campingplatz vorgenommen haben.<\/p>\n\t<\/div>\n\t\t\t\t<\/div>\n\t\t\t\t<\/div>\n\t\t\t\t<\/div>\n\t\t<div class=\"elementor-element elementor-element-9badc96 e-con-full e-flex e-con e-child\" data-id=\"9badc96\" data-element_type=\"container\" data-e-type=\"container\">\n\t\t\t\t<div class=\"elementor-element elementor-element-2d09c63 elementor-widget elementor-widget-text-editor\" data-id=\"2d09c63\" data-element_type=\"widget\" data-e-type=\"widget\" data-widget_type=\"text-editor.default\">\n\t\t\t\t<div class=\"elementor-widget-container\">\n\t\t\t\t\t\t\t\t\t<ul>\n \t<li><a href=\"https:\/\/www.monicapmslivorno.eu\/SERVIZIWEB\/piombino\/tabellone\/partenze\" target=\"_blank\" rel=\"noopener\">N\u00e4chste Abfahrten von Piombino<\/a><\/li>\n \t<li><a href=\"https:\/\/www.monicapmslivorno.eu\/SERVIZIWEB\/portoferraio\/tabellone\/partenze\" target=\"_blank\" rel=\"noopener\">N\u00e4chste Abfahrten von Portoferraio<\/a><\/li>\n<\/ul>\t\t\t\t\t\t\t\t<\/div>\n\t\t\t\t<\/div>\n\t\t\t\t<\/div>\n\t\t\t\t<\/div>\n\t\t<div class=\"elementor-element elementor-element-6a96478 e-con-full e-flex e-con e-child\" data-id=\"6a96478\" data-element_type=\"container\" data-e-type=\"container\" data-settings=\"{&quot;background_background&quot;:&quot;classic&quot;}\">\n\t\t\t\t<div class=\"elementor-element elementor-element-89175d4 elementor-widget elementor-widget-image\" data-id=\"89175d4\" data-element_type=\"widget\" data-e-type=\"widget\" data-widget_type=\"image.default\">\n\t\t\t\t<div class=\"elementor-widget-container\">\n\t\t\t\t\t\t\t\t\t\t\t\t\t\t\t\t<a href=\"https:\/\/www.vsmaria.it\/de\/buchen-sie-bei-blunavy\/\" target=\"_blank\">\n\t\t\t\t\t\t\t<img decoding=\"async\" src=\"https:\/\/www.vsmaria.it\/wp-content\/uploads\/elementor\/thumbs\/Blu-Navy-2024-qzt30ihnkf33strw63mvyap7ibioweeslagusamby8.png\" title=\"Blu-Navy-2024\" alt=\"Blu-Navy-2024\" loading=\"lazy\" \/>\t\t\t\t\t\t\t\t<\/a>\n\t\t\t\t\t\t\t\t\t\t\t\t\t\t\t<\/div>\n\t\t\t\t<\/div>\n\t\t\t\t<div class=\"elementor-element elementor-element-be174a9 elementor-widget elementor-widget-image\" data-id=\"be174a9\" data-element_type=\"widget\" data-e-type=\"widget\" data-widget_type=\"image.default\">\n\t\t\t\t<div class=\"elementor-widget-container\">\n\t\t\t\t\t\t\t\t\t\t\t\t\t\t\t\t<a href=\"https:\/\/www.moby.it\/mds\/web\/minilink.app?idlink=625498\" target=\"_blank\">\n\t\t\t\t\t\t\t<img fetchpriority=\"high\" decoding=\"async\" width=\"350\" height=\"150\" src=\"https:\/\/www.vsmaria.it\/wp-content\/uploads\/2025\/01\/moby-toremar.png\" class=\"attachment-full size-full wp-image-14207\" alt=\"\" srcset=\"https:\/\/www.vsmaria.it\/wp-content\/uploads\/2025\/01\/moby-toremar.png 350w, https:\/\/www.vsmaria.it\/wp-content\/uploads\/2025\/01\/moby-toremar-300x129.png 300w\" sizes=\"(max-width: 350px) 100vw, 350px\" \/>\t\t\t\t\t\t\t\t<\/a>\n\t\t\t\t\t\t\t\t\t\t\t\t\t\t\t<\/div>\n\t\t\t\t<\/div>\n\t\t\t\t<\/div>\n\t\t\t\t<\/div>\n\t\t\t\t<\/div>\n\t\t","protected":false},"excerpt":{"rendered":"<p>Buche die F\u00e4hre nach Elba Dank einer exklusiven Vereinbarung bieten wir unseren G\u00e4sten Sondertarife f\u00fcr F\u00e4hren an. Dieses Angebot gilt ausschlie\u00dflich f\u00fcr G\u00e4ste, die eine Buchung auf unserem Campingplatz vorgenommen haben. N\u00e4chste Abfahrten von Piombino N\u00e4chste Abfahrten von Portoferraio<\/p>\n","protected":false},"author":1,"featured_media":0,"parent":0,"menu_order":0,"comment_status":"closed","ping_status":"closed","template":"page-full-width.php","meta":{"footnotes":""},"class_list":["post-15151","page","type-page","status-publish","hentry"],"_links":{"self":[{"href":"https:\/\/www.vsmaria.it\/de\/wp-json\/wp\/v2\/pages\/15151","targetHints":{"allow":["GET"]}}],"collection":[{"href":"https:\/\/www.vsmaria.it\/de\/wp-json\/wp\/v2\/pages"}],"about":[{"href":"https:\/\/www.vsmaria.it\/de\/wp-json\/wp\/v2\/types\/page"}],"author":[{"embeddable":true,"href":"https:\/\/www.vsmaria.it\/de\/wp-json\/wp\/v2\/users\/1"}],"replies":[{"embeddable":true,"href":"https:\/\/www.vsmaria.it\/de\/wp-json\/wp\/v2\/comments?post=15151"}],"version-history":[{"count":8,"href":"https:\/\/www.vsmaria.it\/de\/wp-json\/wp\/v2\/pages\/15151\/revisions"}],"predecessor-version":[{"id":16549,"href":"https:\/\/www.vsmaria.it\/de\/wp-json\/wp\/v2\/pages\/15151\/revisions\/16549"}],"wp:attachment":[{"href":"https:\/\/www.vsmaria.it\/de\/wp-json\/wp\/v2\/media?parent=15151"}],"curies":[{"name":"wp","href":"https:\/\/api.w.org\/{rel}","templated":true}]}}