{"id":15149,"date":"2024-12-03T16:24:27","date_gmt":"2024-12-03T15:24:27","guid":{"rendered":"http:\/\/vsmaria.youelba.com\/dove-siamo\/"},"modified":"2025-01-30T14:54:08","modified_gmt":"2025-01-30T13:54:08","slug":"wo-wir-sind","status":"publish","type":"page","link":"https:\/\/www.vsmaria.it\/de\/wo-wir-sind\/","title":{"rendered":"Wo wir sind"},"content":{"rendered":"\t\t<div data-elementor-type=\"wp-page\" data-elementor-id=\"15149\" class=\"elementor elementor-15149 elementor-12883\" data-elementor-post-type=\"page\">\n\t\t\t\t<div class=\"elementor-element elementor-element-6a8ec61 e-con-full e-flex e-con e-parent\" data-id=\"6a8ec61\" data-element_type=\"container\" data-e-type=\"container\" data-settings=\"{&quot;background_background&quot;:&quot;classic&quot;}\">\n\t\t\t\t<\/div>\n\t\t<div class=\"elementor-element elementor-element-8deddde e-con-full e-flex e-con e-parent\" data-id=\"8deddde\" data-element_type=\"container\" data-e-type=\"container\">\n\t\t<div class=\"elementor-element elementor-element-863318a e-con-full qodef-elementor-content-grid e-flex e-con e-child\" data-id=\"863318a\" data-element_type=\"container\" data-e-type=\"container\">\n\t\t\t\t<div class=\"elementor-element elementor-element-c9c8699 elementor-widget__width-initial elementor-widget elementor-widget-carsten_core_section_title\" data-id=\"c9c8699\" data-element_type=\"widget\" data-e-type=\"widget\" data-widget_type=\"carsten_core_section_title.default\">\n\t\t\t\t<div class=\"elementor-widget-container\">\n\t\t\t\t\t<div class=\"qodef-shortcode qodef-m  qodef-section-title qodef-alignment--center \">\n\t\t<h2 class=\"qodef-m-title\" style=\"text-transform: uppercase\">\n\t\t\t\t\tWo wir sind\t\t\t<\/h2>\n\t\t<p class=\"qodef-m-subtitle\" style=\"margin-top: 12px\">Anreise<\/p>\n\t<\/div>\n\t\t\t\t<\/div>\n\t\t\t\t<\/div>\n\t\t\t\t<\/div>\n\t\t\t\t<\/div>\n\t\t<div class=\"elementor-element elementor-element-19964af e-con-full e-flex e-con e-parent\" data-id=\"19964af\" data-element_type=\"container\" data-e-type=\"container\">\n\t\t<div class=\"elementor-element elementor-element-227fbd8 e-con-full e-flex e-con e-child\" data-id=\"227fbd8\" data-element_type=\"container\" data-e-type=\"container\">\n\t\t\t\t<div class=\"elementor-element elementor-element-15adb53 elementor-widget elementor-widget-text-editor\" data-id=\"15adb53\" data-element_type=\"widget\" data-e-type=\"widget\" data-widget_type=\"text-editor.default\">\n\t\t\t\t<div class=\"elementor-widget-container\">\n\t\t\t\t\t\t\t\t\t<p>Unser Campingplatz befindet sich in Lacona, im Herzen des s\u00fcdlichen Teils der Insel Elba. Unsere Lage ist besonders privilegiert, da wir direkt am wundersch\u00f6nen Spiaggia Grande liegen, bekannt f\u00fcr ihren goldenen Sand und das kristallklare Wasser, das perfekt f\u00fcr einen entspannenden und regenerierenden Aufenthalt ist.<\/p><p>Der Campingplatz ist v\u00f6llig flach und bietet Komfort und Zug\u00e4nglichkeit f\u00fcr alle Altersgruppen. Wir befinden uns nur wenige Kilometer von den wichtigsten touristischen und kulturellen Zentren der Insel entfernt, darunter Portoferraio, Capoliveri, Porto Azzurro und Marina di Campo. Diese zentrale Lage erm\u00f6glicht es Ihnen, die zahlreichen Attraktionen und nat\u00fcrlichen Sch\u00f6nheiten der Elba mit Leichtigkeit zu erkunden.<\/p><p>Die Anreise zu uns ist einfach: Nach der Ankunft mit der F\u00e4hre in Portoferraio dauert die Fahrt zum Campingplatz etwa 15 Minuten mit dem Auto. Wir laden Sie ein, dieses Paradies zu entdecken, wo das Meer die Natur trifft, und Ihnen einen unvergesslichen Urlaub zu bieten. Wir freuen uns auf Ihren Besuch!<\/p>\t\t\t\t\t\t\t\t<\/div>\n\t\t\t\t<\/div>\n\t\t\t\t<div class=\"elementor-element elementor-element-821996b qode--has-custom-underline elementor-widget elementor-widget-text-editor\" data-id=\"821996b\" data-element_type=\"widget\" data-e-type=\"widget\" data-widget_type=\"text-editor.default\">\n\t\t\t\t<div class=\"elementor-widget-container\">\n\t\t\t\t\t\t\t\t\t<h5><a href=\"\/de\/buche-deine-faehre\/\" target=\"_blank\" rel=\"noopener\">Buche deine F\u00e4hre<\/a><\/h5>\t\t\t\t\t\t\t\t<\/div>\n\t\t\t\t<\/div>\n\t\t\t\t<\/div>\n\t\t<div class=\"elementor-element elementor-element-a17af12 e-con-full e-flex e-con e-child\" data-id=\"a17af12\" data-element_type=\"container\" data-e-type=\"container\">\n\t\t\t\t<div class=\"elementor-element elementor-element-367e303 elementor-widget elementor-widget-text-editor\" data-id=\"367e303\" data-element_type=\"widget\" data-e-type=\"widget\" data-widget_type=\"text-editor.default\">\n\t\t\t\t<div class=\"elementor-widget-container\">\n\t\t\t\t\t\t\t\t\t<p><iframe src=\"https:\/\/www.google.com\/maps\/d\/embed?mid=1O9ReEzy9ETKPEylT28Tta_l0tlM\" width=\"100%\" height=\"500\"><\/iframe><\/p>\t\t\t\t\t\t\t\t<\/div>\n\t\t\t\t<\/div>\n\t\t\t\t<\/div>\n\t\t\t\t<\/div>\n\t\t\t\t<\/div>\n\t\t","protected":false},"excerpt":{"rendered":"<p>Wo wir sind Anreise Unser Campingplatz befindet sich in Lacona, im Herzen des s\u00fcdlichen Teils der Insel Elba. Unsere Lage ist besonders privilegiert, da wir direkt am wundersch\u00f6nen Spiaggia Grande liegen, bekannt f\u00fcr ihren goldenen Sand und das kristallklare Wasser, das perfekt f\u00fcr einen entspannenden und regenerierenden Aufenthalt ist. Der Campingplatz ist v\u00f6llig flach und [&hellip;]<\/p>\n","protected":false},"author":1,"featured_media":0,"parent":0,"menu_order":0,"comment_status":"closed","ping_status":"closed","template":"page-full-width.php","meta":{"footnotes":""},"class_list":["post-15149","page","type-page","status-publish","hentry"],"_links":{"self":[{"href":"https:\/\/www.vsmaria.it\/de\/wp-json\/wp\/v2\/pages\/15149","targetHints":{"allow":["GET"]}}],"collection":[{"href":"https:\/\/www.vsmaria.it\/de\/wp-json\/wp\/v2\/pages"}],"about":[{"href":"https:\/\/www.vsmaria.it\/de\/wp-json\/wp\/v2\/types\/page"}],"author":[{"embeddable":true,"href":"https:\/\/www.vsmaria.it\/de\/wp-json\/wp\/v2\/users\/1"}],"replies":[{"embeddable":true,"href":"https:\/\/www.vsmaria.it\/de\/wp-json\/wp\/v2\/comments?post=15149"}],"version-history":[{"count":5,"href":"https:\/\/www.vsmaria.it\/de\/wp-json\/wp\/v2\/pages\/15149\/revisions"}],"predecessor-version":[{"id":15165,"href":"https:\/\/www.vsmaria.it\/de\/wp-json\/wp\/v2\/pages\/15149\/revisions\/15165"}],"wp:attachment":[{"href":"https:\/\/www.vsmaria.it\/de\/wp-json\/wp\/v2\/media?parent=15149"}],"curies":[{"name":"wp","href":"https:\/\/api.w.org\/{rel}","templated":true}]}}