{"id":15114,"date":"2025-01-10T14:56:07","date_gmt":"2025-01-10T13:56:07","guid":{"rendered":"http:\/\/vsmaria.youelba.com\/chi-siamo\/"},"modified":"2025-02-03T09:49:33","modified_gmt":"2025-02-03T08:49:33","slug":"ueber-uns","status":"publish","type":"page","link":"https:\/\/www.vsmaria.it\/de\/ueber-uns\/","title":{"rendered":"\u00dcber uns"},"content":{"rendered":"\t\t<div data-elementor-type=\"wp-page\" data-elementor-id=\"15114\" class=\"elementor elementor-15114 elementor-13136\" data-elementor-post-type=\"page\">\n\t\t\t\t<div class=\"elementor-element elementor-element-08e2649 e-con-full e-flex e-con e-parent\" data-id=\"08e2649\" data-element_type=\"container\" data-e-type=\"container\" data-settings=\"{&quot;background_background&quot;:&quot;classic&quot;}\">\n\t\t\t\t<\/div>\n\t\t<div class=\"elementor-element elementor-element-033bd3b e-con-full e-flex e-con e-parent\" data-id=\"033bd3b\" data-element_type=\"container\" data-e-type=\"container\" data-settings=\"{&quot;background_background&quot;:&quot;classic&quot;}\">\n\t\t<div class=\"elementor-element elementor-element-effeeab e-con-full qodef-elementor-content-grid e-flex e-con e-child\" data-id=\"effeeab\" data-element_type=\"container\" data-e-type=\"container\">\n\t\t<div class=\"elementor-element elementor-element-7f05a61 e-con-full e-flex e-con e-child\" data-id=\"7f05a61\" data-element_type=\"container\" data-e-type=\"container\">\n\t\t<div class=\"elementor-element elementor-element-b86aa0b e-con-full e-flex e-con e-child\" data-id=\"b86aa0b\" data-element_type=\"container\" data-e-type=\"container\">\n\t\t\t\t<div class=\"elementor-element elementor-element-a73f3ec elementor-widget__width-initial elementor-widget-tablet__width-inherit elementor-widget elementor-widget-carsten_core_section_title\" data-id=\"a73f3ec\" data-element_type=\"widget\" data-e-type=\"widget\" data-widget_type=\"carsten_core_section_title.default\">\n\t\t\t\t<div class=\"elementor-widget-container\">\n\t\t\t\t\t<div class=\"qodef-shortcode qodef-m  qodef-section-title qodef-alignment--left \">\n\t\t<h2 class=\"qodef-m-title\" style=\"color: #FFFFFF;text-transform: uppercase\">\n\t\t\t\t\tFamilie Rotellini\t\t\t<\/h2>\n\t\t<\/div>\n\t\t\t\t<\/div>\n\t\t\t\t<\/div>\n\t\t\t\t<\/div>\n\t\t<div class=\"elementor-element elementor-element-03bb043 e-con-full e-flex e-con e-child\" data-id=\"03bb043\" data-element_type=\"container\" data-e-type=\"container\">\n\t\t\t\t<div class=\"elementor-element elementor-element-1796c69 elementor-widget elementor-widget-text-editor\" data-id=\"1796c69\" data-element_type=\"widget\" data-e-type=\"widget\" data-widget_type=\"text-editor.default\">\n\t\t\t\t<div class=\"elementor-widget-container\">\n\t\t\t\t\t\t\t\t\tDie Familie Rotellini f\u00fchrt den Campingplatz seit 1968 und hat ihn im Laufe der Jahre in einen modernen und einladenden Ort verwandelt, an dem jeder Gast wie ein Freund behandelt wird und einen komfortablen Urlaub genie\u00dfen kann.\t\t\t\t\t\t\t\t<\/div>\n\t\t\t\t<\/div>\n\t\t\t\t<div class=\"elementor-element elementor-element-7f30407 elementor-widget elementor-widget-text-editor\" data-id=\"7f30407\" data-element_type=\"widget\" data-e-type=\"widget\" data-widget_type=\"text-editor.default\">\n\t\t\t\t<div class=\"elementor-widget-container\">\n\t\t\t\t\t\t\t\t\tWir achten sehr auf die uns umgebende Umwelt und legen gro\u00dfen Wert auf unsere \u00f6kologische Philosophie. Der Campingplatz ist mit einem Umweltmanagementsystem nach der Norm UNI EN ISO 14001:2004 zertifiziert, was bedeutet, dass wir unser Bestes tun, um den Verbrauch von Wasser, Gas und Strom zu \u00fcberwachen und zu reduzieren, um Verschwendung zu vermeiden. Wir gehen verantwortungsvoll mit Abf\u00e4llen um und \u00fcberwachen alle Aspekte, die unser sch\u00f6nes \u00d6kosystem sch\u00e4digen k\u00f6nnten.\t\t\t\t\t\t\t\t<\/div>\n\t\t\t\t<\/div>\n\t\t\t\t<div class=\"elementor-element elementor-element-0874e22 elementor-widget elementor-widget-text-editor\" data-id=\"0874e22\" data-element_type=\"widget\" data-e-type=\"widget\" data-widget_type=\"text-editor.default\">\n\t\t\t\t<div class=\"elementor-widget-container\">\n\t\t\t\t\t\t\t\t\tDie Sonne ist unser Abenteuerbegleiter! Dank unserer Photovoltaik- und Solarthermieanlage k\u00f6nnen wir das Duschwasser autonom erhitzen und den Einsatz von Gas und Elektrizit\u00e4t auf ein Minimum reduzieren.\t\t\t\t\t\t\t\t<\/div>\n\t\t\t\t<\/div>\n\t\t\t\t<\/div>\n\t\t\t\t<\/div>\n\t\t<div class=\"elementor-element elementor-element-49dd5c9 e-con-full e-flex e-con e-child\" data-id=\"49dd5c9\" data-element_type=\"container\" data-e-type=\"container\">\n\t\t\t\t<div class=\"elementor-element elementor-element-046b29c elementor-widget elementor-widget-image\" data-id=\"046b29c\" data-element_type=\"widget\" data-e-type=\"widget\" data-widget_type=\"image.default\">\n\t\t\t\t<div class=\"elementor-widget-container\">\n\t\t\t\t\t\t\t\t\t\t\t\t\t\t\t<img fetchpriority=\"high\" decoding=\"async\" width=\"1024\" height=\"768\" src=\"https:\/\/www.vsmaria.it\/wp-content\/uploads\/2024\/10\/DJI_0627-1920-1024x768.jpg\" class=\"attachment-large size-large wp-image-14099\" alt=\"\" srcset=\"https:\/\/www.vsmaria.it\/wp-content\/uploads\/2024\/10\/DJI_0627-1920-1024x768.jpg 1024w, https:\/\/www.vsmaria.it\/wp-content\/uploads\/2024\/10\/DJI_0627-1920-600x450.jpg 600w, https:\/\/www.vsmaria.it\/wp-content\/uploads\/2024\/10\/DJI_0627-1920-300x225.jpg 300w, https:\/\/www.vsmaria.it\/wp-content\/uploads\/2024\/10\/DJI_0627-1920-768x576.jpg 768w, https:\/\/www.vsmaria.it\/wp-content\/uploads\/2024\/10\/DJI_0627-1920-1536x1152.jpg 1536w, https:\/\/www.vsmaria.it\/wp-content\/uploads\/2024\/10\/DJI_0627-1920.jpg 1920w\" sizes=\"(max-width: 1024px) 100vw, 1024px\" \/>\t\t\t\t\t\t\t\t\t\t\t\t\t\t\t<\/div>\n\t\t\t\t<\/div>\n\t\t\t\t<div class=\"elementor-element elementor-element-960c41a elementor-widget elementor-widget-text-editor\" data-id=\"960c41a\" data-element_type=\"widget\" data-e-type=\"widget\" data-widget_type=\"text-editor.default\">\n\t\t\t\t<div class=\"elementor-widget-container\">\n\t\t\t\t\t\t\t\t\tAu\u00dferdem sind wir stolz darauf, das europ\u00e4ische Umweltqualit\u00e4tszeichen ECOLABEL erhalten zu haben, das unser konkretes Engagement f\u00fcr den Umweltschutz zertifiziert. Kommen Sie uns besuchen und teilen Sie mit uns den Respekt f\u00fcr die Natur und die Lust, unvergessliche Erlebnisse zu genie\u00dfen!\t\t\t\t\t\t\t\t<\/div>\n\t\t\t\t<\/div>\n\t\t\t\t<\/div>\n\t\t\t\t<\/div>\n\t\t\t\t<\/div>\n\t\t<div class=\"elementor-element elementor-element-3f7f335 e-con-full qodef-elementor-content-grid e-flex e-con e-parent\" data-id=\"3f7f335\" data-element_type=\"container\" data-e-type=\"container\">\n\t\t\t\t<div class=\"elementor-element elementor-element-d3ab4f3 elementor-widget elementor-widget-carsten_core_section_title\" data-id=\"d3ab4f3\" data-element_type=\"widget\" data-e-type=\"widget\" data-widget_type=\"carsten_core_section_title.default\">\n\t\t\t\t<div class=\"elementor-widget-container\">\n\t\t\t\t\t<div class=\"qodef-shortcode qodef-m  qodef-section-title qodef-alignment--center \">\n\t\t<h2 class=\"qodef-m-title\" style=\"text-transform: uppercase\">\n\t\t\t\t\tUnser Team\t\t\t<\/h2>\n\t\t<\/div>\n\t\t\t\t<\/div>\n\t\t\t\t<\/div>\n\t\t\t\t<\/div>\n\t\t<div class=\"elementor-element elementor-element-b2eff06 e-con-full e-flex e-con e-parent\" data-id=\"b2eff06\" data-element_type=\"container\" data-e-type=\"container\">\n\t\t<div class=\"elementor-element elementor-element-7e74293 e-con-full qodef-elementor-content-grid e-flex e-con e-child\" data-id=\"7e74293\" data-element_type=\"container\" data-e-type=\"container\">\n\t\t\t\t<div class=\"elementor-element elementor-element-76693c7 elementor-widget__width-inherit elementor-position-top elementor-widget elementor-widget-image-box\" data-id=\"76693c7\" data-element_type=\"widget\" data-e-type=\"widget\" data-widget_type=\"image-box.default\">\n\t\t\t\t<div class=\"elementor-widget-container\">\n\t\t\t\t\t<div class=\"elementor-image-box-wrapper\"><figure class=\"elementor-image-box-img\"><img decoding=\"async\" width=\"2248\" height=\"2248\" src=\"https:\/\/www.vsmaria.it\/wp-content\/uploads\/2025\/01\/gabriele.jpg\" class=\"attachment-full size-full wp-image-13151\" alt=\"\" srcset=\"https:\/\/www.vsmaria.it\/wp-content\/uploads\/2025\/01\/gabriele.jpg 2248w, https:\/\/www.vsmaria.it\/wp-content\/uploads\/2025\/01\/gabriele-300x300.jpg 300w, https:\/\/www.vsmaria.it\/wp-content\/uploads\/2025\/01\/gabriele-1024x1024.jpg 1024w, https:\/\/www.vsmaria.it\/wp-content\/uploads\/2025\/01\/gabriele-150x150.jpg 150w, https:\/\/www.vsmaria.it\/wp-content\/uploads\/2025\/01\/gabriele-768x768.jpg 768w, https:\/\/www.vsmaria.it\/wp-content\/uploads\/2025\/01\/gabriele-1536x1536.jpg 1536w, https:\/\/www.vsmaria.it\/wp-content\/uploads\/2025\/01\/gabriele-2048x2048.jpg 2048w, https:\/\/www.vsmaria.it\/wp-content\/uploads\/2025\/01\/gabriele-650x650.jpg 650w, https:\/\/www.vsmaria.it\/wp-content\/uploads\/2025\/01\/gabriele-1300x1300.jpg 1300w\" sizes=\"(max-width: 2248px) 100vw, 2248px\" \/><\/figure><div class=\"elementor-image-box-content\"><h3 class=\"elementor-image-box-title\">Gabriele<\/h3><p class=\"elementor-image-box-description\">Mitarbeiter<\/p><\/div><\/div>\t\t\t\t<\/div>\n\t\t\t\t<\/div>\n\t\t\t\t<div class=\"elementor-element elementor-element-0c806b8 elementor-widget__width-inherit elementor-position-top elementor-widget elementor-widget-image-box\" data-id=\"0c806b8\" data-element_type=\"widget\" data-e-type=\"widget\" data-widget_type=\"image-box.default\">\n\t\t\t\t<div class=\"elementor-widget-container\">\n\t\t\t\t\t<div class=\"elementor-image-box-wrapper\"><figure class=\"elementor-image-box-img\"><img decoding=\"async\" width=\"2448\" height=\"2448\" src=\"https:\/\/www.vsmaria.it\/wp-content\/uploads\/2025\/01\/roberta.jpg\" class=\"attachment-full size-full wp-image-13148\" alt=\"\" srcset=\"https:\/\/www.vsmaria.it\/wp-content\/uploads\/2025\/01\/roberta.jpg 2448w, https:\/\/www.vsmaria.it\/wp-content\/uploads\/2025\/01\/roberta-300x300.jpg 300w, https:\/\/www.vsmaria.it\/wp-content\/uploads\/2025\/01\/roberta-1024x1024.jpg 1024w, https:\/\/www.vsmaria.it\/wp-content\/uploads\/2025\/01\/roberta-150x150.jpg 150w, https:\/\/www.vsmaria.it\/wp-content\/uploads\/2025\/01\/roberta-768x768.jpg 768w, https:\/\/www.vsmaria.it\/wp-content\/uploads\/2025\/01\/roberta-1536x1536.jpg 1536w, https:\/\/www.vsmaria.it\/wp-content\/uploads\/2025\/01\/roberta-2048x2048.jpg 2048w, https:\/\/www.vsmaria.it\/wp-content\/uploads\/2025\/01\/roberta-650x650.jpg 650w, https:\/\/www.vsmaria.it\/wp-content\/uploads\/2025\/01\/roberta-1300x1300.jpg 1300w\" sizes=\"(max-width: 2448px) 100vw, 2448px\" \/><\/figure><div class=\"elementor-image-box-content\"><h3 class=\"elementor-image-box-title\">Roberta<\/h3><p class=\"elementor-image-box-description\">Rezeption<\/p><\/div><\/div>\t\t\t\t<\/div>\n\t\t\t\t<\/div>\n\t\t\t\t<div class=\"elementor-element elementor-element-23082e0 elementor-widget__width-inherit elementor-position-top elementor-widget elementor-widget-image-box\" data-id=\"23082e0\" data-element_type=\"widget\" data-e-type=\"widget\" data-widget_type=\"image-box.default\">\n\t\t\t\t<div class=\"elementor-widget-container\">\n\t\t\t\t\t<div class=\"elementor-image-box-wrapper\"><figure class=\"elementor-image-box-img\"><img loading=\"lazy\" decoding=\"async\" width=\"2448\" height=\"2448\" src=\"https:\/\/www.vsmaria.it\/wp-content\/uploads\/2025\/01\/miria.jpg\" class=\"attachment-full size-full wp-image-13150\" alt=\"\" srcset=\"https:\/\/www.vsmaria.it\/wp-content\/uploads\/2025\/01\/miria.jpg 2448w, https:\/\/www.vsmaria.it\/wp-content\/uploads\/2025\/01\/miria-300x300.jpg 300w, https:\/\/www.vsmaria.it\/wp-content\/uploads\/2025\/01\/miria-1024x1024.jpg 1024w, https:\/\/www.vsmaria.it\/wp-content\/uploads\/2025\/01\/miria-150x150.jpg 150w, https:\/\/www.vsmaria.it\/wp-content\/uploads\/2025\/01\/miria-768x768.jpg 768w, https:\/\/www.vsmaria.it\/wp-content\/uploads\/2025\/01\/miria-1536x1536.jpg 1536w, https:\/\/www.vsmaria.it\/wp-content\/uploads\/2025\/01\/miria-2048x2048.jpg 2048w, https:\/\/www.vsmaria.it\/wp-content\/uploads\/2025\/01\/miria-650x650.jpg 650w, https:\/\/www.vsmaria.it\/wp-content\/uploads\/2025\/01\/miria-1300x1300.jpg 1300w\" sizes=\"(max-width: 2448px) 100vw, 2448px\" \/><\/figure><div class=\"elementor-image-box-content\"><h3 class=\"elementor-image-box-title\">Miria<\/h3><p class=\"elementor-image-box-description\">Rezeption<\/p><\/div><\/div>\t\t\t\t<\/div>\n\t\t\t\t<\/div>\n\t\t\t\t<div class=\"elementor-element elementor-element-bb2ed90 elementor-widget__width-inherit elementor-position-top elementor-widget elementor-widget-image-box\" data-id=\"bb2ed90\" data-element_type=\"widget\" data-e-type=\"widget\" data-widget_type=\"image-box.default\">\n\t\t\t\t<div class=\"elementor-widget-container\">\n\t\t\t\t\t<div class=\"elementor-image-box-wrapper\"><figure class=\"elementor-image-box-img\"><img loading=\"lazy\" decoding=\"async\" width=\"2448\" height=\"2448\" src=\"https:\/\/www.vsmaria.it\/wp-content\/uploads\/2025\/01\/Nour.jpg\" class=\"attachment-full size-full wp-image-13149\" alt=\"\" srcset=\"https:\/\/www.vsmaria.it\/wp-content\/uploads\/2025\/01\/Nour.jpg 2448w, https:\/\/www.vsmaria.it\/wp-content\/uploads\/2025\/01\/Nour-300x300.jpg 300w, https:\/\/www.vsmaria.it\/wp-content\/uploads\/2025\/01\/Nour-1024x1024.jpg 1024w, https:\/\/www.vsmaria.it\/wp-content\/uploads\/2025\/01\/Nour-150x150.jpg 150w, https:\/\/www.vsmaria.it\/wp-content\/uploads\/2025\/01\/Nour-768x768.jpg 768w, https:\/\/www.vsmaria.it\/wp-content\/uploads\/2025\/01\/Nour-1536x1536.jpg 1536w, https:\/\/www.vsmaria.it\/wp-content\/uploads\/2025\/01\/Nour-2048x2048.jpg 2048w, https:\/\/www.vsmaria.it\/wp-content\/uploads\/2025\/01\/Nour-650x650.jpg 650w, https:\/\/www.vsmaria.it\/wp-content\/uploads\/2025\/01\/Nour-1300x1300.jpg 1300w\" sizes=\"(max-width: 2448px) 100vw, 2448px\" \/><\/figure><div class=\"elementor-image-box-content\"><h3 class=\"elementor-image-box-title\">Nour<\/h3><p class=\"elementor-image-box-description\">Mitarbeiter<\/p><\/div><\/div>\t\t\t\t<\/div>\n\t\t\t\t<\/div>\n\t\t\t\t<\/div>\n\t\t\t\t<\/div>\n\t\t\t\t<\/div>\n\t\t","protected":false},"excerpt":{"rendered":"<p>Familie Rotellini Die Familie Rotellini f\u00fchrt den Campingplatz seit 1968 und hat ihn im Laufe der Jahre in einen modernen und einladenden Ort verwandelt, an dem jeder Gast wie ein Freund behandelt wird und einen komfortablen Urlaub genie\u00dfen kann.Wir achten sehr auf die uns umgebende Umwelt und legen gro\u00dfen Wert auf unsere \u00f6kologische Philosophie. Der [&hellip;]<\/p>\n","protected":false},"author":1,"featured_media":0,"parent":0,"menu_order":0,"comment_status":"closed","ping_status":"closed","template":"page-full-width.php","meta":{"footnotes":""},"class_list":["post-15114","page","type-page","status-publish","hentry"],"_links":{"self":[{"href":"https:\/\/www.vsmaria.it\/de\/wp-json\/wp\/v2\/pages\/15114","targetHints":{"allow":["GET"]}}],"collection":[{"href":"https:\/\/www.vsmaria.it\/de\/wp-json\/wp\/v2\/pages"}],"about":[{"href":"https:\/\/www.vsmaria.it\/de\/wp-json\/wp\/v2\/types\/page"}],"author":[{"embeddable":true,"href":"https:\/\/www.vsmaria.it\/de\/wp-json\/wp\/v2\/users\/1"}],"replies":[{"embeddable":true,"href":"https:\/\/www.vsmaria.it\/de\/wp-json\/wp\/v2\/comments?post=15114"}],"version-history":[{"count":5,"href":"https:\/\/www.vsmaria.it\/de\/wp-json\/wp\/v2\/pages\/15114\/revisions"}],"predecessor-version":[{"id":15578,"href":"https:\/\/www.vsmaria.it\/de\/wp-json\/wp\/v2\/pages\/15114\/revisions\/15578"}],"wp:attachment":[{"href":"https:\/\/www.vsmaria.it\/de\/wp-json\/wp\/v2\/media?parent=15114"}],"curies":[{"name":"wp","href":"https:\/\/api.w.org\/{rel}","templated":true}]}}