{"id":15113,"date":"2024-12-03T14:22:44","date_gmt":"2024-12-03T13:22:44","guid":{"rendered":"http:\/\/vsmaria.youelba.com\/case-mobili\/"},"modified":"2026-03-08T08:41:48","modified_gmt":"2026-03-08T07:41:48","slug":"mobile-home","status":"publish","type":"page","link":"https:\/\/www.vsmaria.it\/de\/mobile-home\/","title":{"rendered":"Mobile Home"},"content":{"rendered":"\t\t<div data-elementor-type=\"wp-page\" data-elementor-id=\"15113\" class=\"elementor elementor-15113 elementor-12813\" data-elementor-post-type=\"page\">\n\t\t\t\t<div class=\"elementor-element elementor-element-8deddde e-con-full e-flex e-con e-parent\" data-id=\"8deddde\" data-element_type=\"container\" data-e-type=\"container\">\n\t\t<div class=\"elementor-element elementor-element-863318a e-con-full qodef-elementor-content-grid e-flex e-con e-child\" data-id=\"863318a\" data-element_type=\"container\" data-e-type=\"container\">\n\t\t\t\t<div class=\"elementor-element elementor-element-c9c8699 elementor-widget__width-initial elementor-widget elementor-widget-carsten_core_section_title\" data-id=\"c9c8699\" data-element_type=\"widget\" data-e-type=\"widget\" data-widget_type=\"carsten_core_section_title.default\">\n\t\t\t\t<div class=\"elementor-widget-container\">\n\t\t\t\t\t<div class=\"qodef-shortcode qodef-m  qodef-section-title qodef-alignment--center \">\n\t\t<h2 class=\"qodef-m-title\" style=\"text-transform: uppercase\">\n\t\t\t\t\tMobilheime nur wenige Schritte vom Meer entfernt\t\t\t<\/h2>\n\t\t<p class=\"qodef-m-subtitle\" style=\"margin-top: 12px\">Die Mobilheime des Camping Valle Santa Maria bieten ein komfortables und privates Aufenthaltserlebnis. Sie befinden sich in einem speziellen Bereich des Campingplatzes, nur wenige Schritte vom Meer entfernt, und garantieren jedem Gast maximale Ruhe und Privatsph\u00e4re.<\/p>\n\t\t<p class=\"qodef-m-text\" >Jedes Mobilheim tr\u00e4gt den Namen einer Insel des Toskanischen Archipels, eine Hommage an die einzigartige Sch\u00f6nheit des Gebiets. Die G\u00e4ste haben freien Zugang zu allen Dienstleistungen des Campingplatzes und k\u00f6nnen jeden Moment ihres Aufenthalts in vollen Z\u00fcgen genie\u00dfen.\n\nUmgeben von einer ruhigen Umgebung und eingebettet in gr\u00fcner Natur, stellen die Mobilheime die ideale Wahl f\u00fcr diejenigen dar, die sich in v\u00f6lliger Harmonie mit der Natur entspannen m\u00f6chten.<\/p>\n<\/div>\n\t\t\t\t<\/div>\n\t\t\t\t<\/div>\n\t\t\t\t<\/div>\n\t\t\t\t<\/div>\n\t\t<div class=\"elementor-element elementor-element-39287261 e-con-full e-flex e-con e-parent\" data-id=\"39287261\" data-element_type=\"container\" data-e-type=\"container\" data-settings=\"{&quot;background_background&quot;:&quot;classic&quot;}\">\n\t\t<div class=\"elementor-element elementor-element-31deda31 e-con-full e-flex e-con e-child\" data-id=\"31deda31\" data-element_type=\"container\" data-e-type=\"container\">\n\t\t<div class=\"elementor-element elementor-element-2cf72c8 e-con-full e-flex e-con e-child\" data-id=\"2cf72c8\" data-element_type=\"container\" data-e-type=\"container\">\n\t\t<div class=\"elementor-element elementor-element-3fce6001 e-con-full e-flex e-con e-child\" data-id=\"3fce6001\" data-element_type=\"container\" data-e-type=\"container\">\n\t\t\t\t<div class=\"elementor-element elementor-element-7fe8c5cb elementor-widget elementor-widget-carsten_core_section_title\" data-id=\"7fe8c5cb\" data-element_type=\"widget\" data-e-type=\"widget\" data-widget_type=\"carsten_core_section_title.default\">\n\t\t\t\t<div class=\"elementor-widget-container\">\n\t\t\t\t\t<div class=\"qodef-shortcode qodef-m  qodef-section-title qodef-alignment--left \">\n\t\t<h3 class=\"qodef-m-title\" >\n\t\t\t\t\tMOBIL HOME DELUXE\t\t\t<\/h3>\n\t\t<\/div>\n\t\t\t\t<\/div>\n\t\t\t\t<\/div>\n\t\t\t\t<\/div>\n\t\t<div class=\"elementor-element elementor-element-384b7b74 e-con-full e-flex e-con e-child\" data-id=\"384b7b74\" data-element_type=\"container\" data-e-type=\"container\">\n\t\t\t\t<div class=\"elementor-element elementor-element-2d86366 elementor-widget elementor-widget-text-editor\" data-id=\"2d86366\" data-element_type=\"widget\" data-e-type=\"widget\" data-widget_type=\"text-editor.default\">\n\t\t\t\t<div class=\"elementor-widget-container\">\n\t\t\t\t\t\t\t\t\t<p>Mit einer Fl\u00e4che von ca. 38 m\u00b2 bietet es ein Schlafzimmer mit Doppelbett, ein Kinderzimmer mit zwei Einzelbetten, zwei Badezimmer, ein gem\u00fctliches Wohnzimmer und eine gut ausgestattete K\u00fcche.<\/p><p>Das Haus ist klimatisiert und mit Satelliten-TV ausgestattet. Drau\u00dfen gibt es eine \u00fcberdachte Terrasse von ca. 7 m\u00b2, ideal zum Entspannen oder f\u00fcr Mahlzeiten im Freien, dank des bequemen Tisches mit St\u00fchlen.<\/p><p>Die Bettw\u00e4sche ist im Preis enthalten, w\u00e4hrend Handt\u00fccher auf Anfrage f\u00fcr 10 \u20ac pro Woche und Person verf\u00fcgbar sind. Die Endreinigung kostet 70 \u20ac.<\/p>\t\t\t\t\t\t\t\t<\/div>\n\t\t\t\t<\/div>\n\t\t\t\t<\/div>\n\t\t<div class=\"elementor-element elementor-element-549ca51c e-con-full e-flex e-con e-child\" data-id=\"549ca51c\" data-element_type=\"container\" data-e-type=\"container\">\n\t\t\t\t<div class=\"elementor-element elementor-element-3e93541 elementor-widget elementor-widget-carsten_core_button\" data-id=\"3e93541\" data-element_type=\"widget\" data-e-type=\"widget\" data-widget_type=\"carsten_core_button.default\">\n\t\t\t\t<div class=\"elementor-widget-container\">\n\t\t\t\t\t<a class=\"qodef-shortcode qodef-m  qodef-button qodef-layout--outlined  qodef-html--link\" href=\"\/de\/kontakt\/\" target=\"_blank\" style=\"--qode-button-color: #0D1A33;--qode-button-hover-color: #0D1A33;--qode-button-bg-hover-color: #02010100\">\n\t<span class=\"qodef-m-text\">INFORMATIONEN ANFORDERN<\/span>\n<\/a>\n\t\t\t\t<\/div>\n\t\t\t\t<\/div>\n\t\t\t\t<\/div>\n\t\t\t\t<\/div>\n\t\t\t\t<\/div>\n\t\t<div class=\"elementor-element elementor-element-4ed8f06 e-con-full e-flex e-con e-child\" data-id=\"4ed8f06\" data-element_type=\"container\" data-e-type=\"container\" data-settings=\"{&quot;background_background&quot;:&quot;classic&quot;}\">\n\t\t\t\t<div class=\"elementor-element elementor-element-67eb065d elementor-widget elementor-widget-carsten_core_image_gallery\" data-id=\"67eb065d\" data-element_type=\"widget\" data-e-type=\"widget\" data-widget_type=\"carsten_core_image_gallery.default\">\n\t\t\t\t<div class=\"elementor-widget-container\">\n\t\t\t\t\t<div class=\"qodef-shortcode qodef-m  qodef-image-gallery   qodef-vertical-align--no qodef--light qodef-hover--overlay qodef-grid qodef-swiper-container  qodef-gutter--no  qodef-col-num--1  qodef-responsive--predefined\"  data-options=\"{&quot;spaceBetween&quot;:0,&quot;slidesPerView&quot;:&quot;1&quot;,&quot;loop&quot;:true,&quot;autoplay&quot;:true,&quot;speed&quot;:&quot;&quot;,&quot;speedAnimation&quot;:&quot;&quot;,&quot;slideAnimation&quot;:&quot;&quot;,&quot;direction&quot;:&quot;&quot;,&quot;reverseDirection&quot;:false,&quot;centeredSlides&quot;:&quot;&quot;,&quot;sliderScroll&quot;:&quot;&quot;,&quot;loopedSlides&quot;:&quot;&quot;,&quot;hiddenSlides&quot;:&quot;&quot;,&quot;partialColumn&quot;:&quot;&quot;,&quot;partialColumnValue&quot;:0}\">\n\t<div class=\"swiper-wrapper\">\n\t\t<div class=\"qodef-e qodef-image-wrapper swiper-slide \">\n\t\t\t<div class=\"qodef-e-image\">\n\t\t\t<img fetchpriority=\"high\" decoding=\"async\" width=\"547\" height=\"365\" src=\"https:\/\/www.vsmaria.it\/wp-content\/uploads\/2024\/12\/14.jpg\" class=\"attachment-full size-full\" alt=\"\" srcset=\"https:\/\/www.vsmaria.it\/wp-content\/uploads\/2024\/12\/14.jpg 547w, https:\/\/www.vsmaria.it\/wp-content\/uploads\/2024\/12\/14-300x200.jpg 300w\" sizes=\"(max-width: 547px) 100vw, 547px\" \/>\t\t<\/div>\n\t\t\t<\/div>\n<div class=\"qodef-e qodef-image-wrapper swiper-slide \">\n\t\t\t<div class=\"qodef-e-image\">\n\t\t\t<img decoding=\"async\" width=\"547\" height=\"365\" src=\"https:\/\/www.vsmaria.it\/wp-content\/uploads\/2024\/12\/15.jpg\" class=\"attachment-full size-full\" alt=\"\" srcset=\"https:\/\/www.vsmaria.it\/wp-content\/uploads\/2024\/12\/15.jpg 547w, https:\/\/www.vsmaria.it\/wp-content\/uploads\/2024\/12\/15-300x200.jpg 300w\" sizes=\"(max-width: 547px) 100vw, 547px\" \/>\t\t<\/div>\n\t\t\t<\/div>\n<div class=\"qodef-e qodef-image-wrapper swiper-slide \">\n\t\t\t<div class=\"qodef-e-image\">\n\t\t\t<img decoding=\"async\" width=\"547\" height=\"365\" src=\"https:\/\/www.vsmaria.it\/wp-content\/uploads\/2024\/12\/16.jpg\" class=\"attachment-full size-full\" alt=\"Case Mobili\" srcset=\"https:\/\/www.vsmaria.it\/wp-content\/uploads\/2024\/12\/16.jpg 547w, https:\/\/www.vsmaria.it\/wp-content\/uploads\/2024\/12\/16-300x200.jpg 300w\" sizes=\"(max-width: 547px) 100vw, 547px\" \/>\t\t<\/div>\n\t\t\t<\/div>\n<div class=\"qodef-e qodef-image-wrapper swiper-slide \">\n\t\t\t<div class=\"qodef-e-image\">\n\t\t\t<img loading=\"lazy\" decoding=\"async\" width=\"547\" height=\"365\" src=\"https:\/\/www.vsmaria.it\/wp-content\/uploads\/2024\/12\/17.jpg\" class=\"attachment-full size-full\" alt=\"\" srcset=\"https:\/\/www.vsmaria.it\/wp-content\/uploads\/2024\/12\/17.jpg 547w, https:\/\/www.vsmaria.it\/wp-content\/uploads\/2024\/12\/17-300x200.jpg 300w\" sizes=\"(max-width: 547px) 100vw, 547px\" \/>\t\t<\/div>\n\t\t\t<\/div>\n<div class=\"qodef-e qodef-image-wrapper swiper-slide \">\n\t\t\t<div class=\"qodef-e-image\">\n\t\t\t<img loading=\"lazy\" decoding=\"async\" width=\"547\" height=\"365\" src=\"https:\/\/www.vsmaria.it\/wp-content\/uploads\/2024\/12\/18.jpg\" class=\"attachment-full size-full\" alt=\"\" srcset=\"https:\/\/www.vsmaria.it\/wp-content\/uploads\/2024\/12\/18.jpg 547w, https:\/\/www.vsmaria.it\/wp-content\/uploads\/2024\/12\/18-300x200.jpg 300w\" sizes=\"(max-width: 547px) 100vw, 547px\" \/>\t\t<\/div>\n\t\t\t<\/div>\n<div class=\"qodef-e qodef-image-wrapper swiper-slide \">\n\t\t\t<div class=\"qodef-e-image\">\n\t\t\t<img loading=\"lazy\" decoding=\"async\" width=\"547\" height=\"365\" src=\"https:\/\/www.vsmaria.it\/wp-content\/uploads\/2024\/12\/19.jpg\" class=\"attachment-full size-full\" alt=\"\" srcset=\"https:\/\/www.vsmaria.it\/wp-content\/uploads\/2024\/12\/19.jpg 547w, https:\/\/www.vsmaria.it\/wp-content\/uploads\/2024\/12\/19-300x200.jpg 300w\" sizes=\"(max-width: 547px) 100vw, 547px\" \/>\t\t<\/div>\n\t\t\t<\/div>\n\t<\/div>\n\t\t<div class=\"swiper-button-prev \"><svg class=\"qodef-svg--navigation-arrow-left\" xmlns=\"http:\/\/www.w3.org\/2000\/svg\" width=\"25.547\" height=\"50.094\"><path fill=\"none\" stroke=\"currentColor\" stroke-linecap=\"round\" stroke-linejoin=\"round\" d=\"M24.84.707.5 25.047l24.34 24.34\"\/><\/svg><\/div>\n\t<div class=\"swiper-button-next \"><svg class=\"qodef-svg--navigation-arrow-right\" xmlns=\"http:\/\/www.w3.org\/2000\/svg\" width=\"25.547\" height=\"50.094\"><path fill=\"none\" stroke=\"currentColor\" stroke-linecap=\"round\" stroke-linejoin=\"round\" d=\"m.707.707 24.34 24.34-24.34 24.34\"\/><\/svg><\/div>\n\t<\/div>\n\t\t\t\t<\/div>\n\t\t\t\t<\/div>\n\t\t\t\t<\/div>\n\t\t\t\t<\/div>\n\t\t<div class=\"elementor-element elementor-element-4510751 e-con-full e-flex e-con e-parent\" data-id=\"4510751\" data-element_type=\"container\" data-e-type=\"container\" data-settings=\"{&quot;background_background&quot;:&quot;classic&quot;}\">\n\t\t<div class=\"elementor-element elementor-element-07aadb6 e-con-full e-flex e-con e-child\" data-id=\"07aadb6\" data-element_type=\"container\" data-e-type=\"container\" data-settings=\"{&quot;background_background&quot;:&quot;classic&quot;}\">\n\t\t\t\t<div class=\"elementor-element elementor-element-0e7d20f elementor-widget elementor-widget-carsten_core_image_gallery\" data-id=\"0e7d20f\" data-element_type=\"widget\" data-e-type=\"widget\" data-widget_type=\"carsten_core_image_gallery.default\">\n\t\t\t\t<div class=\"elementor-widget-container\">\n\t\t\t\t\t<div class=\"qodef-shortcode qodef-m  qodef-image-gallery   qodef-vertical-align--no qodef--light qodef-hover--overlay qodef-grid qodef-swiper-container  qodef-gutter--no  qodef-col-num--1  qodef-responsive--predefined\"  data-options=\"{&quot;spaceBetween&quot;:0,&quot;slidesPerView&quot;:&quot;1&quot;,&quot;loop&quot;:true,&quot;autoplay&quot;:true,&quot;speed&quot;:&quot;&quot;,&quot;speedAnimation&quot;:&quot;&quot;,&quot;slideAnimation&quot;:&quot;&quot;,&quot;direction&quot;:&quot;&quot;,&quot;reverseDirection&quot;:false,&quot;centeredSlides&quot;:&quot;&quot;,&quot;sliderScroll&quot;:&quot;&quot;,&quot;loopedSlides&quot;:&quot;&quot;,&quot;hiddenSlides&quot;:&quot;&quot;,&quot;partialColumn&quot;:&quot;&quot;,&quot;partialColumnValue&quot;:0}\">\n\t<div class=\"swiper-wrapper\">\n\t\t<div class=\"qodef-e qodef-image-wrapper swiper-slide \">\n\t\t\t<div class=\"qodef-e-image\">\n\t\t\t<img loading=\"lazy\" decoding=\"async\" width=\"547\" height=\"365\" src=\"https:\/\/www.vsmaria.it\/wp-content\/uploads\/2024\/12\/6.jpg\" class=\"attachment-full size-full\" alt=\"\" srcset=\"https:\/\/www.vsmaria.it\/wp-content\/uploads\/2024\/12\/6.jpg 547w, https:\/\/www.vsmaria.it\/wp-content\/uploads\/2024\/12\/6-300x200.jpg 300w\" sizes=\"(max-width: 547px) 100vw, 547px\" \/>\t\t<\/div>\n\t\t\t<\/div>\n<div class=\"qodef-e qodef-image-wrapper swiper-slide \">\n\t\t\t<div class=\"qodef-e-image\">\n\t\t\t<img loading=\"lazy\" decoding=\"async\" width=\"547\" height=\"365\" src=\"https:\/\/www.vsmaria.it\/wp-content\/uploads\/2024\/12\/4.jpg\" class=\"attachment-full size-full\" alt=\"\" srcset=\"https:\/\/www.vsmaria.it\/wp-content\/uploads\/2024\/12\/4.jpg 547w, https:\/\/www.vsmaria.it\/wp-content\/uploads\/2024\/12\/4-300x200.jpg 300w\" sizes=\"(max-width: 547px) 100vw, 547px\" \/>\t\t<\/div>\n\t\t\t<\/div>\n<div class=\"qodef-e qodef-image-wrapper swiper-slide \">\n\t\t\t<div class=\"qodef-e-image\">\n\t\t\t<img loading=\"lazy\" decoding=\"async\" width=\"547\" height=\"365\" src=\"https:\/\/www.vsmaria.it\/wp-content\/uploads\/2024\/12\/1.jpg\" class=\"attachment-full size-full\" alt=\"\" srcset=\"https:\/\/www.vsmaria.it\/wp-content\/uploads\/2024\/12\/1.jpg 547w, https:\/\/www.vsmaria.it\/wp-content\/uploads\/2024\/12\/1-300x200.jpg 300w\" sizes=\"(max-width: 547px) 100vw, 547px\" \/>\t\t<\/div>\n\t\t\t<\/div>\n<div class=\"qodef-e qodef-image-wrapper swiper-slide \">\n\t\t\t<div class=\"qodef-e-image\">\n\t\t\t<img loading=\"lazy\" decoding=\"async\" width=\"547\" height=\"364\" src=\"https:\/\/www.vsmaria.it\/wp-content\/uploads\/2024\/12\/2.jpg\" class=\"attachment-full size-full\" alt=\"\" srcset=\"https:\/\/www.vsmaria.it\/wp-content\/uploads\/2024\/12\/2.jpg 547w, https:\/\/www.vsmaria.it\/wp-content\/uploads\/2024\/12\/2-300x200.jpg 300w\" sizes=\"(max-width: 547px) 100vw, 547px\" \/>\t\t<\/div>\n\t\t\t<\/div>\n<div class=\"qodef-e qodef-image-wrapper swiper-slide \">\n\t\t\t<div class=\"qodef-e-image\">\n\t\t\t<img loading=\"lazy\" decoding=\"async\" width=\"547\" height=\"365\" src=\"https:\/\/www.vsmaria.it\/wp-content\/uploads\/2024\/12\/3.jpg\" class=\"attachment-full size-full\" alt=\"\" srcset=\"https:\/\/www.vsmaria.it\/wp-content\/uploads\/2024\/12\/3.jpg 547w, https:\/\/www.vsmaria.it\/wp-content\/uploads\/2024\/12\/3-300x200.jpg 300w\" sizes=\"(max-width: 547px) 100vw, 547px\" \/>\t\t<\/div>\n\t\t\t<\/div>\n\t<\/div>\n\t\t<div class=\"swiper-button-prev \"><svg class=\"qodef-svg--navigation-arrow-left\" xmlns=\"http:\/\/www.w3.org\/2000\/svg\" width=\"25.547\" height=\"50.094\"><path fill=\"none\" stroke=\"currentColor\" stroke-linecap=\"round\" stroke-linejoin=\"round\" d=\"M24.84.707.5 25.047l24.34 24.34\"\/><\/svg><\/div>\n\t<div class=\"swiper-button-next \"><svg class=\"qodef-svg--navigation-arrow-right\" xmlns=\"http:\/\/www.w3.org\/2000\/svg\" width=\"25.547\" height=\"50.094\"><path fill=\"none\" stroke=\"currentColor\" stroke-linecap=\"round\" stroke-linejoin=\"round\" d=\"m.707.707 24.34 24.34-24.34 24.34\"\/><\/svg><\/div>\n\t<\/div>\n\t\t\t\t<\/div>\n\t\t\t\t<\/div>\n\t\t\t\t<\/div>\n\t\t<div class=\"elementor-element elementor-element-61e00e9 e-con-full e-flex e-con e-child\" data-id=\"61e00e9\" data-element_type=\"container\" data-e-type=\"container\">\n\t\t<div class=\"elementor-element elementor-element-8e0aaa4 e-con-full e-flex e-con e-child\" data-id=\"8e0aaa4\" data-element_type=\"container\" data-e-type=\"container\">\n\t\t<div class=\"elementor-element elementor-element-d9d841a e-con-full e-flex e-con e-child\" data-id=\"d9d841a\" data-element_type=\"container\" data-e-type=\"container\">\n\t\t\t\t<div class=\"elementor-element elementor-element-6e5a8d5 elementor-widget elementor-widget-carsten_core_section_title\" data-id=\"6e5a8d5\" data-element_type=\"widget\" data-e-type=\"widget\" data-widget_type=\"carsten_core_section_title.default\">\n\t\t\t\t<div class=\"elementor-widget-container\">\n\t\t\t\t\t<div class=\"qodef-shortcode qodef-m  qodef-section-title qodef-alignment--left \">\n\t\t<h3 class=\"qodef-m-title\" >\n\t\t\t\t\tMOBIL HOME COMFORT\t\t\t<\/h3>\n\t\t<\/div>\n\t\t\t\t<\/div>\n\t\t\t\t<\/div>\n\t\t\t\t<\/div>\n\t\t<div class=\"elementor-element elementor-element-a4ee122 e-con-full e-flex e-con e-child\" data-id=\"a4ee122\" data-element_type=\"container\" data-e-type=\"container\">\n\t\t\t\t<div class=\"elementor-element elementor-element-e7f2720 elementor-widget elementor-widget-text-editor\" data-id=\"e7f2720\" data-element_type=\"widget\" data-e-type=\"widget\" data-widget_type=\"text-editor.default\">\n\t\t\t\t<div class=\"elementor-widget-container\">\n\t\t\t\t\t\t\t\t\t<p>Mit einer Fl\u00e4che von ca. 32 m\u00b2 verf\u00fcgt es \u00fcber ein Schlafzimmer mit Doppelbett, ein Kinderzimmer mit zwei Einzelbetten, ein Badezimmer, ein Wohnzimmer und eine K\u00fcche. Es ist mit Klimaanlage und Satelliten-TV ausgestattet und bietet alles, was f\u00fcr einen angenehmen Aufenthalt erforderlich ist.<\/p><p>Drau\u00dfen gibt es eine ger\u00e4umige, \u00fcberdachte Terrasse von ca. 12 m\u00b2, die mit einem Tisch und St\u00fchlen ausgestattet ist, ideal f\u00fcr Mahlzeiten im Freien.<\/p><p>Die Bettw\u00e4sche ist im Preis enthalten, Handt\u00fccher sind auf Anfrage f\u00fcr 10 \u20ac pro Woche und Person erh\u00e4ltlich. Die Endreinigung kostet 70 \u20ac.<\/p>\t\t\t\t\t\t\t\t<\/div>\n\t\t\t\t<\/div>\n\t\t\t\t<\/div>\n\t\t<div class=\"elementor-element elementor-element-1b42ea4 e-con-full e-flex e-con e-child\" data-id=\"1b42ea4\" data-element_type=\"container\" data-e-type=\"container\">\n\t\t\t\t<div class=\"elementor-element elementor-element-c4c2d3f elementor-widget elementor-widget-carsten_core_button\" data-id=\"c4c2d3f\" data-element_type=\"widget\" data-e-type=\"widget\" data-widget_type=\"carsten_core_button.default\">\n\t\t\t\t<div class=\"elementor-widget-container\">\n\t\t\t\t\t<a class=\"qodef-shortcode qodef-m  qodef-button qodef-layout--outlined  qodef-html--link\" href=\"\/de\/kontakt\/\" target=\"_blank\" style=\"--qode-button-color: #0D1A33;--qode-button-hover-color: #0D1A33;--qode-button-bg-hover-color: #02010100\">\n\t<span class=\"qodef-m-text\">INFORMATIONEN ANFORDERN<\/span>\n<\/a>\n\t\t\t\t<\/div>\n\t\t\t\t<\/div>\n\t\t\t\t<\/div>\n\t\t\t\t<\/div>\n\t\t\t\t<\/div>\n\t\t\t\t<\/div>\n\t\t<div class=\"elementor-element elementor-element-75f3c33 e-con-full e-flex e-con e-parent\" data-id=\"75f3c33\" data-element_type=\"container\" data-e-type=\"container\" data-settings=\"{&quot;background_background&quot;:&quot;classic&quot;}\">\n\t\t<div class=\"elementor-element elementor-element-41d6572 e-con-full e-flex e-con e-child\" data-id=\"41d6572\" data-element_type=\"container\" data-e-type=\"container\">\n\t\t<div class=\"elementor-element elementor-element-66fc65f e-con-full e-flex e-con e-child\" data-id=\"66fc65f\" data-element_type=\"container\" data-e-type=\"container\">\n\t\t<div class=\"elementor-element elementor-element-6f83303 e-con-full e-flex e-con e-child\" data-id=\"6f83303\" data-element_type=\"container\" data-e-type=\"container\">\n\t\t\t\t<div class=\"elementor-element elementor-element-082adee elementor-widget elementor-widget-carsten_core_section_title\" data-id=\"082adee\" data-element_type=\"widget\" data-e-type=\"widget\" data-widget_type=\"carsten_core_section_title.default\">\n\t\t\t\t<div class=\"elementor-widget-container\">\n\t\t\t\t\t<div class=\"qodef-shortcode qodef-m  qodef-section-title qodef-alignment--left \">\n\t\t<h3 class=\"qodef-m-title\" >\n\t\t\t\t\tMOBIL HOME SMALL\t\t\t<\/h3>\n\t\t<\/div>\n\t\t\t\t<\/div>\n\t\t\t\t<\/div>\n\t\t\t\t<\/div>\n\t\t<div class=\"elementor-element elementor-element-7f2cfb7 e-con-full e-flex e-con e-child\" data-id=\"7f2cfb7\" data-element_type=\"container\" data-e-type=\"container\">\n\t\t\t\t<div class=\"elementor-element elementor-element-eb1d94c elementor-widget elementor-widget-text-editor\" data-id=\"eb1d94c\" data-element_type=\"widget\" data-e-type=\"widget\" data-widget_type=\"text-editor.default\">\n\t\t\t\t<div class=\"elementor-widget-container\">\n\t\t\t\t\t\t\t\t\tMit einer Fl\u00e4che von ca. 12 m\u00b2 bietet dieses Mobilheim ein Schlafzimmer mit Doppelbett, ein Badezimmer, ein Wohnzimmer und eine K\u00fcche. Es ist mit Klimaanlage und Satelliten-TV ausgestattet.\n\nDrau\u00dfen gibt es eine \u00fcberdachte Terrasse von ca. 10 m\u00b2, die mit einem Tisch und St\u00fchlen ausgestattet ist, ideal f\u00fcr Mahlzeiten im Freien.\n\nDie Bettw\u00e4sche ist im Preis enthalten, Handt\u00fccher k\u00f6nnen auf Anfrage f\u00fcr 10 \u20ac pro Woche und Person zur Verf\u00fcgung gestellt werden. Die Endreinigung kostet 70 \u20ac.\t\t\t\t\t\t\t\t<\/div>\n\t\t\t\t<\/div>\n\t\t\t\t<\/div>\n\t\t<div class=\"elementor-element elementor-element-c57b1d9 e-con-full e-flex e-con e-child\" data-id=\"c57b1d9\" data-element_type=\"container\" data-e-type=\"container\">\n\t\t\t\t<div class=\"elementor-element elementor-element-03e3eb7 elementor-widget elementor-widget-carsten_core_button\" data-id=\"03e3eb7\" data-element_type=\"widget\" data-e-type=\"widget\" data-widget_type=\"carsten_core_button.default\">\n\t\t\t\t<div class=\"elementor-widget-container\">\n\t\t\t\t\t<a class=\"qodef-shortcode qodef-m  qodef-button qodef-layout--outlined  qodef-html--link\" href=\"\/de\/kontakt\/\" target=\"_blank\" style=\"--qode-button-color: #0D1A33;--qode-button-hover-color: #0D1A33;--qode-button-bg-hover-color: #02010100\">\n\t<span class=\"qodef-m-text\">INFORMATIONEN ANFORDERN<\/span>\n<\/a>\n\t\t\t\t<\/div>\n\t\t\t\t<\/div>\n\t\t\t\t<\/div>\n\t\t\t\t<\/div>\n\t\t\t\t<\/div>\n\t\t<div class=\"elementor-element elementor-element-6a8a77b e-con-full e-flex e-con e-child\" data-id=\"6a8a77b\" data-element_type=\"container\" data-e-type=\"container\" data-settings=\"{&quot;background_background&quot;:&quot;classic&quot;}\">\n\t\t\t\t<div class=\"elementor-element elementor-element-377d604 elementor-widget elementor-widget-carsten_core_image_gallery\" data-id=\"377d604\" data-element_type=\"widget\" data-e-type=\"widget\" data-widget_type=\"carsten_core_image_gallery.default\">\n\t\t\t\t<div class=\"elementor-widget-container\">\n\t\t\t\t\t<div class=\"qodef-shortcode qodef-m  qodef-image-gallery   qodef-vertical-align--no qodef--light qodef-hover--overlay qodef-grid qodef-swiper-container  qodef-gutter--no  qodef-col-num--1  qodef-responsive--predefined\"  data-options=\"{&quot;spaceBetween&quot;:0,&quot;slidesPerView&quot;:&quot;1&quot;,&quot;loop&quot;:true,&quot;autoplay&quot;:true,&quot;speed&quot;:&quot;&quot;,&quot;speedAnimation&quot;:&quot;&quot;,&quot;slideAnimation&quot;:&quot;&quot;,&quot;direction&quot;:&quot;&quot;,&quot;reverseDirection&quot;:false,&quot;centeredSlides&quot;:&quot;&quot;,&quot;sliderScroll&quot;:&quot;&quot;,&quot;loopedSlides&quot;:&quot;&quot;,&quot;hiddenSlides&quot;:&quot;&quot;,&quot;partialColumn&quot;:&quot;&quot;,&quot;partialColumnValue&quot;:0}\">\n\t<div class=\"swiper-wrapper\">\n\t\t<div class=\"qodef-e qodef-image-wrapper swiper-slide \">\n\t\t\t<div class=\"qodef-e-image\">\n\t\t\t<img loading=\"lazy\" decoding=\"async\" width=\"605\" height=\"454\" src=\"https:\/\/www.vsmaria.it\/wp-content\/uploads\/2024\/12\/bungalino.jpg\" class=\"attachment-full size-full\" alt=\"\" srcset=\"https:\/\/www.vsmaria.it\/wp-content\/uploads\/2024\/12\/bungalino.jpg 605w, https:\/\/www.vsmaria.it\/wp-content\/uploads\/2024\/12\/bungalino-300x225.jpg 300w\" sizes=\"(max-width: 605px) 100vw, 605px\" \/>\t\t<\/div>\n\t\t\t<\/div>\n\t<\/div>\n\t\t<div class=\"swiper-button-prev \"><svg class=\"qodef-svg--navigation-arrow-left\" xmlns=\"http:\/\/www.w3.org\/2000\/svg\" width=\"25.547\" height=\"50.094\"><path fill=\"none\" stroke=\"currentColor\" stroke-linecap=\"round\" stroke-linejoin=\"round\" d=\"M24.84.707.5 25.047l24.34 24.34\"\/><\/svg><\/div>\n\t<div class=\"swiper-button-next \"><svg class=\"qodef-svg--navigation-arrow-right\" xmlns=\"http:\/\/www.w3.org\/2000\/svg\" width=\"25.547\" height=\"50.094\"><path fill=\"none\" stroke=\"currentColor\" stroke-linecap=\"round\" stroke-linejoin=\"round\" d=\"m.707.707 24.34 24.34-24.34 24.34\"\/><\/svg><\/div>\n\t<\/div>\n\t\t\t\t<\/div>\n\t\t\t\t<\/div>\n\t\t\t\t<\/div>\n\t\t\t\t<\/div>\n\t\t\t\t<\/div>\n\t\t","protected":false},"excerpt":{"rendered":"<p>Mobilheime nur wenige Schritte vom Meer entfernt Die Mobilheime des Camping Valle Santa Maria bieten ein komfortables und privates Aufenthaltserlebnis. Sie befinden sich in einem speziellen Bereich des Campingplatzes, nur wenige Schritte vom Meer entfernt, und garantieren jedem Gast maximale Ruhe und Privatsph\u00e4re. Jedes Mobilheim tr\u00e4gt den Namen einer Insel des Toskanischen Archipels, eine Hommage [&hellip;]<\/p>\n","protected":false},"author":1,"featured_media":0,"parent":0,"menu_order":0,"comment_status":"closed","ping_status":"closed","template":"page-full-width.php","meta":{"footnotes":""},"class_list":["post-15113","page","type-page","status-publish","hentry"],"_links":{"self":[{"href":"https:\/\/www.vsmaria.it\/de\/wp-json\/wp\/v2\/pages\/15113","targetHints":{"allow":["GET"]}}],"collection":[{"href":"https:\/\/www.vsmaria.it\/de\/wp-json\/wp\/v2\/pages"}],"about":[{"href":"https:\/\/www.vsmaria.it\/de\/wp-json\/wp\/v2\/types\/page"}],"author":[{"embeddable":true,"href":"https:\/\/www.vsmaria.it\/de\/wp-json\/wp\/v2\/users\/1"}],"replies":[{"embeddable":true,"href":"https:\/\/www.vsmaria.it\/de\/wp-json\/wp\/v2\/comments?post=15113"}],"version-history":[{"count":5,"href":"https:\/\/www.vsmaria.it\/de\/wp-json\/wp\/v2\/pages\/15113\/revisions"}],"predecessor-version":[{"id":16420,"href":"https:\/\/www.vsmaria.it\/de\/wp-json\/wp\/v2\/pages\/15113\/revisions\/16420"}],"wp:attachment":[{"href":"https:\/\/www.vsmaria.it\/de\/wp-json\/wp\/v2\/media?parent=15113"}],"curies":[{"name":"wp","href":"https:\/\/api.w.org\/{rel}","templated":true}]}}