{"id":15096,"date":"2025-01-13T09:41:50","date_gmt":"2025-01-13T08:41:50","guid":{"rendered":"http:\/\/vsmaria.youelba.com\/barbados\/"},"modified":"2025-02-03T09:56:43","modified_gmt":"2025-02-03T08:56:43","slug":"barbados","status":"publish","type":"page","link":"https:\/\/www.vsmaria.it\/de\/barbados\/","title":{"rendered":"Barbados"},"content":{"rendered":"\t\t<div data-elementor-type=\"wp-page\" data-elementor-id=\"15096\" class=\"elementor elementor-15096 elementor-13256\" data-elementor-post-type=\"page\">\n\t\t\t\t<div class=\"elementor-element elementor-element-08e2649 e-con-full e-flex e-con e-parent\" data-id=\"08e2649\" data-element_type=\"container\" data-e-type=\"container\" data-settings=\"{&quot;background_background&quot;:&quot;classic&quot;}\">\n\t\t\t\t<\/div>\n\t\t<div class=\"elementor-element elementor-element-033bd3b e-con-full e-flex e-con e-parent\" data-id=\"033bd3b\" data-element_type=\"container\" data-e-type=\"container\" data-settings=\"{&quot;background_background&quot;:&quot;classic&quot;}\">\n\t\t<div class=\"elementor-element elementor-element-effeeab e-con-full qodef-elementor-content-grid e-flex e-con e-child\" data-id=\"effeeab\" data-element_type=\"container\" data-e-type=\"container\">\n\t\t<div class=\"elementor-element elementor-element-7f05a61 e-con-full e-flex e-con e-child\" data-id=\"7f05a61\" data-element_type=\"container\" data-e-type=\"container\">\n\t\t<div class=\"elementor-element elementor-element-b86aa0b e-con-full e-flex e-con e-child\" data-id=\"b86aa0b\" data-element_type=\"container\" data-e-type=\"container\">\n\t\t\t\t<div class=\"elementor-element elementor-element-a73f3ec elementor-widget__width-initial elementor-widget-tablet__width-inherit elementor-widget elementor-widget-carsten_core_section_title\" data-id=\"a73f3ec\" data-element_type=\"widget\" data-e-type=\"widget\" data-widget_type=\"carsten_core_section_title.default\">\n\t\t\t\t<div class=\"elementor-widget-container\">\n\t\t\t\t\t<div class=\"qodef-shortcode qodef-m  qodef-section-title qodef-alignment--left \">\n\t\t<h2 class=\"qodef-m-title\" style=\"color: #FFFFFF;text-transform: uppercase\">\n\t\t\t\t\tBarbados\t\t\t<\/h2>\n\t\t<\/div>\n\t\t\t\t<\/div>\n\t\t\t\t<\/div>\n\t\t\t\t<\/div>\n\t\t<div class=\"elementor-element elementor-element-03bb043 e-con-full e-flex e-con e-child\" data-id=\"03bb043\" data-element_type=\"container\" data-e-type=\"container\">\n\t\t\t\t<div class=\"elementor-element elementor-element-5f091e0 elementor-widget elementor-widget-text-editor\" data-id=\"5f091e0\" data-element_type=\"widget\" data-e-type=\"widget\" data-widget_type=\"text-editor.default\">\n\t\t\t\t<div class=\"elementor-widget-container\">\n\t\t\t\t\t\t\t\t\tWillkommen im Barbados, unserer gem\u00fctlichen Bar im Herzen des Campingplatzes! Wir haben jeden Abend ge\u00f6ffnet und sind bereit, Ihnen unvergessliche Momente in einer entspannten und unterhaltsamen Atmosph\u00e4re zu bieten.\t\t\t\t\t\t\t\t<\/div>\n\t\t\t\t<\/div>\n\t\t\t\t<div class=\"elementor-element elementor-element-0874e22 elementor-widget elementor-widget-text-editor\" data-id=\"0874e22\" data-element_type=\"widget\" data-e-type=\"widget\" data-widget_type=\"text-editor.default\">\n\t\t\t\t<div class=\"elementor-widget-container\">\n\t\t\t\t\t\t\t\t\tUnsere talentierte Barkeeperin Claudia ist hier, um Ihnen hochwertige Cocktails zuzubereiten, immer frisch und kreativ. Au\u00dferdem organisieren wir spezielle Abende mit Live-Musik und wechselnden Cocktails, um jede Nacht einzigartig zu machen!\t\t\t\t\t\t\t\t<\/div>\n\t\t\t\t<\/div>\n\t\t\t\t<\/div>\n\t\t\t\t<\/div>\n\t\t<div class=\"elementor-element elementor-element-49dd5c9 e-con-full e-flex e-con e-child\" data-id=\"49dd5c9\" data-element_type=\"container\" data-e-type=\"container\">\n\t\t\t\t<div class=\"elementor-element elementor-element-f00c923 elementor-widget elementor-widget-spacer\" data-id=\"f00c923\" data-element_type=\"widget\" data-e-type=\"widget\" data-widget_type=\"spacer.default\">\n\t\t\t\t<div class=\"elementor-widget-container\">\n\t\t\t\t\t\t\t<div class=\"elementor-spacer\">\n\t\t\t<div class=\"elementor-spacer-inner\"><\/div>\n\t\t<\/div>\n\t\t\t\t\t\t<\/div>\n\t\t\t\t<\/div>\n\t\t\t\t<div class=\"elementor-element elementor-element-af152cc elementor-widget elementor-widget-text-editor\" data-id=\"af152cc\" data-element_type=\"widget\" data-e-type=\"widget\" data-widget_type=\"text-editor.default\">\n\t\t\t\t<div class=\"elementor-widget-container\">\n\t\t\t\t\t\t\t\t\tSie d\u00fcrfen die ber\u00fchmten und k\u00f6stlichen Cr\u00eapes von Gabriele nicht verpassen, perfekt, um Ihre Lust auf S\u00fc\u00dfes zu stillen.\t\t\t\t\t\t\t\t<\/div>\n\t\t\t\t<\/div>\n\t\t\t\t<div class=\"elementor-element elementor-element-960c41a elementor-widget elementor-widget-text-editor\" data-id=\"960c41a\" data-element_type=\"widget\" data-e-type=\"widget\" data-widget_type=\"text-editor.default\">\n\t\t\t\t<div class=\"elementor-widget-container\">\n\t\t\t\t\t\t\t\t\tOb Sie ein Glas Elbischen Wein genie\u00dfen oder einen typischen Grappa probieren m\u00f6chten, im Barbados finden Sie immer etwas Perfektes, um Ihre Abende zu begleiten. Kommen Sie vorbei und lassen Sie sich von unserer Gastfreundschaft verw\u00f6hnen: Wir erwarten Sie f\u00fcr Momente puren Genusses und Spa\u00df!\t\t\t\t\t\t\t\t<\/div>\n\t\t\t\t<\/div>\n\t\t\t\t<\/div>\n\t\t\t\t<\/div>\n\t\t\t\t<\/div>\n\t\t<div class=\"elementor-element elementor-element-6f60356 e-con-full e-flex e-con e-parent\" data-id=\"6f60356\" data-element_type=\"container\" data-e-type=\"container\" data-settings=\"{&quot;background_background&quot;:&quot;classic&quot;}\">\n\t\t\t\t<div class=\"elementor-element elementor-element-f9b3884 elementor-widget elementor-widget-carsten_core_image_gallery\" data-id=\"f9b3884\" data-element_type=\"widget\" data-e-type=\"widget\" data-widget_type=\"carsten_core_image_gallery.default\">\n\t\t\t\t<div class=\"elementor-widget-container\">\n\t\t\t\t\t<div class=\"qodef-shortcode qodef-m  qodef-image-gallery   qodef-vertical-align--no qodef--light qodef-hover--overlay qodef-grid qodef-swiper-container  qodef-gutter--custom  qodef-col-num--2.2  qodef-responsive--custom qodef-col-num--1512--2.2 qodef-col-num--1368--2.2 qodef-col-num--1200--2.2 qodef-col-num--1024--2.2 qodef-col-num--880--2.2 qodef-col-num--680--1\" style=\"--qode-gutter-custom: 60px;--qode-gutter-custom-1512: 60px;--qode-gutter-custom-1200: 40px;--qode-gutter-custom-880: 40px;--qode-gutter-custom-680: 0px\" data-options=\"{&quot;spaceBetween&quot;:60,&quot;spaceBetween1512&quot;:60,&quot;spaceBetween1200&quot;:40,&quot;spaceBetween880&quot;:40,&quot;slidesPerView&quot;:2.2,&quot;loop&quot;:true,&quot;autoplay&quot;:true,&quot;speed&quot;:&quot;&quot;,&quot;speedAnimation&quot;:&quot;&quot;,&quot;slideAnimation&quot;:&quot;&quot;,&quot;direction&quot;:&quot;&quot;,&quot;reverseDirection&quot;:false,&quot;centeredSlides&quot;:true,&quot;sliderScroll&quot;:&quot;&quot;,&quot;loopedSlides&quot;:&quot;&quot;,&quot;hiddenSlides&quot;:&quot;&quot;,&quot;partialColumn&quot;:true,&quot;partialColumnValue&quot;:&quot;0.2&quot;,&quot;customStages&quot;:true,&quot;slidesPerView1512&quot;:2.2,&quot;slidesPerView1368&quot;:2.2,&quot;slidesPerView1200&quot;:2.2,&quot;slidesPerView1024&quot;:2.2,&quot;slidesPerView880&quot;:2.2,&quot;slidesPerView680&quot;:&quot;1&quot;}\">\n\t<div class=\"swiper-wrapper\">\n\t\t<div class=\"qodef-e qodef-image-wrapper swiper-slide \">\n\t\t\t<div class=\"qodef-e-image\">\n\t\t\t<img fetchpriority=\"high\" decoding=\"async\" src=\"https:\/\/www.vsmaria.it\/wp-content\/uploads\/2025\/01\/barbados_D80_6102-1080x1080.jpg\" alt=\"Barbados\" width=\"1080\" height=\"1080\" data-ratio=\"1\" \/>\t\t<\/div>\n\t\t\t<\/div>\n<div class=\"qodef-e qodef-image-wrapper swiper-slide \">\n\t\t\t<div class=\"qodef-e-image\">\n\t\t\t<img decoding=\"async\" src=\"https:\/\/www.vsmaria.it\/wp-content\/uploads\/2024\/12\/D80_6113-1080x1080.jpg\" alt=\"\" width=\"1080\" height=\"1080\" data-ratio=\"1\" \/>\t\t<\/div>\n\t\t\t<\/div>\n<div class=\"qodef-e qodef-image-wrapper swiper-slide \">\n\t\t\t<div class=\"qodef-e-image\">\n\t\t\t<img decoding=\"async\" src=\"https:\/\/www.vsmaria.it\/wp-content\/uploads\/2024\/10\/D80_6110-1920-1080x1080.jpg\" alt=\"\" width=\"1080\" height=\"1080\" data-ratio=\"1\" \/>\t\t<\/div>\n\t\t\t<\/div>\n<div class=\"qodef-e qodef-image-wrapper swiper-slide \">\n\t\t\t<div class=\"qodef-e-image\">\n\t\t\t<img loading=\"lazy\" decoding=\"async\" src=\"https:\/\/www.vsmaria.it\/wp-content\/uploads\/2024\/12\/D80_6103-1080x1080.jpg\" alt=\"\" width=\"1080\" height=\"1080\" data-ratio=\"1\" \/>\t\t<\/div>\n\t\t\t<\/div>\n\t<\/div>\n\t\t<\/div>\n\t\t\t\t<\/div>\n\t\t\t\t<\/div>\n\t\t\t\t<\/div>\n\t\t\t\t<\/div>\n\t\t","protected":false},"excerpt":{"rendered":"<p>Barbados Willkommen im Barbados, unserer gem\u00fctlichen Bar im Herzen des Campingplatzes! Wir haben jeden Abend ge\u00f6ffnet und sind bereit, Ihnen unvergessliche Momente in einer entspannten und unterhaltsamen Atmosph\u00e4re zu bieten.Unsere talentierte Barkeeperin Claudia ist hier, um Ihnen hochwertige Cocktails zuzubereiten, immer frisch und kreativ. Au\u00dferdem organisieren wir spezielle Abende mit Live-Musik und wechselnden Cocktails, um [&hellip;]<\/p>\n","protected":false},"author":1,"featured_media":0,"parent":0,"menu_order":0,"comment_status":"closed","ping_status":"closed","template":"page-full-width.php","meta":{"footnotes":""},"class_list":["post-15096","page","type-page","status-publish","hentry"],"_links":{"self":[{"href":"https:\/\/www.vsmaria.it\/de\/wp-json\/wp\/v2\/pages\/15096","targetHints":{"allow":["GET"]}}],"collection":[{"href":"https:\/\/www.vsmaria.it\/de\/wp-json\/wp\/v2\/pages"}],"about":[{"href":"https:\/\/www.vsmaria.it\/de\/wp-json\/wp\/v2\/types\/page"}],"author":[{"embeddable":true,"href":"https:\/\/www.vsmaria.it\/de\/wp-json\/wp\/v2\/users\/1"}],"replies":[{"embeddable":true,"href":"https:\/\/www.vsmaria.it\/de\/wp-json\/wp\/v2\/comments?post=15096"}],"version-history":[{"count":5,"href":"https:\/\/www.vsmaria.it\/de\/wp-json\/wp\/v2\/pages\/15096\/revisions"}],"predecessor-version":[{"id":15587,"href":"https:\/\/www.vsmaria.it\/de\/wp-json\/wp\/v2\/pages\/15096\/revisions\/15587"}],"wp:attachment":[{"href":"https:\/\/www.vsmaria.it\/de\/wp-json\/wp\/v2\/media?parent=15096"}],"curies":[{"name":"wp","href":"https:\/\/api.w.org\/{rel}","templated":true}]}}