{"id":15012,"date":"2025-01-16T12:18:37","date_gmt":"2025-01-16T11:18:37","guid":{"rendered":"http:\/\/vsmaria.youelba.com\/wohnungen\/appartamento-09-zuccale\/"},"modified":"2025-01-31T11:57:03","modified_gmt":"2025-01-31T10:57:03","slug":"wohnung-09-zuccale","status":"publish","type":"page","link":"https:\/\/www.vsmaria.it\/de\/wohnungen\/wohnung-09-zuccale\/","title":{"rendered":"Wohnung 09 &#8211; Zuccale"},"content":{"rendered":"\t\t<div data-elementor-type=\"wp-page\" data-elementor-id=\"15012\" class=\"elementor elementor-15012 elementor-13601\" data-elementor-post-type=\"page\">\n\t\t\t\t<div class=\"elementor-element elementor-element-5c4e401 e-con-full e-flex e-con e-parent\" data-id=\"5c4e401\" data-element_type=\"container\" data-e-type=\"container\">\n\t\t<div class=\"elementor-element elementor-element-cf4b1c8 e-con-full e-flex e-con e-child\" data-id=\"cf4b1c8\" data-element_type=\"container\" data-e-type=\"container\" data-settings=\"{&quot;background_background&quot;:&quot;classic&quot;}\">\n\t\t\t\t<div class=\"elementor-element elementor-element-1e27329 elementor-widget elementor-widget-image\" data-id=\"1e27329\" data-element_type=\"widget\" data-e-type=\"widget\" data-widget_type=\"image.default\">\n\t\t\t\t<div class=\"elementor-widget-container\">\n\t\t\t\t\t\t\t\t\t\t\t\t\t\t\t<img fetchpriority=\"high\" decoding=\"async\" width=\"1024\" height=\"682\" src=\"https:\/\/www.vsmaria.it\/wp-content\/uploads\/2025\/01\/appartamento-09-zuccale_89-1024x682.jpg\" class=\"attachment-large size-large wp-image-14001\" alt=\"\" srcset=\"https:\/\/www.vsmaria.it\/wp-content\/uploads\/2025\/01\/appartamento-09-zuccale_89-1024x682.jpg 1024w, https:\/\/www.vsmaria.it\/wp-content\/uploads\/2025\/01\/appartamento-09-zuccale_89-300x200.jpg 300w, https:\/\/www.vsmaria.it\/wp-content\/uploads\/2025\/01\/appartamento-09-zuccale_89-768x512.jpg 768w, https:\/\/www.vsmaria.it\/wp-content\/uploads\/2025\/01\/appartamento-09-zuccale_89-600x400.jpg 600w, https:\/\/www.vsmaria.it\/wp-content\/uploads\/2025\/01\/appartamento-09-zuccale_89.jpg 1280w\" sizes=\"(max-width: 1024px) 100vw, 1024px\" \/>\t\t\t\t\t\t\t\t\t\t\t\t\t\t\t<\/div>\n\t\t\t\t<\/div>\n\t\t\t\t<\/div>\n\t\t<div class=\"elementor-element elementor-element-0dfc0bd e-con-full e-flex e-con e-child\" data-id=\"0dfc0bd\" data-element_type=\"container\" data-e-type=\"container\">\n\t\t\t\t<div class=\"elementor-element elementor-element-0ae614a elementor-widget__width-initial elementor-widget elementor-widget-carsten_core_section_title\" data-id=\"0ae614a\" data-element_type=\"widget\" data-e-type=\"widget\" data-widget_type=\"carsten_core_section_title.default\">\n\t\t\t\t<div class=\"elementor-widget-container\">\n\t\t\t\t\t<div class=\"qodef-shortcode qodef-m  qodef-section-title qodef-alignment--center \">\n\t\t<h2 class=\"qodef-m-title\" style=\"text-transform: uppercase\">\n\t\t\t\t\tWohnung n. 09 - Zuccale\t\t\t<\/h2>\n\t\t<\/div>\n\t\t\t\t<\/div>\n\t\t\t\t<\/div>\n\t\t<div class=\"elementor-element elementor-element-a9d7b12 e-con-full e-flex e-con e-child\" data-id=\"a9d7b12\" data-element_type=\"container\" data-e-type=\"container\">\n\t\t<div class=\"elementor-element elementor-element-722807d e-con-full e-flex e-con e-child\" data-id=\"722807d\" data-element_type=\"container\" data-e-type=\"container\">\n\t\t\t\t<div class=\"elementor-element elementor-element-1674dd9 elementor-widget elementor-widget-carsten_core_section_title\" data-id=\"1674dd9\" data-element_type=\"widget\" data-e-type=\"widget\" data-widget_type=\"carsten_core_section_title.default\">\n\t\t\t\t<div class=\"elementor-widget-container\">\n\t\t\t\t\t<div class=\"qodef-shortcode qodef-m  qodef-section-title qodef-alignment--left \">\n\t\t<h5 class=\"qodef-m-title\" >\n\t\t\t\t\t4 Betten\t\t\t<\/h5>\n\t\t<p class=\"qodef-m-subtitle\" >Ideal f\u00fcr eine Familie oder eine Gruppe von Freunden<\/p>\n\t\t<p class=\"qodef-m-text\" >Erster Stock\n\n<\/p>\n<\/div>\n\t\t\t\t<\/div>\n\t\t\t\t<\/div>\n\t\t\t\t<\/div>\n\t\t<div class=\"elementor-element elementor-element-0595f2c e-con-full elementor-hidden-tablet elementor-hidden-mobile e-flex e-con e-child\" data-id=\"0595f2c\" data-element_type=\"container\" data-e-type=\"container\">\n\t\t\t\t<\/div>\n\t\t\t\t<\/div>\n\t\t<div class=\"elementor-element elementor-element-081cc2b e-con-full e-flex e-con e-child\" data-id=\"081cc2b\" data-element_type=\"container\" data-e-type=\"container\">\n\t\t<div class=\"elementor-element elementor-element-b6bf35d e-con-full e-flex e-con e-child\" data-id=\"b6bf35d\" data-element_type=\"container\" data-e-type=\"container\">\n\t\t\t\t<div class=\"elementor-element elementor-element-496089e elementor-widget elementor-widget-carsten_core_icon_with_text\" data-id=\"496089e\" data-element_type=\"widget\" data-e-type=\"widget\" data-widget_type=\"carsten_core_icon_with_text.default\">\n\t\t\t\t<div class=\"elementor-widget-container\">\n\t\t\t\t\t<div class=\"qodef-shortcode qodef-m  qodef-icon-with-text qodef-layout--before-content qodef--custom-icon qodef--retina\">\n\t<div class=\"qodef-m-icon-wrapper\" style=\"width: 40px\">\n\t\t\t\t\t<img decoding=\"async\" width=\"80\" height=\"80\" src=\"https:\/\/www.vsmaria.it\/wp-content\/uploads\/2025\/01\/bed-1.png\" class=\"attachment-full size-full\" alt=\"\" \/>\t\t<\/div>\n\t<div class=\"qodef-m-content\">\n\t\t\t<h6 class=\"qodef-m-title\" >\n\t\t\t\t\t<span class=\"qodef-m-title-text\">1 Schlafzimmer mit Doppelbett<\/span>\n\t\t\t<\/h6>\n\t\t\t<\/div>\n<\/div>\n\t\t\t\t<\/div>\n\t\t\t\t<\/div>\n\t\t\t\t<\/div>\n\t\t<div class=\"elementor-element elementor-element-65baf53 e-con-full e-flex e-con e-child\" data-id=\"65baf53\" data-element_type=\"container\" data-e-type=\"container\">\n\t\t\t\t<div class=\"elementor-element elementor-element-490448c elementor-widget elementor-widget-carsten_core_icon_with_text\" data-id=\"490448c\" data-element_type=\"widget\" data-e-type=\"widget\" data-widget_type=\"carsten_core_icon_with_text.default\">\n\t\t\t\t<div class=\"elementor-widget-container\">\n\t\t\t\t\t<div class=\"qodef-shortcode qodef-m  qodef-icon-with-text qodef-layout--before-content qodef--custom-icon qodef--retina\">\n\t<div class=\"qodef-m-icon-wrapper\" style=\"width: 40px\">\n\t\t\t\t\t<img decoding=\"async\" width=\"80\" height=\"80\" src=\"https:\/\/www.vsmaria.it\/wp-content\/uploads\/2025\/01\/two.png\" class=\"attachment-full size-full\" alt=\"\" \/>\t\t<\/div>\n\t<div class=\"qodef-m-content\">\n\t\t\t<h6 class=\"qodef-m-title\" >\n\t\t\t\t\t<span class=\"qodef-m-title-text\">1 camera con due letti singoli<\/span>\n\t\t\t<\/h6>\n\t\t\t<\/div>\n<\/div>\n\t\t\t\t<\/div>\n\t\t\t\t<\/div>\n\t\t\t\t<\/div>\n\t\t<div class=\"elementor-element elementor-element-7e085aa e-con-full e-flex e-con e-child\" data-id=\"7e085aa\" data-element_type=\"container\" data-e-type=\"container\">\n\t\t\t\t<div class=\"elementor-element elementor-element-35ca6c0 elementor-widget elementor-widget-carsten_core_icon_with_text\" data-id=\"35ca6c0\" data-element_type=\"widget\" data-e-type=\"widget\" data-widget_type=\"carsten_core_icon_with_text.default\">\n\t\t\t\t<div class=\"elementor-widget-container\">\n\t\t\t\t\t<div class=\"qodef-shortcode qodef-m  qodef-icon-with-text qodef-layout--before-content qodef--custom-icon qodef--retina\">\n\t<div class=\"qodef-m-icon-wrapper\" style=\"width: 40px\">\n\t\t\t\t\t<img loading=\"lazy\" decoding=\"async\" width=\"80\" height=\"80\" src=\"https:\/\/www.vsmaria.it\/wp-content\/uploads\/2025\/01\/cooking-1.png\" class=\"attachment-full size-full\" alt=\"\" \/>\t\t<\/div>\n\t<div class=\"qodef-m-content\">\n\t\t\t<h6 class=\"qodef-m-title\" >\n\t\t\t\t\t<span class=\"qodef-m-title-text\">K\u00fcche<\/span>\n\t\t\t<\/h6>\n\t\t\t<\/div>\n<\/div>\n\t\t\t\t<\/div>\n\t\t\t\t<\/div>\n\t\t\t\t<\/div>\n\t\t<div class=\"elementor-element elementor-element-cc7f190 e-con-full e-flex e-con e-child\" data-id=\"cc7f190\" data-element_type=\"container\" data-e-type=\"container\">\n\t\t\t\t<div class=\"elementor-element elementor-element-6b69cec elementor-widget elementor-widget-carsten_core_icon_with_text\" data-id=\"6b69cec\" data-element_type=\"widget\" data-e-type=\"widget\" data-widget_type=\"carsten_core_icon_with_text.default\">\n\t\t\t\t<div class=\"elementor-widget-container\">\n\t\t\t\t\t<div class=\"qodef-shortcode qodef-m  qodef-icon-with-text qodef-layout--before-content qodef--custom-icon qodef--retina\">\n\t<div class=\"qodef-m-icon-wrapper\" style=\"width: 40px\">\n\t\t\t\t\t<img loading=\"lazy\" decoding=\"async\" width=\"80\" height=\"80\" src=\"https:\/\/www.vsmaria.it\/wp-content\/uploads\/2025\/01\/dishwasher.png\" class=\"attachment-full size-full\" alt=\"\" \/>\t\t<\/div>\n\t<div class=\"qodef-m-content\">\n\t\t\t<h6 class=\"qodef-m-title\" >\n\t\t\t\t\t<span class=\"qodef-m-title-text\">Geschirrsp\u00fcler<\/span>\n\t\t\t<\/h6>\n\t\t\t<\/div>\n<\/div>\n\t\t\t\t<\/div>\n\t\t\t\t<\/div>\n\t\t\t\t<\/div>\n\t\t<div class=\"elementor-element elementor-element-275e638 e-con-full e-flex e-con e-child\" data-id=\"275e638\" data-element_type=\"container\" data-e-type=\"container\">\n\t\t\t\t<div class=\"elementor-element elementor-element-1de3c37 elementor-widget elementor-widget-carsten_core_icon_with_text\" data-id=\"1de3c37\" data-element_type=\"widget\" data-e-type=\"widget\" data-widget_type=\"carsten_core_icon_with_text.default\">\n\t\t\t\t<div class=\"elementor-widget-container\">\n\t\t\t\t\t<div class=\"qodef-shortcode qodef-m  qodef-icon-with-text qodef-layout--before-content qodef--custom-icon qodef--retina\">\n\t<div class=\"qodef-m-icon-wrapper\" style=\"width: 40px\">\n\t\t\t\t\t<img loading=\"lazy\" decoding=\"async\" width=\"80\" height=\"80\" src=\"https:\/\/www.vsmaria.it\/wp-content\/uploads\/2025\/01\/shower-1.png\" class=\"attachment-full size-full\" alt=\"\" \/>\t\t<\/div>\n\t<div class=\"qodef-m-content\">\n\t\t\t<h6 class=\"qodef-m-title\" >\n\t\t\t\t\t<span class=\"qodef-m-title-text\">Badezimmer mit Dusche und warmem Wasser<\/span>\n\t\t\t<\/h6>\n\t\t\t<\/div>\n<\/div>\n\t\t\t\t<\/div>\n\t\t\t\t<\/div>\n\t\t\t\t<\/div>\n\t\t<div class=\"elementor-element elementor-element-ce8c030 e-con-full e-flex e-con e-child\" data-id=\"ce8c030\" data-element_type=\"container\" data-e-type=\"container\">\n\t\t\t\t<div class=\"elementor-element elementor-element-cc762aa elementor-widget elementor-widget-carsten_core_icon_with_text\" data-id=\"cc762aa\" data-element_type=\"widget\" data-e-type=\"widget\" data-widget_type=\"carsten_core_icon_with_text.default\">\n\t\t\t\t<div class=\"elementor-widget-container\">\n\t\t\t\t\t<div class=\"qodef-shortcode qodef-m  qodef-icon-with-text qodef-layout--before-content qodef--custom-icon qodef--retina\">\n\t<div class=\"qodef-m-icon-wrapper\" style=\"width: 40px\">\n\t\t\t\t\t<img loading=\"lazy\" decoding=\"async\" width=\"80\" height=\"80\" src=\"https:\/\/www.vsmaria.it\/wp-content\/uploads\/2025\/01\/barbeque.png\" class=\"attachment-full size-full\" alt=\"\" \/>\t\t<\/div>\n\t<div class=\"qodef-m-content\">\n\t\t\t<h6 class=\"qodef-m-title\" >\n\t\t\t\t\t<span class=\"qodef-m-title-text\">Gemeinschaftsgazebo mit Grillm\u00f6glichkeit<\/span>\n\t\t\t<\/h6>\n\t\t\t<\/div>\n<\/div>\n\t\t\t\t<\/div>\n\t\t\t\t<\/div>\n\t\t\t\t<\/div>\n\t\t<div class=\"elementor-element elementor-element-24c2ef3 e-con-full e-flex e-con e-child\" data-id=\"24c2ef3\" data-element_type=\"container\" data-e-type=\"container\">\n\t\t\t\t<div class=\"elementor-element elementor-element-fd7d9c0 elementor-widget elementor-widget-carsten_core_icon_with_text\" data-id=\"fd7d9c0\" data-element_type=\"widget\" data-e-type=\"widget\" data-widget_type=\"carsten_core_icon_with_text.default\">\n\t\t\t\t<div class=\"elementor-widget-container\">\n\t\t\t\t\t<div class=\"qodef-shortcode qodef-m  qodef-icon-with-text qodef-layout--before-content qodef--custom-icon qodef--retina\">\n\t<div class=\"qodef-m-icon-wrapper\" style=\"width: 40px\">\n\t\t\t\t\t<img loading=\"lazy\" decoding=\"async\" width=\"80\" height=\"80\" src=\"https:\/\/www.vsmaria.it\/wp-content\/uploads\/2025\/01\/parking-1.png\" class=\"attachment-full size-full\" alt=\"\" \/>\t\t<\/div>\n\t<div class=\"qodef-m-content\">\n\t\t\t<h6 class=\"qodef-m-title\" >\n\t\t\t\t\t<span class=\"qodef-m-title-text\">Parkplatz<\/span>\n\t\t\t<\/h6>\n\t\t\t<\/div>\n<\/div>\n\t\t\t\t<\/div>\n\t\t\t\t<\/div>\n\t\t\t\t<\/div>\n\t\t<div class=\"elementor-element elementor-element-d3324c9 e-con-full e-flex e-con e-child\" data-id=\"d3324c9\" data-element_type=\"container\" data-e-type=\"container\">\n\t\t\t\t<div class=\"elementor-element elementor-element-5855552 elementor-widget elementor-widget-carsten_core_icon_with_text\" data-id=\"5855552\" data-element_type=\"widget\" data-e-type=\"widget\" data-widget_type=\"carsten_core_icon_with_text.default\">\n\t\t\t\t<div class=\"elementor-widget-container\">\n\t\t\t\t\t<div class=\"qodef-shortcode qodef-m  qodef-icon-with-text qodef-layout--before-content qodef--custom-icon qodef--retina\">\n\t<div class=\"qodef-m-icon-wrapper\" style=\"width: 40px\">\n\t\t\t\t\t<img loading=\"lazy\" decoding=\"async\" width=\"80\" height=\"80\" src=\"https:\/\/www.vsmaria.it\/wp-content\/uploads\/2025\/01\/vacations.png\" class=\"attachment-full size-full\" alt=\"\" \/>\t\t<\/div>\n\t<div class=\"qodef-m-content\">\n\t\t\t<h6 class=\"qodef-m-title\" >\n\t\t\t\t\t<span class=\"qodef-m-title-text\">200 Meter vom Meer<\/span>\n\t\t\t<\/h6>\n\t\t\t<\/div>\n<\/div>\n\t\t\t\t<\/div>\n\t\t\t\t<\/div>\n\t\t\t\t<\/div>\n\t\t\t\t<\/div>\n\t\t\t\t<\/div>\n\t\t\t\t<\/div>\n\t\t<div class=\"elementor-element elementor-element-6f60356 e-con-full e-flex e-con e-parent\" data-id=\"6f60356\" data-element_type=\"container\" data-e-type=\"container\" data-settings=\"{&quot;background_background&quot;:&quot;classic&quot;}\">\n\t\t\t\t<div class=\"elementor-element elementor-element-f9b3884 elementor-widget elementor-widget-carsten_core_image_gallery\" data-id=\"f9b3884\" data-element_type=\"widget\" data-e-type=\"widget\" data-widget_type=\"carsten_core_image_gallery.default\">\n\t\t\t\t<div class=\"elementor-widget-container\">\n\t\t\t\t\t<div class=\"qodef-shortcode qodef-m  qodef-image-gallery qodef-magnific-popup qodef-popup-gallery  qodef-vertical-align--no  qodef-hover--overlay qodef-grid qodef-swiper-container  qodef-gutter--custom  qodef-col-num--2.2  qodef-responsive--custom qodef-col-num--1512--2.2 qodef-col-num--1368--2.2 qodef-col-num--1200--2.2 qodef-col-num--1024--2.2 qodef-col-num--880--2.2 qodef-col-num--680--1\" style=\"--qode-gutter-custom: 60px;--qode-gutter-custom-1512: 60px;--qode-gutter-custom-1200: 40px;--qode-gutter-custom-880: 40px;--qode-gutter-custom-680: 0px\" data-options=\"{&quot;spaceBetween&quot;:60,&quot;spaceBetween1512&quot;:60,&quot;spaceBetween1200&quot;:40,&quot;spaceBetween880&quot;:40,&quot;slidesPerView&quot;:2.2,&quot;loop&quot;:true,&quot;autoplay&quot;:true,&quot;speed&quot;:&quot;&quot;,&quot;speedAnimation&quot;:&quot;&quot;,&quot;slideAnimation&quot;:&quot;&quot;,&quot;direction&quot;:&quot;&quot;,&quot;reverseDirection&quot;:false,&quot;centeredSlides&quot;:true,&quot;sliderScroll&quot;:&quot;&quot;,&quot;loopedSlides&quot;:&quot;&quot;,&quot;hiddenSlides&quot;:&quot;&quot;,&quot;partialColumn&quot;:true,&quot;partialColumnValue&quot;:&quot;0.2&quot;,&quot;customStages&quot;:true,&quot;slidesPerView1512&quot;:2.2,&quot;slidesPerView1368&quot;:2.2,&quot;slidesPerView1200&quot;:2.2,&quot;slidesPerView1024&quot;:2.2,&quot;slidesPerView880&quot;:2.2,&quot;slidesPerView680&quot;:&quot;1&quot;}\">\n\t<div class=\"swiper-wrapper\">\n\t\t<div class=\"qodef-e qodef-image-wrapper swiper-slide \">\n\t\t\t<a class=\"qodef-popup-item\" itemprop=\"image\" href=\"https:\/\/www.vsmaria.it\/wp-content\/uploads\/2025\/01\/appartamento-09-zuccale_90.jpg\" data-type=\"image\" title=\"Appartamento 09 - Zuccale\">\n\t\t\t<div class=\"qodef-e-image\">\n\t\t\t<img loading=\"lazy\" decoding=\"async\" width=\"1280\" height=\"853\" src=\"https:\/\/www.vsmaria.it\/wp-content\/uploads\/2025\/01\/appartamento-09-zuccale_90.jpg\" class=\"attachment-full size-full\" alt=\"Appartamento 09 - Zuccale\" srcset=\"https:\/\/www.vsmaria.it\/wp-content\/uploads\/2025\/01\/appartamento-09-zuccale_90.jpg 1280w, https:\/\/www.vsmaria.it\/wp-content\/uploads\/2025\/01\/appartamento-09-zuccale_90-300x200.jpg 300w, https:\/\/www.vsmaria.it\/wp-content\/uploads\/2025\/01\/appartamento-09-zuccale_90-1024x682.jpg 1024w, https:\/\/www.vsmaria.it\/wp-content\/uploads\/2025\/01\/appartamento-09-zuccale_90-768x512.jpg 768w, https:\/\/www.vsmaria.it\/wp-content\/uploads\/2025\/01\/appartamento-09-zuccale_90-600x400.jpg 600w\" sizes=\"(max-width: 1280px) 100vw, 1280px\" \/>\t\t<\/div>\n\t\t\t\t\t<\/a>\n\t<\/div>\n<div class=\"qodef-e qodef-image-wrapper swiper-slide \">\n\t\t\t<a class=\"qodef-popup-item\" itemprop=\"image\" href=\"https:\/\/www.vsmaria.it\/wp-content\/uploads\/2025\/01\/appartamento-09-zuccale_86.jpg\" data-type=\"image\" title=\"Appartamento 09 - Zuccale\">\n\t\t\t<div class=\"qodef-e-image\">\n\t\t\t<img loading=\"lazy\" decoding=\"async\" width=\"1280\" height=\"853\" src=\"https:\/\/www.vsmaria.it\/wp-content\/uploads\/2025\/01\/appartamento-09-zuccale_86.jpg\" class=\"attachment-full size-full\" alt=\"Appartamento 09 - Zuccale\" srcset=\"https:\/\/www.vsmaria.it\/wp-content\/uploads\/2025\/01\/appartamento-09-zuccale_86.jpg 1280w, https:\/\/www.vsmaria.it\/wp-content\/uploads\/2025\/01\/appartamento-09-zuccale_86-300x200.jpg 300w, https:\/\/www.vsmaria.it\/wp-content\/uploads\/2025\/01\/appartamento-09-zuccale_86-1024x682.jpg 1024w, https:\/\/www.vsmaria.it\/wp-content\/uploads\/2025\/01\/appartamento-09-zuccale_86-768x512.jpg 768w, https:\/\/www.vsmaria.it\/wp-content\/uploads\/2025\/01\/appartamento-09-zuccale_86-600x400.jpg 600w\" sizes=\"(max-width: 1280px) 100vw, 1280px\" \/>\t\t<\/div>\n\t\t\t\t\t<\/a>\n\t<\/div>\n<div class=\"qodef-e qodef-image-wrapper swiper-slide \">\n\t\t\t<a class=\"qodef-popup-item\" itemprop=\"image\" href=\"https:\/\/www.vsmaria.it\/wp-content\/uploads\/2025\/01\/appartamento-09-zuccale_87.jpg\" data-type=\"image\" title=\"Appartamento 09 - Zuccale\">\n\t\t\t<div class=\"qodef-e-image\">\n\t\t\t<img loading=\"lazy\" decoding=\"async\" width=\"1280\" height=\"853\" src=\"https:\/\/www.vsmaria.it\/wp-content\/uploads\/2025\/01\/appartamento-09-zuccale_87.jpg\" class=\"attachment-full size-full\" alt=\"Appartamento 09 - Zuccale\" srcset=\"https:\/\/www.vsmaria.it\/wp-content\/uploads\/2025\/01\/appartamento-09-zuccale_87.jpg 1280w, https:\/\/www.vsmaria.it\/wp-content\/uploads\/2025\/01\/appartamento-09-zuccale_87-300x200.jpg 300w, https:\/\/www.vsmaria.it\/wp-content\/uploads\/2025\/01\/appartamento-09-zuccale_87-1024x682.jpg 1024w, https:\/\/www.vsmaria.it\/wp-content\/uploads\/2025\/01\/appartamento-09-zuccale_87-768x512.jpg 768w, https:\/\/www.vsmaria.it\/wp-content\/uploads\/2025\/01\/appartamento-09-zuccale_87-600x400.jpg 600w\" sizes=\"(max-width: 1280px) 100vw, 1280px\" \/>\t\t<\/div>\n\t\t\t\t\t<\/a>\n\t<\/div>\n<div class=\"qodef-e qodef-image-wrapper swiper-slide \">\n\t\t\t<a class=\"qodef-popup-item\" itemprop=\"image\" href=\"https:\/\/www.vsmaria.it\/wp-content\/uploads\/2025\/01\/appartamento-09-zuccale_88.jpg\" data-type=\"image\" title=\"Appartamento 09 - Zuccale\">\n\t\t\t<div class=\"qodef-e-image\">\n\t\t\t<img loading=\"lazy\" decoding=\"async\" width=\"1280\" height=\"853\" src=\"https:\/\/www.vsmaria.it\/wp-content\/uploads\/2025\/01\/appartamento-09-zuccale_88.jpg\" class=\"attachment-full size-full\" alt=\"Appartamento 09 - Zuccale\" srcset=\"https:\/\/www.vsmaria.it\/wp-content\/uploads\/2025\/01\/appartamento-09-zuccale_88.jpg 1280w, https:\/\/www.vsmaria.it\/wp-content\/uploads\/2025\/01\/appartamento-09-zuccale_88-300x200.jpg 300w, https:\/\/www.vsmaria.it\/wp-content\/uploads\/2025\/01\/appartamento-09-zuccale_88-1024x682.jpg 1024w, https:\/\/www.vsmaria.it\/wp-content\/uploads\/2025\/01\/appartamento-09-zuccale_88-768x512.jpg 768w, https:\/\/www.vsmaria.it\/wp-content\/uploads\/2025\/01\/appartamento-09-zuccale_88-600x400.jpg 600w\" sizes=\"(max-width: 1280px) 100vw, 1280px\" \/>\t\t<\/div>\n\t\t\t\t\t<\/a>\n\t<\/div>\n\t<\/div>\n\t\t<\/div>\n\t\t\t\t<\/div>\n\t\t\t\t<\/div>\n\t\t\t\t<div class=\"elementor-element elementor-element-294c2ba elementor-widget elementor-widget-template\" data-id=\"294c2ba\" data-element_type=\"widget\" data-e-type=\"widget\" data-widget_type=\"template.default\">\n\t\t\t\t<div class=\"elementor-widget-container\">\n\t\t\t\t\t\t\t<div class=\"elementor-template\">\n\t\t\t\t\t<div data-elementor-type=\"container\" data-elementor-id=\"15405\" class=\"elementor elementor-15405 elementor-15344\" data-elementor-post-type=\"elementor_library\">\n\t\t\t\t<div class=\"elementor-element elementor-element-67884c44 e-con-full e-flex e-con e-parent\" data-id=\"67884c44\" data-element_type=\"container\" data-e-type=\"container\" data-settings=\"{&quot;background_background&quot;:&quot;classic&quot;}\">\n\t\t<div class=\"elementor-element elementor-element-53706cd5 e-con-full qodef-elementor-content-grid e-flex e-con e-child\" data-id=\"53706cd5\" data-element_type=\"container\" data-e-type=\"container\">\n\t\t<div class=\"elementor-element elementor-element-36173b85 e-con-full e-flex e-con e-child\" data-id=\"36173b85\" data-element_type=\"container\" data-e-type=\"container\">\n\t\t<div class=\"elementor-element elementor-element-701362f2 e-con-full e-flex e-con e-child\" data-id=\"701362f2\" data-element_type=\"container\" data-e-type=\"container\">\n\t\t\t\t<div class=\"elementor-element elementor-element-147551fc elementor-widget__width-initial elementor-widget-tablet__width-inherit elementor-widget elementor-widget-carsten_core_section_title\" data-id=\"147551fc\" data-element_type=\"widget\" data-e-type=\"widget\" data-widget_type=\"carsten_core_section_title.default\">\n\t\t\t\t<div class=\"elementor-widget-container\">\n\t\t\t\t\t<div class=\"qodef-shortcode qodef-m  qodef-section-title qodef-alignment--left \">\n\t\t<h2 class=\"qodef-m-title\" style=\"color: #FFFFFF;text-transform: uppercase\">\n\t\t\t\t\tAllgemeine Gesch\u00e4ftsbedingungen\t\t\t<\/h2>\n\t\t<\/div>\n\t\t\t\t<\/div>\n\t\t\t\t<\/div>\n\t\t\t\t<\/div>\n\t\t<div class=\"elementor-element elementor-element-54b4ea6 e-con-full e-flex e-con e-child\" data-id=\"54b4ea6\" data-element_type=\"container\" data-e-type=\"container\">\n\t\t\t\t<div class=\"elementor-element elementor-element-2f474f7a elementor-widget__width-initial elementor-widget-tablet__width-inherit elementor-widget elementor-widget-carsten_core_section_title\" data-id=\"2f474f7a\" data-element_type=\"widget\" data-e-type=\"widget\" data-widget_type=\"carsten_core_section_title.default\">\n\t\t\t\t<div class=\"elementor-widget-container\">\n\t\t\t\t\t<div class=\"qodef-shortcode qodef-m  qodef-section-title qodef-alignment--left \">\n\t\t<h5 class=\"qodef-m-title\" style=\"color: #FFFFFF\">\n\t\t\t\t\tDie Apartments k\u00f6nnen die Dienstleistungen des Campingplatzes nutzen.\t\t\t<\/h5>\n\t\t<\/div>\n\t\t\t\t<\/div>\n\t\t\t\t<\/div>\n\t\t\t\t<\/div>\n\t\t\t\t<div class=\"elementor-element elementor-element-603d95c0 elementor-widget elementor-widget-text-editor\" data-id=\"603d95c0\" data-element_type=\"widget\" data-e-type=\"widget\" data-widget_type=\"text-editor.default\">\n\t\t\t\t<div class=\"elementor-widget-container\">\n\t\t\t\t\t\t\t\t\t<p>Die Wohnung ist ab 14:00 Uhr am Ankunftstag verf\u00fcgbar und muss bis 9:30 Uhr am Abreisetag ger\u00e4umt werden.<\/p>\t\t\t\t\t\t\t\t<\/div>\n\t\t\t\t<\/div>\n\t\t\t\t<div class=\"elementor-element elementor-element-4340ef66 elementor-widget elementor-widget-text-editor\" data-id=\"4340ef66\" data-element_type=\"widget\" data-e-type=\"widget\" data-widget_type=\"text-editor.default\">\n\t\t\t\t<div class=\"elementor-widget-container\">\n\t\t\t\t\t\t\t\t\t<p>Bei versp\u00e4teter Ankunft oder vorzeitiger Abreise wird der Aufenthalt gem\u00e4\u00df der bereits vorgenommenen Buchung berechnet.<\/p>\t\t\t\t\t\t\t\t<\/div>\n\t\t\t\t<\/div>\n\t\t\t\t<\/div>\n\t\t<div class=\"elementor-element elementor-element-47a69112 e-con-full e-flex e-con e-child\" data-id=\"47a69112\" data-element_type=\"container\" data-e-type=\"container\">\n\t\t<div class=\"elementor-element elementor-element-8ee8bca e-grid e-con-full e-con e-child\" data-id=\"8ee8bca\" data-element_type=\"container\" data-e-type=\"container\">\n\t\t<div class=\"elementor-element elementor-element-c33f13d e-grid e-con-full e-con e-child\" data-id=\"c33f13d\" data-element_type=\"container\" data-e-type=\"container\">\n\t\t\t\t<div class=\"elementor-element elementor-element-5eab7880 elementor-widget elementor-widget-carsten_core_button\" data-id=\"5eab7880\" data-element_type=\"widget\" data-e-type=\"widget\" data-widget_type=\"carsten_core_button.default\">\n\t\t\t\t<div class=\"elementor-widget-container\">\n\t\t\t\t\t<a class=\"qodef-shortcode qodef-m  qodef-button qodef-layout--filled  qodef-html--link\" href=\"\/de\/kontakt\/\" target=\"_blank\" style=\"--qode-button-color: #1D285C;--qode-button-hover-color: #9B9B9B;--qode-button-bg-color: #FFFFFF\">\n\t<span class=\"qodef-m-text\">Info<\/span>\n<\/a>\n\t\t\t\t<\/div>\n\t\t\t\t<\/div>\n\t\t\t\t<\/div>\n\t\t\t\t<div class=\"elementor-element elementor-element-28fb0154 elementor-widget__width-initial elementor-widget-tablet__width-inherit elementor-widget elementor-widget-carsten_core_section_title\" data-id=\"28fb0154\" data-element_type=\"widget\" data-e-type=\"widget\" data-widget_type=\"carsten_core_section_title.default\">\n\t\t\t\t<div class=\"elementor-widget-container\">\n\t\t\t\t\t<div class=\"qodef-shortcode qodef-m  qodef-section-title qodef-alignment--center \">\n\t\t<h5 class=\"qodef-m-title\" style=\"color: #FFFFFF\">\n\t\t\t\t\t<a itemprop=\"url\" href=\"tel:+39056596418\" target=\"_self\">\n\t\t\t\t\tF\u00fcr Informationen und Reservierungen<br \/>+39.0565.964188\t\t\t\t\t<\/a>\n\t\t\t<\/h5>\n\t\t<\/div>\n\t\t\t\t<\/div>\n\t\t\t\t<\/div>\n\t\t\t\t<\/div>\n\t\t\t\t<\/div>\n\t\t\t\t<\/div>\n\t\t\t\t<\/div>\n\t\t\t\t<\/div>\n\t\t\t\t<\/div>\n\t\t\t\t\t\t<\/div>\n\t\t\t\t<\/div>\n\t\t\t\t<\/div>\n\t\t\t\t<\/div>\n\t\t","protected":false},"excerpt":{"rendered":"<p>Wohnung n. 09 &#8211; Zuccale 4 Betten Ideal f\u00fcr eine Familie oder eine Gruppe von Freunden Erster Stock 1 Schlafzimmer mit Doppelbett 1 camera con due letti singoli K\u00fcche Geschirrsp\u00fcler Badezimmer mit Dusche und warmem Wasser Gemeinschaftsgazebo mit Grillm\u00f6glichkeit Parkplatz 200 Meter vom Meer<\/p>\n","protected":false},"author":1,"featured_media":0,"parent":14863,"menu_order":0,"comment_status":"closed","ping_status":"closed","template":"page-full-width.php","meta":{"footnotes":""},"class_list":["post-15012","page","type-page","status-publish","hentry"],"_links":{"self":[{"href":"https:\/\/www.vsmaria.it\/de\/wp-json\/wp\/v2\/pages\/15012","targetHints":{"allow":["GET"]}}],"collection":[{"href":"https:\/\/www.vsmaria.it\/de\/wp-json\/wp\/v2\/pages"}],"about":[{"href":"https:\/\/www.vsmaria.it\/de\/wp-json\/wp\/v2\/types\/page"}],"author":[{"embeddable":true,"href":"https:\/\/www.vsmaria.it\/de\/wp-json\/wp\/v2\/users\/1"}],"replies":[{"embeddable":true,"href":"https:\/\/www.vsmaria.it\/de\/wp-json\/wp\/v2\/comments?post=15012"}],"version-history":[{"count":5,"href":"https:\/\/www.vsmaria.it\/de\/wp-json\/wp\/v2\/pages\/15012\/revisions"}],"predecessor-version":[{"id":15489,"href":"https:\/\/www.vsmaria.it\/de\/wp-json\/wp\/v2\/pages\/15012\/revisions\/15489"}],"up":[{"embeddable":true,"href":"https:\/\/www.vsmaria.it\/de\/wp-json\/wp\/v2\/pages\/14863"}],"wp:attachment":[{"href":"https:\/\/www.vsmaria.it\/de\/wp-json\/wp\/v2\/media?parent=15012"}],"curies":[{"name":"wp","href":"https:\/\/api.w.org\/{rel}","templated":true}]}}